{"id":14924,"date":"2025-08-07T11:51:38","date_gmt":"2025-08-07T08:51:38","guid":{"rendered":"https:\/\/saxsim.ee\/swp\/?post_type=product&#038;p=14924"},"modified":"2025-08-07T12:07:02","modified_gmt":"2025-08-07T09:07:02","slug":"heo-helsinki-detox-shampoo-300-ml-sugavpuhastav-sampoon","status":"publish","type":"product","link":"https:\/\/saxsim.ee\/swp\/product\/heo-helsinki-detox-shampoo-300-ml-sugavpuhastav-sampoon\/","title":{"rendered":"He\u00f6 Helsinki Detox Shampoo 300 ml. &#8211; s\u00fcgavpuhastav \u0161ampoon"},"content":{"rendered":"<p>He\u00f6 Helsinki Detox Shampoo on t\u00f5husalt s\u00fcgavpuhastav \u0161ampoon juustele ja peanahale. Eemaldab juustest ebapuhtused ja soenguvahendite j\u00e4\u00e4gid. Sobib ideaalselt mineraalirikka veega pestud juustele. Niisutab ka juukseid, muutes need kergesti k\u00e4sitletavateks. Ei kuivata juukseid.<\/p>\n<p><strong><u>Kasutamine<\/u>:<\/strong> Kandke \u0161ampoon niisketele juustele, ajage vahule, laske m\u00f5juda 1-5 minutit ja loputage hoolikalt.<\/p>\n","protected":false},"excerpt":{"rendered":"<p>He\u00f6 Helsinki Detox Shampoo on t\u00f5husalt s\u00fcgavpuhastav \u0161ampoon juustele ja peanahale. Eemaldab juustest ebapuhtused ja soenguvahendite j\u00e4\u00e4gid. Sobib ideaalselt mineraalirikka veega pestud juustele. Niisutab ka juukseid, muutes need kergesti k\u00e4sitletavateks. Ei kuivata juukseid. Kasutamine: Kandke \u0161ampoon niisketele juustele, ajage vahule, laske m\u00f5juda 1-5 minutit ja loputage hoolikalt.<\/p>\n","protected":false},"featured_media":14925,"comment_status":"closed","ping_status":"closed","template":"","meta":[],"product_cat":[792,865,395,659],"product_tag":[],"class_list":{"0":"post-14924","1":"product","2":"type-product","3":"status-publish","4":"has-post-thumbnail","6":"product_cat-uued-tooted","7":"product_cat-heo-helsinki","8":"product_cat-juuksed","9":"product_cat-sampoonid","11":"first","12":"instock","13":"taxable","14":"shipping-taxable","15":"purchasable","16":"product-type-simple"},"_links":{"self":[{"href":"https:\/\/saxsim.ee\/swp\/wp-json\/wp\/v2\/product\/14924"}],"collection":[{"href":"https:\/\/saxsim.ee\/swp\/wp-json\/wp\/v2\/product"}],"about":[{"href":"https:\/\/saxsim.ee\/swp\/wp-json\/wp\/v2\/types\/product"}],"replies":[{"embeddable":true,"href":"https:\/\/saxsim.ee\/swp\/wp-json\/wp\/v2\/comments?post=14924"}],"wp:featuredmedia":[{"embeddable":true,"href":"https:\/\/saxsim.ee\/swp\/wp-json\/wp\/v2\/media\/14925"}],"wp:attachment":[{"href":"https:\/\/saxsim.ee\/swp\/wp-json\/wp\/v2\/media?parent=14924"}],"wp:term":[{"taxonomy":"product_cat","embeddable":true,"href":"https:\/\/saxsim.ee\/swp\/wp-json\/wp\/v2\/product_cat?post=14924"},{"taxonomy":"product_tag","embeddable":true,"href":"https:\/\/saxsim.ee\/swp\/wp-json\/wp\/v2\/product_tag?post=14924"}],"curies":[{"name":"wp","href":"https:\/\/api.w.org\/{rel}","templated":true}]}}