{"id":14921,"date":"2025-08-07T11:30:40","date_gmt":"2025-08-07T08:30:40","guid":{"rendered":"https:\/\/saxsim.ee\/swp\/?post_type=product&#038;p=14921"},"modified":"2025-08-07T11:49:02","modified_gmt":"2025-08-07T08:49:02","slug":"heo-helsinki-salt-spray-250-ml-soolasprei","status":"publish","type":"product","link":"https:\/\/saxsim.ee\/swp\/product\/heo-helsinki-salt-spray-250-ml-soolasprei\/","title":{"rendered":"He\u00f6 Helsinki Salt Spray 250 ml. &#8211; soolasprei"},"content":{"rendered":"<p>He\u00f6 Helsinki Salt Spray on soolasprei, mis annab juustele vol\u00fc\u00fcmi, mati toe ja kauap\u00fcsiva tekstuuri soengu tegemiseks. Niisutav ks\u00fclitool ja sorbitool kaitsevad juukseid kuivuse eest. Sisaldab UV-kaitset.<\/p>\n<p><strong><u>Kasutamine<\/u>:<\/strong> Pihusta niisketele v\u00f5i kuivadele juustele.<\/p>\n","protected":false},"excerpt":{"rendered":"<p>He\u00f6 Helsinki Salt Spray on soolasprei, mis annab juustele vol\u00fc\u00fcmi, mati toe ja kauap\u00fcsiva tekstuuri soengu tegemiseks. Niisutav ks\u00fclitool ja sorbitool kaitsevad juukseid kuivuse eest. Sisaldab UV-kaitset. Kasutamine: Pihusta niisketele v\u00f5i kuivadele juustele.<\/p>\n","protected":false},"featured_media":14922,"comment_status":"closed","ping_status":"closed","template":"","meta":[],"product_cat":[792,865,395,690],"product_tag":[],"class_list":{"0":"post-14921","1":"product","2":"type-product","3":"status-publish","4":"has-post-thumbnail","6":"product_cat-uued-tooted","7":"product_cat-heo-helsinki","8":"product_cat-juuksed","9":"product_cat-soolaspreid","11":"first","12":"instock","13":"taxable","14":"shipping-taxable","15":"purchasable","16":"product-type-simple"},"_links":{"self":[{"href":"https:\/\/saxsim.ee\/swp\/wp-json\/wp\/v2\/product\/14921"}],"collection":[{"href":"https:\/\/saxsim.ee\/swp\/wp-json\/wp\/v2\/product"}],"about":[{"href":"https:\/\/saxsim.ee\/swp\/wp-json\/wp\/v2\/types\/product"}],"replies":[{"embeddable":true,"href":"https:\/\/saxsim.ee\/swp\/wp-json\/wp\/v2\/comments?post=14921"}],"wp:featuredmedia":[{"embeddable":true,"href":"https:\/\/saxsim.ee\/swp\/wp-json\/wp\/v2\/media\/14922"}],"wp:attachment":[{"href":"https:\/\/saxsim.ee\/swp\/wp-json\/wp\/v2\/media?parent=14921"}],"wp:term":[{"taxonomy":"product_cat","embeddable":true,"href":"https:\/\/saxsim.ee\/swp\/wp-json\/wp\/v2\/product_cat?post=14921"},{"taxonomy":"product_tag","embeddable":true,"href":"https:\/\/saxsim.ee\/swp\/wp-json\/wp\/v2\/product_tag?post=14921"}],"curies":[{"name":"wp","href":"https:\/\/api.w.org\/{rel}","templated":true}]}}