{"id":1492,"date":"2017-03-17T13:04:51","date_gmt":"2017-03-17T11:04:51","guid":{"rendered":"https:\/\/www.saxsim.ee\/swp\/toode\/argan-care-vitalizing-treatment-200-ml\/"},"modified":"2019-09-04T09:29:50","modified_gmt":"2019-09-04T06:29:50","slug":"argan-care-vitalizing-treatment-200-ml","status":"publish","type":"product","link":"https:\/\/saxsim.ee\/swp\/product\/argan-care-vitalizing-treatment-200-ml\/","title":{"rendered":"Argan Care Vitalizing Treatment 200 ml &#8211; juuksemask normaalsetele, \u00f5hukestele ja v\u00e4rvitud juustele"},"content":{"rendered":"<p>Argaan- ja Chia seemne\u00f5li sisaldav taastav juuksemask normaalsetele, \u00f5hukestele ja v\u00e4rvitud juustele. Mask sisaldab rohkelt t\u00f5husaid antioks\u00fcdante, mis ravivad , tugevdavad, teevad juuksed kammitavateks, annavad uut eluj\u00f5udu ja kauni l\u00e4ike.<\/p>\n<p>Arga Care tooted on dermatoloogiliselt testitud.<\/p>\n<p><strong>Kasutamine:<\/strong> kanna niisketesse juustesse. Lase intensiivsetel hooldusainetel m\u00f5juda 5-15 min. ja loputa hoolikalt.<\/p>\n<p>pH: 3,8<\/p>\n<p>&nbsp;<\/p>\n<p>&nbsp;<\/p>\n","protected":false},"excerpt":{"rendered":"<p>Argaan- ja Chia seemne\u00f5li sisaldav taastav juuksemask normaalsetele, \u00f5hukestele ja v\u00e4rvitud juustele. Mask sisaldab rohkelt t\u00f5husaid antioks\u00fcdante, mis ravivad , tugevdavad, teevad juuksed kammitavateks, annavad uut eluj\u00f5udu ja kauni l\u00e4ike. Arga Care tooted on dermatoloogiliselt testitud. Kasutamine: kanna niisketesse juustesse. Lase intensiivsetel hooldusainetel m\u00f5juda 5-15 min. ja loputa hoolikalt. pH: 3,8 &nbsp; &nbsp;<\/p>\n","protected":false},"featured_media":1494,"comment_status":"closed","ping_status":"closed","template":"","meta":[],"product_cat":[107,251,632,727,395,662],"product_tag":[],"class_list":{"0":"post-1492","1":"product","2":"type-product","3":"status-publish","4":"has-post-thumbnail","6":"product_cat-pakkumised","7":"product_cat-lopumuuk","8":"product_cat-argan-care-lopumuuk","9":"product_cat-argan-care","10":"product_cat-juuksed","11":"product_cat-juuksemaskid-ja-taastavad-vahendid","13":"first","14":"instock","15":"sale","16":"taxable","17":"shipping-taxable","18":"purchasable","19":"product-type-simple"},"_links":{"self":[{"href":"https:\/\/saxsim.ee\/swp\/wp-json\/wp\/v2\/product\/1492"}],"collection":[{"href":"https:\/\/saxsim.ee\/swp\/wp-json\/wp\/v2\/product"}],"about":[{"href":"https:\/\/saxsim.ee\/swp\/wp-json\/wp\/v2\/types\/product"}],"replies":[{"embeddable":true,"href":"https:\/\/saxsim.ee\/swp\/wp-json\/wp\/v2\/comments?post=1492"}],"wp:featuredmedia":[{"embeddable":true,"href":"https:\/\/saxsim.ee\/swp\/wp-json\/wp\/v2\/media\/1494"}],"wp:attachment":[{"href":"https:\/\/saxsim.ee\/swp\/wp-json\/wp\/v2\/media?parent=1492"}],"wp:term":[{"taxonomy":"product_cat","embeddable":true,"href":"https:\/\/saxsim.ee\/swp\/wp-json\/wp\/v2\/product_cat?post=1492"},{"taxonomy":"product_tag","embeddable":true,"href":"https:\/\/saxsim.ee\/swp\/wp-json\/wp\/v2\/product_tag?post=1492"}],"curies":[{"name":"wp","href":"https:\/\/api.w.org\/{rel}","templated":true}]}}