{"id":14918,"date":"2025-08-07T10:51:39","date_gmt":"2025-08-07T07:51:39","guid":{"rendered":"https:\/\/saxsim.ee\/swp\/?post_type=product&#038;p=14918"},"modified":"2025-08-07T11:27:42","modified_gmt":"2025-08-07T08:27:42","slug":"heo-helsinki-hydra-mist-250-ml-niisutav-hooldussprei-toodeldud-juustele","status":"publish","type":"product","link":"https:\/\/saxsim.ee\/swp\/product\/heo-helsinki-hydra-mist-250-ml-niisutav-hooldussprei-toodeldud-juustele\/","title":{"rendered":"He\u00f6 Helsinki Hydra Mist 250 ml. &#8211; niisutav hooldussprei t\u00f6\u00f6deldud juustele"},"content":{"rendered":"<p>He\u00f6 Helsinki Hydra Mist on t\u00f5husalt niisutav hooldussprei t\u00f6\u00f6deldud juustele. Kaitseb juukseid v\u00e4rvi tuhmumise eest, muudab juuksed kergemini k\u00e4sitletavateks ja kammitavateks ning v\u00e4hendab kahu. V\u00e4hendab juustes staatilist elektrit. Sisaldab v\u00e4rvi- ja UV-kaitset.<\/p>\n<p><strong><u>Kasutamine<\/u>:<\/strong> Pihusta kuivadele v\u00f5i r\u00e4tikuga kuivatatud juustele. \u00c4ra loputa.<\/p>\n","protected":false},"excerpt":{"rendered":"<p>He\u00f6 Helsinki Hydra Mist on t\u00f5husalt niisutav hooldussprei t\u00f6\u00f6deldud juustele. Kaitseb juukseid v\u00e4rvi tuhmumise eest, muudab juuksed kergemini k\u00e4sitletavateks ja kammitavateks ning v\u00e4hendab kahu. V\u00e4hendab juustes staatilist elektrit. Sisaldab v\u00e4rvi- ja UV-kaitset. Kasutamine: Pihusta kuivadele v\u00f5i r\u00e4tikuga kuivatatud juustele. \u00c4ra loputa.<\/p>\n","protected":false},"featured_media":14919,"comment_status":"closed","ping_status":"closed","template":"","meta":[],"product_cat":[792,865,395,661],"product_tag":[],"class_list":{"0":"post-14918","1":"product","2":"type-product","3":"status-publish","4":"has-post-thumbnail","6":"product_cat-uued-tooted","7":"product_cat-heo-helsinki","8":"product_cat-juuksed","9":"product_cat-pahejaetavad-hooldusained","11":"first","12":"instock","13":"taxable","14":"shipping-taxable","15":"purchasable","16":"product-type-simple"},"_links":{"self":[{"href":"https:\/\/saxsim.ee\/swp\/wp-json\/wp\/v2\/product\/14918"}],"collection":[{"href":"https:\/\/saxsim.ee\/swp\/wp-json\/wp\/v2\/product"}],"about":[{"href":"https:\/\/saxsim.ee\/swp\/wp-json\/wp\/v2\/types\/product"}],"replies":[{"embeddable":true,"href":"https:\/\/saxsim.ee\/swp\/wp-json\/wp\/v2\/comments?post=14918"}],"wp:featuredmedia":[{"embeddable":true,"href":"https:\/\/saxsim.ee\/swp\/wp-json\/wp\/v2\/media\/14919"}],"wp:attachment":[{"href":"https:\/\/saxsim.ee\/swp\/wp-json\/wp\/v2\/media?parent=14918"}],"wp:term":[{"taxonomy":"product_cat","embeddable":true,"href":"https:\/\/saxsim.ee\/swp\/wp-json\/wp\/v2\/product_cat?post=14918"},{"taxonomy":"product_tag","embeddable":true,"href":"https:\/\/saxsim.ee\/swp\/wp-json\/wp\/v2\/product_tag?post=14918"}],"curies":[{"name":"wp","href":"https:\/\/api.w.org\/{rel}","templated":true}]}}