{"id":14916,"date":"2025-08-07T10:33:21","date_gmt":"2025-08-07T07:33:21","guid":{"rendered":"https:\/\/saxsim.ee\/swp\/?post_type=product&#038;p=14916"},"modified":"2025-08-07T10:49:09","modified_gmt":"2025-08-07T07:49:09","slug":"heo-helsinki-hydra-conditioner-300-ml-niisutav-palsam-toodeldud-juustele","status":"publish","type":"product","link":"https:\/\/saxsim.ee\/swp\/product\/heo-helsinki-hydra-conditioner-300-ml-niisutav-palsam-toodeldud-juustele\/","title":{"rendered":"He\u00f6 Helsinki Hydra Conditioner 300 ml. &#8211; niisutav palsam t\u00f6\u00f6deldud juustele"},"content":{"rendered":"<p>He\u00f6 Helsinki Hydra Conditioner on niisutav palsam t\u00f6\u00f6deldud juustele. Muudab juuksed l\u00e4ikivateks, kaitstes samal ajal v\u00e4rvi tuhmumise eest. V\u00e4hendab staatilist elektrit ja parandab juuste kammitavust. Sisaldab v\u00e4rvi- ja UV-kaitset.<\/p>\n<p><strong><u>Kasutamine<\/u>:<\/strong> Kandke palsam r\u00e4tikuga kuivatatud juustesse, masseerige kergelt, laske m\u00f5juda 2-5 minutit ja loputage hoolikalt.<\/p>\n","protected":false},"excerpt":{"rendered":"<p>He\u00f6 Helsinki Hydra Conditioner on niisutav palsam t\u00f6\u00f6deldud juustele. Muudab juuksed l\u00e4ikivateks, kaitstes samal ajal v\u00e4rvi tuhmumise eest. V\u00e4hendab staatilist elektrit ja parandab juuste kammitavust. Sisaldab v\u00e4rvi- ja UV-kaitset. Kasutamine: Kandke palsam r\u00e4tikuga kuivatatud juustesse, masseerige kergelt, laske m\u00f5juda 2-5 minutit ja loputage hoolikalt.<\/p>\n","protected":false},"featured_media":14917,"comment_status":"closed","ping_status":"closed","template":"","meta":[],"product_cat":[792,865,395,660],"product_tag":[],"class_list":{"0":"post-14916","1":"product","2":"type-product","3":"status-publish","4":"has-post-thumbnail","6":"product_cat-uued-tooted","7":"product_cat-heo-helsinki","8":"product_cat-juuksed","9":"product_cat-palsamid","11":"first","12":"instock","13":"taxable","14":"shipping-taxable","15":"purchasable","16":"product-type-simple"},"_links":{"self":[{"href":"https:\/\/saxsim.ee\/swp\/wp-json\/wp\/v2\/product\/14916"}],"collection":[{"href":"https:\/\/saxsim.ee\/swp\/wp-json\/wp\/v2\/product"}],"about":[{"href":"https:\/\/saxsim.ee\/swp\/wp-json\/wp\/v2\/types\/product"}],"replies":[{"embeddable":true,"href":"https:\/\/saxsim.ee\/swp\/wp-json\/wp\/v2\/comments?post=14916"}],"wp:featuredmedia":[{"embeddable":true,"href":"https:\/\/saxsim.ee\/swp\/wp-json\/wp\/v2\/media\/14917"}],"wp:attachment":[{"href":"https:\/\/saxsim.ee\/swp\/wp-json\/wp\/v2\/media?parent=14916"}],"wp:term":[{"taxonomy":"product_cat","embeddable":true,"href":"https:\/\/saxsim.ee\/swp\/wp-json\/wp\/v2\/product_cat?post=14916"},{"taxonomy":"product_tag","embeddable":true,"href":"https:\/\/saxsim.ee\/swp\/wp-json\/wp\/v2\/product_tag?post=14916"}],"curies":[{"name":"wp","href":"https:\/\/api.w.org\/{rel}","templated":true}]}}