{"id":14914,"date":"2025-08-07T10:01:51","date_gmt":"2025-08-07T07:01:51","guid":{"rendered":"https:\/\/saxsim.ee\/swp\/?post_type=product&#038;p=14914"},"modified":"2025-08-07T10:50:09","modified_gmt":"2025-08-07T07:50:09","slug":"heo-helsinki-hydra-shampoo-300-ml-niisutav-sampoon-toodeldud-juustele","status":"publish","type":"product","link":"https:\/\/saxsim.ee\/swp\/product\/heo-helsinki-hydra-shampoo-300-ml-niisutav-sampoon-toodeldud-juustele\/","title":{"rendered":"He\u00f6 Helsinki Hydra Shampoo 300 ml. &#8211; niisutav \u0161ampoon t\u00f6\u00f6deldud juustele"},"content":{"rendered":"<p>He\u00f6 Helsinki Hydra Shampoo on niisutav, sulfaadivaba \u0161ampoon t\u00f6\u00f6deldud juustele, mis kaitseb t\u00f5husalt juuksev\u00e4rvi tuhmumise eest. Muudab juuksed l\u00e4ikivateks, hooldades ja niisutades samal ajal peanahka. V\u00e4hendab staatilist elektrit ja parandab juuste kammitavust. Sisaldab v\u00e4rvi- ja UV-kaitset.<\/p>\n<p><strong><u>Kasutamine<\/u>:<\/strong> Kandke \u0161ampoon niisketele juustele, masseerige kergelt, laske m\u00f5juda 1-5 minutit ja loputage hoolikalt.<\/p>\n","protected":false},"excerpt":{"rendered":"<p>He\u00f6 Helsinki Hydra Shampoo on niisutav, sulfaadivaba \u0161ampoon t\u00f6\u00f6deldud juustele, mis kaitseb t\u00f5husalt juuksev\u00e4rvi tuhmumise eest. Muudab juuksed l\u00e4ikivateks, hooldades ja niisutades samal ajal peanahka. V\u00e4hendab staatilist elektrit ja parandab juuste kammitavust. Sisaldab v\u00e4rvi- ja UV-kaitset. Kasutamine: Kandke \u0161ampoon niisketele juustele, masseerige kergelt, laske m\u00f5juda 1-5 minutit ja loputage hoolikalt.<\/p>\n","protected":false},"featured_media":14915,"comment_status":"closed","ping_status":"closed","template":"","meta":[],"product_cat":[792,865,395,659],"product_tag":[],"class_list":{"0":"post-14914","1":"product","2":"type-product","3":"status-publish","4":"has-post-thumbnail","6":"product_cat-uued-tooted","7":"product_cat-heo-helsinki","8":"product_cat-juuksed","9":"product_cat-sampoonid","11":"first","12":"instock","13":"taxable","14":"shipping-taxable","15":"purchasable","16":"product-type-simple"},"_links":{"self":[{"href":"https:\/\/saxsim.ee\/swp\/wp-json\/wp\/v2\/product\/14914"}],"collection":[{"href":"https:\/\/saxsim.ee\/swp\/wp-json\/wp\/v2\/product"}],"about":[{"href":"https:\/\/saxsim.ee\/swp\/wp-json\/wp\/v2\/types\/product"}],"replies":[{"embeddable":true,"href":"https:\/\/saxsim.ee\/swp\/wp-json\/wp\/v2\/comments?post=14914"}],"wp:featuredmedia":[{"embeddable":true,"href":"https:\/\/saxsim.ee\/swp\/wp-json\/wp\/v2\/media\/14915"}],"wp:attachment":[{"href":"https:\/\/saxsim.ee\/swp\/wp-json\/wp\/v2\/media?parent=14914"}],"wp:term":[{"taxonomy":"product_cat","embeddable":true,"href":"https:\/\/saxsim.ee\/swp\/wp-json\/wp\/v2\/product_cat?post=14914"},{"taxonomy":"product_tag","embeddable":true,"href":"https:\/\/saxsim.ee\/swp\/wp-json\/wp\/v2\/product_tag?post=14914"}],"curies":[{"name":"wp","href":"https:\/\/api.w.org\/{rel}","templated":true}]}}