{"id":14877,"date":"2025-07-31T10:22:02","date_gmt":"2025-07-31T07:22:02","guid":{"rendered":"https:\/\/saxsim.ee\/swp\/?post_type=product&#038;p=14877"},"modified":"2025-07-31T10:30:50","modified_gmt":"2025-07-31T07:30:50","slug":"all1clean-color-remover-wipes-puhastuslapid","status":"publish","type":"product","link":"https:\/\/saxsim.ee\/swp\/product\/all1clean-color-remover-wipes-puhastuslapid\/","title":{"rendered":"All1Clean Color Remover Wipes &#8211; puhastuslapid"},"content":{"rendered":"<p>Eemaldab t\u00f5husalt isegi k\u00f5ige tumedamad juuksev\u00e4rvi plekid nahalt, ilma tugeva h\u00f5\u00f5rumiseta.<\/p>\n<p>&#8211; Veep\u00f5hine<br \/>\n&#8211; Ammoniaagivaba<br \/>\n&#8211; Vegan<br \/>\n&#8211; Pakendis: 100 tk. kergelt l\u00f5hnastatud salvr\u00e4tikut<br \/>\n&#8211; Salvr\u00e4tiku suurus: 14&#215;9 cm.<\/p>\n","protected":false},"excerpt":{"rendered":"<p>Eemaldab t\u00f5husalt isegi k\u00f5ige tumedamad juuksev\u00e4rvi plekid nahalt, ilma tugeva h\u00f5\u00f5rumiseta. &#8211; Veep\u00f5hine &#8211; Ammoniaagivaba &#8211; Vegan &#8211; Pakendis: 100 tk. kergelt l\u00f5hnastatud salvr\u00e4tikut &#8211; Salvr\u00e4tiku suurus: 14&#215;9 cm.<\/p>\n","protected":false},"featured_media":14878,"comment_status":"closed","ping_status":"closed","template":"","meta":[],"product_cat":[577,600,583,401,599,291],"product_tag":[],"class_list":{"0":"post-14877","1":"product","2":"type-product","3":"status-publish","4":"has-post-thumbnail","6":"product_cat-iluteenindaja-tarvikud","7":"product_cat-puhastus-ja-desinfektsioonivahendid-iluteenindaja-tarvikud","8":"product_cat-uhekordsed-tooted-iluteenindaja-tarvikud","9":"product_cat-juuksuri-tarvikud","10":"product_cat-puhastus-ja-desinfektsioonivahendid","11":"product_cat-uhekordsed-tooted","13":"first","14":"instock","15":"taxable","16":"shipping-taxable","17":"purchasable","18":"product-type-simple"},"_links":{"self":[{"href":"https:\/\/saxsim.ee\/swp\/wp-json\/wp\/v2\/product\/14877"}],"collection":[{"href":"https:\/\/saxsim.ee\/swp\/wp-json\/wp\/v2\/product"}],"about":[{"href":"https:\/\/saxsim.ee\/swp\/wp-json\/wp\/v2\/types\/product"}],"replies":[{"embeddable":true,"href":"https:\/\/saxsim.ee\/swp\/wp-json\/wp\/v2\/comments?post=14877"}],"wp:featuredmedia":[{"embeddable":true,"href":"https:\/\/saxsim.ee\/swp\/wp-json\/wp\/v2\/media\/14878"}],"wp:attachment":[{"href":"https:\/\/saxsim.ee\/swp\/wp-json\/wp\/v2\/media?parent=14877"}],"wp:term":[{"taxonomy":"product_cat","embeddable":true,"href":"https:\/\/saxsim.ee\/swp\/wp-json\/wp\/v2\/product_cat?post=14877"},{"taxonomy":"product_tag","embeddable":true,"href":"https:\/\/saxsim.ee\/swp\/wp-json\/wp\/v2\/product_tag?post=14877"}],"curies":[{"name":"wp","href":"https:\/\/api.w.org\/{rel}","templated":true}]}}