{"id":14852,"date":"2025-07-19T09:34:25","date_gmt":"2025-07-19T06:34:25","guid":{"rendered":"https:\/\/saxsim.ee\/swp\/?post_type=product&#038;p=14852"},"modified":"2025-07-24T11:10:08","modified_gmt":"2025-07-24T08:10:08","slug":"ds-color-shield-pre-wash-200-ml-juukseid-kaitsev-eelpesuvahend","status":"publish","type":"product","link":"https:\/\/saxsim.ee\/swp\/product\/ds-color-shield-pre-wash-200-ml-juukseid-kaitsev-eelpesuvahend\/","title":{"rendered":"DS Color Shield Pre Wash 200 ml. \u2013 juukseid kaitsev eelpesuvahend"},"content":{"rendered":"<p>L\u00f5hnastamata,\u00a0 juukseid kaitsev eelpesuvahend Pre Wash.<\/p>\n<p>DS Color Shield Pre Wash moodustab juuste pinnale h\u00fcdrofoobse kaitsekile, mis pakub t\u00f5husat v\u00e4rvikaitset ja hoiab \u00e4ra t\u00e4navatolmu, \u00f5ietolmu ja \u00f5husaaste kleepumise juuste pinnale. Toote efekt paraneb j\u00e4rgmise viie \u0161ampoonipesu korraga, seega ei pea toodet iga kord kasutama, vaid ainult iga kuuendal pesukorral.<\/p>\n<p>&#8211; annab t\u00f5husa v\u00e4rvikaitse juustele<br \/>\n&#8211; teeb juuksed siidiselt pehmeteks ja lisab l\u00e4iget<br \/>\n&#8211; parandab juuste kammitavust<br \/>\n&#8211; hoiab \u00e4ra t\u00e4navatolmu, \u00f5ietolmu ja \u00f5husaaste kleepumise juuste pinnale<br \/>\n&#8211; ei m\u00f5juta tehnilisi protseduure ega soenguvahendite kasutamist<br \/>\n&#8211; dermatoloogiliselt testitud tundlikul nahal<br \/>\n&#8211; sisaldab UV-kaitset<br \/>\n&#8211; vegan<\/p>\n<p><strong><u>Kasutamine:<\/u><\/strong> Kanna juustele enne \u0161ampooniga pesemist. Jaota \u00fchtlaselt niisketele juustele, lase 2-5 minutit m\u00f5juda, seej\u00e4rel loputa ja pese juuksed \u0161ampooniga. Peale \u0161ampoonipesu ei pea palsamit kasutama.<\/p>\n<p>pH: 3,8<\/p>\n","protected":false},"excerpt":{"rendered":"<p>L\u00f5hnastamata,\u00a0 juukseid kaitsev eelpesuvahend Pre Wash. DS Color Shield Pre Wash moodustab juuste pinnale h\u00fcdrofoobse kaitsekile, mis pakub t\u00f5husat v\u00e4rvikaitset ja hoiab \u00e4ra t\u00e4navatolmu, \u00f5ietolmu ja \u00f5husaaste kleepumise juuste pinnale. Toote efekt paraneb j\u00e4rgmise viie \u0161ampoonipesu korraga, seega ei pea toodet iga kord kasutama, vaid ainult iga kuuendal pesukorral. &#8211; annab t\u00f5husa v\u00e4rvikaitse juustele &#8211; [&hellip;]<\/p>\n","protected":false},"featured_media":14865,"comment_status":"closed","ping_status":"closed","template":"","meta":[],"product_cat":[792,728,395,659],"product_tag":[],"class_list":{"0":"post-14852","1":"product","2":"type-product","3":"status-publish","4":"has-post-thumbnail","6":"product_cat-uued-tooted","7":"product_cat-ds","8":"product_cat-juuksed","9":"product_cat-sampoonid","11":"first","12":"instock","13":"taxable","14":"shipping-taxable","15":"purchasable","16":"product-type-simple"},"_links":{"self":[{"href":"https:\/\/saxsim.ee\/swp\/wp-json\/wp\/v2\/product\/14852"}],"collection":[{"href":"https:\/\/saxsim.ee\/swp\/wp-json\/wp\/v2\/product"}],"about":[{"href":"https:\/\/saxsim.ee\/swp\/wp-json\/wp\/v2\/types\/product"}],"replies":[{"embeddable":true,"href":"https:\/\/saxsim.ee\/swp\/wp-json\/wp\/v2\/comments?post=14852"}],"wp:featuredmedia":[{"embeddable":true,"href":"https:\/\/saxsim.ee\/swp\/wp-json\/wp\/v2\/media\/14865"}],"wp:attachment":[{"href":"https:\/\/saxsim.ee\/swp\/wp-json\/wp\/v2\/media?parent=14852"}],"wp:term":[{"taxonomy":"product_cat","embeddable":true,"href":"https:\/\/saxsim.ee\/swp\/wp-json\/wp\/v2\/product_cat?post=14852"},{"taxonomy":"product_tag","embeddable":true,"href":"https:\/\/saxsim.ee\/swp\/wp-json\/wp\/v2\/product_tag?post=14852"}],"curies":[{"name":"wp","href":"https:\/\/api.w.org\/{rel}","templated":true}]}}