{"id":14845,"date":"2025-07-16T12:41:59","date_gmt":"2025-07-16T09:41:59","guid":{"rendered":"https:\/\/saxsim.ee\/swp\/?post_type=product&#038;p=14845"},"modified":"2025-07-17T09:26:41","modified_gmt":"2025-07-17T06:26:41","slug":"trolley-hair-extension-juuksepikenduste-abilaud","status":"publish","type":"product","link":"https:\/\/saxsim.ee\/swp\/product\/trolley-hair-extension-juuksepikenduste-abilaud\/","title":{"rendered":"Trolley Hair-Extension &#8211; juuksepikenduste abilaud"},"content":{"rendered":"<p><span class=\"HwtZe\" lang=\"et\"><span class=\"jCAhz ChMk0b\"><span class=\"ryNqvb\"> Topeltalused t\u00e4iendava hoiuruumi jaoks, servadel hambad (ideaalsed pikenduste riputamiseks).<\/span><\/span><\/span><\/p>\n<p><strong>Kirjeldus:<\/strong><br \/>\n&#8211; 1 f\u00f6\u00f6nihoidik<br \/>\n&#8211; 3 kuumade t\u00f6\u00f6riistade hoidikut<br \/>\n&#8211; 2 magnetilist kaussi<br \/>\n&#8211; reguleeritav k\u00f5rgus: 62 &#8211; 90 cm.<br \/>\n&#8211; t\u00f6\u00f6pind: 40 x 45,5 cm.<br \/>\n&#8211; rattad: juukses\u00f5bralikud plastrattad<\/p>\n","protected":false},"excerpt":{"rendered":"<p>Topeltalused t\u00e4iendava hoiuruumi jaoks, servadel hambad (ideaalsed pikenduste riputamiseks). Kirjeldus: &#8211; 1 f\u00f6\u00f6nihoidik &#8211; 3 kuumade t\u00f6\u00f6riistade hoidikut &#8211; 2 magnetilist kaussi &#8211; reguleeritav k\u00f5rgus: 62 &#8211; 90 cm. &#8211; t\u00f6\u00f6pind: 40 x 45,5 cm. &#8211; rattad: juukses\u00f5bralikud plastrattad<\/p>\n","protected":false},"featured_media":14846,"comment_status":"closed","ping_status":"closed","template":"","meta":[],"product_cat":[792,325,334],"product_tag":[],"class_list":{"0":"post-14845","1":"product","2":"type-product","3":"status-publish","4":"has-post-thumbnail","6":"product_cat-uued-tooted","7":"product_cat-juuksuri-ja-ilusalongi-sisustus","8":"product_cat-tookarud","10":"first","11":"instock","12":"taxable","13":"shipping-taxable","14":"purchasable","15":"product-type-simple"},"_links":{"self":[{"href":"https:\/\/saxsim.ee\/swp\/wp-json\/wp\/v2\/product\/14845"}],"collection":[{"href":"https:\/\/saxsim.ee\/swp\/wp-json\/wp\/v2\/product"}],"about":[{"href":"https:\/\/saxsim.ee\/swp\/wp-json\/wp\/v2\/types\/product"}],"replies":[{"embeddable":true,"href":"https:\/\/saxsim.ee\/swp\/wp-json\/wp\/v2\/comments?post=14845"}],"wp:featuredmedia":[{"embeddable":true,"href":"https:\/\/saxsim.ee\/swp\/wp-json\/wp\/v2\/media\/14846"}],"wp:attachment":[{"href":"https:\/\/saxsim.ee\/swp\/wp-json\/wp\/v2\/media?parent=14845"}],"wp:term":[{"taxonomy":"product_cat","embeddable":true,"href":"https:\/\/saxsim.ee\/swp\/wp-json\/wp\/v2\/product_cat?post=14845"},{"taxonomy":"product_tag","embeddable":true,"href":"https:\/\/saxsim.ee\/swp\/wp-json\/wp\/v2\/product_tag?post=14845"}],"curies":[{"name":"wp","href":"https:\/\/api.w.org\/{rel}","templated":true}]}}