{"id":14842,"date":"2025-07-16T12:23:22","date_gmt":"2025-07-16T09:23:22","guid":{"rendered":"https:\/\/saxsim.ee\/swp\/?post_type=product&#038;p=14842"},"modified":"2025-08-27T21:40:27","modified_gmt":"2025-08-27T18:40:27","slug":"trolley-plexi-abilaud","status":"publish","type":"product","link":"https:\/\/saxsim.ee\/swp\/product\/trolley-plexi-abilaud\/","title":{"rendered":"Trolley Plexi &#8211; abilaud"},"content":{"rendered":"<p>Plexi on l\u00e4bipaistvast akr\u00fc\u00fclist, praktiline abilaud erinevate tarvikute ja t\u00f6\u00f6vahendite hoidmiseks.<\/p>\n<p>V\u00e4rvikaussidele saab kirjutada klientide nimed, et v\u00e4ltida v\u00e4rvide vahetusse minemist. Komplektis on kaks kustutuskummiga magnetilist markerit, mida saab kinnitada statiivi v\u00f5i metallklambri k\u00fclge.<\/p>\n<p><strong>M\u00f5\u00f5dud:<\/strong><br \/>\n&#8211; Reguleeritav k\u00f5rgus: 54 &#8211; 93 cm.<br \/>\n&#8211; T\u00f6\u00f6pind: 30 x 47,5 cm.<br \/>\n&#8211; Rattad: juukses\u00f5bralikud plastrattad<\/p>\n<p><strong>Komplektis:<\/strong><br \/>\n&#8211; 2 kvaliteetset kustutuskummiga markerit<br \/>\n&#8211; 3 sisseehitatud v\u00e4rvikaussi libisemise ja \u00fcmberp\u00f6\u00f6ramise v\u00e4ltimiseks<\/p>\n","protected":false},"excerpt":{"rendered":"<p>Plexi on l\u00e4bipaistvast akr\u00fc\u00fclist, praktiline abilaud erinevate tarvikute ja t\u00f6\u00f6vahendite hoidmiseks. V\u00e4rvikaussidele saab kirjutada klientide nimed, et v\u00e4ltida v\u00e4rvide vahetusse minemist. Komplektis on kaks kustutuskummiga magnetilist markerit, mida saab kinnitada statiivi v\u00f5i metallklambri k\u00fclge. M\u00f5\u00f5dud: &#8211; Reguleeritav k\u00f5rgus: 54 &#8211; 93 cm. &#8211; T\u00f6\u00f6pind: 30 x 47,5 cm. &#8211; Rattad: juukses\u00f5bralikud plastrattad Komplektis: &#8211; 2 [&hellip;]<\/p>\n","protected":false},"featured_media":14843,"comment_status":"closed","ping_status":"closed","template":"","meta":[],"product_cat":[792,325,334],"product_tag":[],"class_list":{"0":"post-14842","1":"product","2":"type-product","3":"status-publish","4":"has-post-thumbnail","6":"product_cat-uued-tooted","7":"product_cat-juuksuri-ja-ilusalongi-sisustus","8":"product_cat-tookarud","10":"first","11":"instock","12":"taxable","13":"shipping-taxable","14":"purchasable","15":"product-type-simple"},"_links":{"self":[{"href":"https:\/\/saxsim.ee\/swp\/wp-json\/wp\/v2\/product\/14842"}],"collection":[{"href":"https:\/\/saxsim.ee\/swp\/wp-json\/wp\/v2\/product"}],"about":[{"href":"https:\/\/saxsim.ee\/swp\/wp-json\/wp\/v2\/types\/product"}],"replies":[{"embeddable":true,"href":"https:\/\/saxsim.ee\/swp\/wp-json\/wp\/v2\/comments?post=14842"}],"wp:featuredmedia":[{"embeddable":true,"href":"https:\/\/saxsim.ee\/swp\/wp-json\/wp\/v2\/media\/14843"}],"wp:attachment":[{"href":"https:\/\/saxsim.ee\/swp\/wp-json\/wp\/v2\/media?parent=14842"}],"wp:term":[{"taxonomy":"product_cat","embeddable":true,"href":"https:\/\/saxsim.ee\/swp\/wp-json\/wp\/v2\/product_cat?post=14842"},{"taxonomy":"product_tag","embeddable":true,"href":"https:\/\/saxsim.ee\/swp\/wp-json\/wp\/v2\/product_tag?post=14842"}],"curies":[{"name":"wp","href":"https:\/\/api.w.org\/{rel}","templated":true}]}}