{"id":14838,"date":"2025-07-16T11:58:48","date_gmt":"2025-07-16T08:58:48","guid":{"rendered":"https:\/\/saxsim.ee\/swp\/?post_type=product&#038;p=14838"},"modified":"2025-07-16T12:15:17","modified_gmt":"2025-07-16T09:15:17","slug":"jrl-foil-dispenser-fooliumi-dosaator","status":"publish","type":"product","link":"https:\/\/saxsim.ee\/swp\/product\/jrl-foil-dispenser-fooliumi-dosaator\/","title":{"rendered":"JRL Foil Dispenser &#8211; fooliumi dosaator"},"content":{"rendered":"<p>Iminappadega JRL fooliumi dosaator.<\/p>\n<p>JRL fooliumi dosaatorisse mahuvad fooliumirullid, mille laius on alla 17 cm ja l\u00e4bim\u00f6\u00f6t alla 10 cm. Dosaatoriga on lihtne l\u00f5igata soovitud pikkusega fooliumiribasid. Sisseehitatud l\u00f5ikemehhanism tagab ohutu kasutamise ilma s\u00f5rme l\u00f5ikamise riskita. T\u00e4nu tugevatele iminappadele p\u00f5hjas, p\u00fcsib dosaator laual v\u00f5i k\u00e4rul kindlalt paigal. Ideaalne mobiilseks kasutamiseks ja t\u00f6\u00f6kohtade kujundamiseks \u2013 tooge oma t\u00f6\u00f6ruumi mugavust ja t\u00e4psust!<\/p>\n","protected":false},"excerpt":{"rendered":"<p>Iminappadega JRL fooliumi dosaator. JRL fooliumi dosaatorisse mahuvad fooliumirullid, mille laius on alla 17 cm ja l\u00e4bim\u00f6\u00f6t alla 10 cm. Dosaatoriga on lihtne l\u00f5igata soovitud pikkusega fooliumiribasid. Sisseehitatud l\u00f5ikemehhanism tagab ohutu kasutamise ilma s\u00f5rme l\u00f5ikamise riskita. T\u00e4nu tugevatele iminappadele p\u00f5hjas, p\u00fcsib dosaator laual v\u00f5i k\u00e4rul kindlalt paigal. Ideaalne mobiilseks kasutamiseks ja t\u00f6\u00f6kohtade kujundamiseks \u2013 tooge [&hellip;]<\/p>\n","protected":false},"featured_media":14839,"comment_status":"closed","ping_status":"closed","template":"","meta":[],"product_cat":[792,712,401,762,176],"product_tag":[],"class_list":{"0":"post-14838","1":"product","2":"type-product","3":"status-publish","4":"has-post-thumbnail","6":"product_cat-uued-tooted","7":"product_cat-jrl-professional","8":"product_cat-juuksuri-tarvikud","9":"product_cat-lisatarvikud","10":"product_cat-varvitarvikud","12":"first","13":"instock","14":"taxable","15":"shipping-taxable","16":"purchasable","17":"product-type-simple"},"_links":{"self":[{"href":"https:\/\/saxsim.ee\/swp\/wp-json\/wp\/v2\/product\/14838"}],"collection":[{"href":"https:\/\/saxsim.ee\/swp\/wp-json\/wp\/v2\/product"}],"about":[{"href":"https:\/\/saxsim.ee\/swp\/wp-json\/wp\/v2\/types\/product"}],"replies":[{"embeddable":true,"href":"https:\/\/saxsim.ee\/swp\/wp-json\/wp\/v2\/comments?post=14838"}],"wp:featuredmedia":[{"embeddable":true,"href":"https:\/\/saxsim.ee\/swp\/wp-json\/wp\/v2\/media\/14839"}],"wp:attachment":[{"href":"https:\/\/saxsim.ee\/swp\/wp-json\/wp\/v2\/media?parent=14838"}],"wp:term":[{"taxonomy":"product_cat","embeddable":true,"href":"https:\/\/saxsim.ee\/swp\/wp-json\/wp\/v2\/product_cat?post=14838"},{"taxonomy":"product_tag","embeddable":true,"href":"https:\/\/saxsim.ee\/swp\/wp-json\/wp\/v2\/product_tag?post=14838"}],"curies":[{"name":"wp","href":"https:\/\/api.w.org\/{rel}","templated":true}]}}