{"id":14836,"date":"2025-07-16T11:33:38","date_gmt":"2025-07-16T08:33:38","guid":{"rendered":"https:\/\/saxsim.ee\/swp\/?post_type=product&#038;p=14836"},"modified":"2025-07-16T11:43:47","modified_gmt":"2025-07-16T08:43:47","slug":"jrl-forte-pro-midnight-shine-straightening-and-curling-wide-sirgendaja","status":"publish","type":"product","link":"https:\/\/saxsim.ee\/swp\/product\/jrl-forte-pro-midnight-shine-straightening-and-curling-wide-sirgendaja\/","title":{"rendered":"JRL Forte Pro Midnight Shine Straightening and Curling, Wide &#8211; sirgendaja"},"content":{"rendered":"<p>Laiade plaatidega JRL Forte Pro Midnight Shine sirgendaja ja lokitangid.<\/p>\n<p>Kogege parimat m\u00f5lemast maailmast JRL Forte Pro Midnight Shine sirgendaja ja lokitangiga \u2013 see on loodud vaevata sirgendamiseks ja veatute lokkide tegemiseks. Kiire kuumenemisega kuni 240\u00b0C-ni vaid 30 sekundiga tagab see sirgendaja iga libisemisega siledad ja terve v\u00e4limusega juuksed. Grafeenkeraamiline glasuurplaat tagab \u00fchtlase soojuse jaotumise, v\u00e4hendades stiliseerimisaega ja suurendades samal ajal l\u00e4iget. Lisaks v\u00f5imaldavad reguleeritavad ujuvad plaadid teil t\u00e4psete stiliseerimistulemuste saavutamiseks plaatide vahet korrigeerida.<\/p>\n<p><strong>Tehnilised andmed:<\/strong><\/p>\n<p>&#8211; 220-240 V, 50\/60 Hz, 75 W<br \/>\n&#8211; \u00fclikiire kuumenemine ( 180\u00b0C 14 sekundiga ja 240\u00b0C 30 sekundiga )<br \/>\n&#8211; digitaalne temperatuuri reguleerimine: 180\u00b0C kuni 240\u00b0C<br \/>\n&#8211; m\u00e4lufunktsioon: m\u00e4letab teie eelistatud temperatuuri<br \/>\n&#8211; grafeenkattega keraamilised plaadid: 40 x 105 mm<br \/>\n&#8211; reguleeritavad ujuvad plaadid: plaatide vahet on v\u00f5imalik muuta<br \/>\n&#8211; topelt keraamiline k\u00fcttekeha<br \/>\n&#8211; automaatne v\u00e4ljal\u00fclitus 60 min. m\u00f6\u00f6dumisel<br \/>\n&#8211; kaal: 317 g ( ilma juhtmeta )<br \/>\n&#8211; 360\u00b0 p\u00f6\u00f6rlev juhe: u. 3 m<\/p>\n<p>Tootja: Guang Zhou Eagle Fortress Hair Products Ltd., China<\/p>\n","protected":false},"excerpt":{"rendered":"<p>Laiade plaatidega JRL Forte Pro Midnight Shine sirgendaja ja lokitangid. Kogege parimat m\u00f5lemast maailmast JRL Forte Pro Midnight Shine sirgendaja ja lokitangiga \u2013 see on loodud vaevata sirgendamiseks ja veatute lokkide tegemiseks. Kiire kuumenemisega kuni 240\u00b0C-ni vaid 30 sekundiga tagab see sirgendaja iga libisemisega siledad ja terve v\u00e4limusega juuksed. Grafeenkeraamiline glasuurplaat tagab \u00fchtlase soojuse jaotumise, [&hellip;]<\/p>\n","protected":false},"featured_media":14837,"comment_status":"closed","ping_status":"closed","template":"","meta":[],"product_cat":[792,712,401,280,338],"product_tag":[],"class_list":{"0":"post-14836","1":"product","2":"type-product","3":"status-publish","4":"has-post-thumbnail","6":"product_cat-uued-tooted","7":"product_cat-jrl-professional","8":"product_cat-juuksuri-tarvikud","9":"product_cat-elektrilised-toovahendid","10":"product_cat-sirgendajad","12":"first","13":"instock","14":"taxable","15":"shipping-taxable","16":"purchasable","17":"product-type-simple"},"_links":{"self":[{"href":"https:\/\/saxsim.ee\/swp\/wp-json\/wp\/v2\/product\/14836"}],"collection":[{"href":"https:\/\/saxsim.ee\/swp\/wp-json\/wp\/v2\/product"}],"about":[{"href":"https:\/\/saxsim.ee\/swp\/wp-json\/wp\/v2\/types\/product"}],"replies":[{"embeddable":true,"href":"https:\/\/saxsim.ee\/swp\/wp-json\/wp\/v2\/comments?post=14836"}],"wp:featuredmedia":[{"embeddable":true,"href":"https:\/\/saxsim.ee\/swp\/wp-json\/wp\/v2\/media\/14837"}],"wp:attachment":[{"href":"https:\/\/saxsim.ee\/swp\/wp-json\/wp\/v2\/media?parent=14836"}],"wp:term":[{"taxonomy":"product_cat","embeddable":true,"href":"https:\/\/saxsim.ee\/swp\/wp-json\/wp\/v2\/product_cat?post=14836"},{"taxonomy":"product_tag","embeddable":true,"href":"https:\/\/saxsim.ee\/swp\/wp-json\/wp\/v2\/product_tag?post=14836"}],"curies":[{"name":"wp","href":"https:\/\/api.w.org\/{rel}","templated":true}]}}