{"id":14829,"date":"2025-07-16T10:12:39","date_gmt":"2025-07-16T07:12:39","guid":{"rendered":"https:\/\/saxsim.ee\/swp\/?post_type=product&#038;p=14829"},"modified":"2025-07-16T11:33:28","modified_gmt":"2025-07-16T08:33:28","slug":"jrl-forte-pro-eclipse-c-style-curved-iron-sirgendaja","status":"publish","type":"product","link":"https:\/\/saxsim.ee\/swp\/product\/jrl-forte-pro-eclipse-c-style-curved-iron-sirgendaja\/","title":{"rendered":"JRL Forte Pro Eclipse C-style Curved Iron &#8211; sirgendaja"},"content":{"rendered":"<p>JRL Forte Pro Eclipse C-stiilis kumerate servadega sirgendaja.<\/p>\n<p>Saavuta salongikvaliteediga tulemused vaevata! See mitmek\u00fclgne t\u00f6\u00f6vahend kuumeneb vaid 30 sekundiga ja saavutab maksimaalse temperatuuri 240\u00b0C, andes sulle v\u00f5imaluse luua h\u00f5lpsalt siledaid, siidiseid juukseid v\u00f5i loomulikke lokkis laineid. Grafeenkeraamiline glasuurplaat tagab \u00fchtlase soojuse jaotumise, v\u00e4hendades stiliseerimisaega ja minimeerides juuste kahjustusi. Olenemata sellest, kas otsid vol\u00fc\u00fcmi, lokke v\u00f5i veatut sirget tulemust, libiseb see sirgendaja sujuvalt l\u00e4bi igat t\u00fc\u00fcpi juuste \u2013 ilma liigse surveta.<\/p>\n<p><strong>Tehnilised andmed:<\/strong><\/p>\n<p>&#8211; 220-240 V, 50\/60 Hz, 55 W<br \/>\n&#8211; \u00fclikiire kuumenemine ( 180\u00b0C 14 sekundiga ja 240\u00b0C 30 sekundiga )<br \/>\n&#8211; digitaalne temperatuuri reguleerimine: 180\u00b0C kuni 240\u00b0C<br \/>\n&#8211; m\u00e4lufunktsioon: m\u00e4letab teie eelistatud temperatuuri<br \/>\n&#8211; grafeenkattega keraamilised plaadid: 20 x 92 mm<br \/>\n&#8211; automaatne v\u00e4ljal\u00fclitus 60 min. m\u00f6\u00f6dumisel<br \/>\n&#8211; kaal: 243 g ( ilma juhtmeta )<br \/>\n&#8211; 360\u00b0 p\u00f6\u00f6rlev juhe: u. 3 m<\/p>\n<p>Tootja: Guang Zhou Eagle Fortress Hair Products Ltd., China<\/p>\n","protected":false},"excerpt":{"rendered":"<p>JRL Forte Pro Eclipse C-stiilis kumerate servadega sirgendaja. Saavuta salongikvaliteediga tulemused vaevata! See mitmek\u00fclgne t\u00f6\u00f6vahend kuumeneb vaid 30 sekundiga ja saavutab maksimaalse temperatuuri 240\u00b0C, andes sulle v\u00f5imaluse luua h\u00f5lpsalt siledaid, siidiseid juukseid v\u00f5i loomulikke lokkis laineid. Grafeenkeraamiline glasuurplaat tagab \u00fchtlase soojuse jaotumise, v\u00e4hendades stiliseerimisaega ja minimeerides juuste kahjustusi. Olenemata sellest, kas otsid vol\u00fc\u00fcmi, lokke v\u00f5i [&hellip;]<\/p>\n","protected":false},"featured_media":14830,"comment_status":"closed","ping_status":"closed","template":"","meta":[],"product_cat":[792,712,401,280,338],"product_tag":[],"class_list":{"0":"post-14829","1":"product","2":"type-product","3":"status-publish","4":"has-post-thumbnail","6":"product_cat-uued-tooted","7":"product_cat-jrl-professional","8":"product_cat-juuksuri-tarvikud","9":"product_cat-elektrilised-toovahendid","10":"product_cat-sirgendajad","12":"first","13":"instock","14":"taxable","15":"shipping-taxable","16":"purchasable","17":"product-type-simple"},"_links":{"self":[{"href":"https:\/\/saxsim.ee\/swp\/wp-json\/wp\/v2\/product\/14829"}],"collection":[{"href":"https:\/\/saxsim.ee\/swp\/wp-json\/wp\/v2\/product"}],"about":[{"href":"https:\/\/saxsim.ee\/swp\/wp-json\/wp\/v2\/types\/product"}],"replies":[{"embeddable":true,"href":"https:\/\/saxsim.ee\/swp\/wp-json\/wp\/v2\/comments?post=14829"}],"wp:featuredmedia":[{"embeddable":true,"href":"https:\/\/saxsim.ee\/swp\/wp-json\/wp\/v2\/media\/14830"}],"wp:attachment":[{"href":"https:\/\/saxsim.ee\/swp\/wp-json\/wp\/v2\/media?parent=14829"}],"wp:term":[{"taxonomy":"product_cat","embeddable":true,"href":"https:\/\/saxsim.ee\/swp\/wp-json\/wp\/v2\/product_cat?post=14829"},{"taxonomy":"product_tag","embeddable":true,"href":"https:\/\/saxsim.ee\/swp\/wp-json\/wp\/v2\/product_tag?post=14829"}],"curies":[{"name":"wp","href":"https:\/\/api.w.org\/{rel}","templated":true}]}}