{"id":14823,"date":"2025-07-14T11:29:45","date_gmt":"2025-07-14T08:29:45","guid":{"rendered":"https:\/\/saxsim.ee\/swp\/?post_type=product&#038;p=14823"},"modified":"2025-07-28T10:45:42","modified_gmt":"2025-07-28T07:45:42","slug":"ga-ma-professional-iq2-perfetto-hair-dryer-2000-w-kasifoon-2","status":"publish","type":"product","link":"https:\/\/saxsim.ee\/swp\/product\/ga-ma-professional-iq2-perfetto-hair-dryer-2000-w-kasifoon-2\/","title":{"rendered":"GA.MA Professional iQ2 Perfetto Hair Dryer, 1600 W &#8211; k\u00e4sif\u00f6\u00f6n"},"content":{"rendered":"<p>&#8211; V\u00e4ga kerge, ergonoomilise disainiga f\u00f6\u00f6n<br \/>\n&#8211; Suure j\u00f5udlusega, v\u00f5imas mootor<br \/>\n&#8211; Vaikne, 74dB<br \/>\n&#8211; V\u00f5imsus: 1600W<br \/>\n&#8211; 110 000 p\u00f6\u00f6ret minutis<br \/>\n&#8211; 3 kiirust ja 3 kuumuse seadistust ning k\u00fclma \u00f5hu puhumise funktsioon<br \/>\n&#8211; 1 difuusor ja 3 erinevat otsikut, millest \u00fcks on patenteeritud Star Shape otsik<br \/>\n&#8211; L\u00fchem kuivatamise aeg<br \/>\n&#8211; Oxy Active tehnoloogia<br \/>\n&#8211; Lukustusfunktsioon<br \/>\n&#8211; Auto-Clean puhastamise funktsioon<br \/>\n&#8211; Pikk 3 meetrine juhe<br \/>\n&#8211; Kaal 294 g ( ilma juhtmeta )<br \/>\n&#8211; M\u00f5\u00f5dud: 210 x 195 x 48 mm<br \/>\n&#8211; Stiilne must v\u00e4rv<\/p>\n<p><span class=\"jCAhz ChMk0b\"><span class=\"ryNqvb\">IQ2 on ideaalne valik professionaalidele, kes p\u00fc\u00fcdlevad t\u00e4iuslikkuse poole.<\/span><\/span> <span class=\"jCAhz ChMk0b\"><span class=\"ryNqvb\">IQ2 \u00fchendab endas stiilse, ergonoomilise disaini, kerge, v\u00f5imsa, kuid vaikse mootori ja mitmek\u00fclgsed funktsioonid.<\/span><\/span> <span class=\"jCAhz ChMk0b\"><span class=\"ryNqvb\">Kompaktne suurus, minimalistlik ja uuenduslik disain tagavad f\u00f6\u00f6ni kasutajale maksimaalse mugavuse.<\/span><\/span><\/p>\n<p><span class=\"jCAhz ChMk0b\"><span class=\"ryNqvb\">IQ2 f\u00f6\u00f6nil on turbofunktsioon, t\u00e4nu millele t\u00f5stab see p\u00f6\u00f6rlemiskiirust 110 000-lt 120 000-le ( p\/min ) vaid 30 sekundiga.<\/span><\/span> <span class=\"jCAhz ChMk0b\"><span class=\"ryNqvb\">Tehnoloogia mitmekordistab mootori tekitatud \u00f5huvoolu ilma rohkem energiat kulutamata, samas kuivamisaega v\u00e4hendades.<\/span><\/span><\/p>\n<p><span class=\"jCAhz ChMk0b\"><span class=\"ryNqvb\">V\u00f5imas, suure j\u00f5udlusega mootor muudab f\u00f6\u00f6ni kuni 30% kiiremaks, kui teised professionaalsed f\u00f6\u00f6nid.<\/span><\/span> <span class=\"jCAhz ChMk0b\"><span class=\"ryNqvb\">Spetsiaalne torustruktuur suurendab \u00f5huvoolu ja seega l\u00fchendab kuivatamise aega.<\/span><\/span> <span class=\"jCAhz ChMk0b\"><span class=\"ryNqvb\">Vaatamata v\u00f5imsusele on f\u00f6\u00f6n vaikne ja kasutamiseks m\u00f5nus.<\/span><\/span> <span class=\"jCAhz ChMk0b\"><span class=\"ryNqvb\">Oxy Active tehnoloogia kaitseb juukseid ja muudab need l\u00e4ikivamaks.<\/span><\/span><\/p>\n<p><span class=\"jCAhz ChMk0b\"><span class=\"ryNqvb\">GA.MA Professional IQ2 f\u00f6\u00f6nil on Cool-shot nupp, 3 kiirust ja 3 kuumuse seadistust.<\/span><\/span> <span class=\"jCAhz ChMk0b\"><span class=\"ryNqvb\">K\u00e4epideme k\u00fcljel olevad LED-indikaatorid n\u00e4itavad soovitud seadistusi.<\/span><\/span> <span class=\"jCAhz ChMk0b\"><span class=\"ryNqvb\">Lukustusnupu aktiveerimisel saate fikseerida soovitud seadistused. M<\/span><\/span><span class=\"jCAhz ChMk0b\"><span class=\"ryNqvb\">\u00e4lufunktsioon tagab, et seadme j\u00e4rgmisel sissel\u00fclitamisel taastatakse viimati valitud seadistus.<\/span><\/span><\/p>\n<p><span class=\"jCAhz ChMk0b\"><span class=\"ryNqvb\">iQ2 f\u00f6\u00f6niga on kaasas libisemiskindel nutimatt, millele saad f\u00f6\u00f6ni asetada.<\/span><\/span> <span class=\"jCAhz ChMk0b\"><span class=\"ryNqvb\">Kui f\u00f6\u00f6n on asendis ON, l\u00fclitab matt f\u00f6\u00f6ni automaatselt v\u00e4lja.<\/span><\/span> <span class=\"jCAhz ChMk0b\"><span class=\"ryNqvb\">T\u00f5stmisel l\u00fclitub f\u00f6\u00f6n samade seadistustega uuesti t\u00f6\u00f6le.<\/span><\/span><\/p>\n<p><span class=\"jCAhz ChMk0b\"><span class=\"ryNqvb\">Gama Professional IQ2 f\u00f6\u00f6nil on \u00fclipeened filtrid, mis ei lase ka k\u00f5ige v\u00e4iksematel osakestel mootorisse sattuda. <\/span><\/span><span class=\"jCAhz ChMk0b\"><span class=\"ryNqvb\">F\u00f6\u00f6ni intelligentne Auto-Clean funktsioon puhastab filtrid seestpoolt <span class=\"HwtZe\" lang=\"et\">ja see tuleb aktiveerida p\u00e4rast iga kasutuskorda. Automaatne puhastuse meeldetuletus tuletab meelde, kui filtreid on vaja k\u00e4sitsi puhastada. <\/span>F\u00f6\u00f6n \u200b\u200bei k\u00e4ivitu enne, kui puhastus on tehtud, nii ei pea muretsema mootori \u00fclekuumenemise ja purunemise p\u00e4rast.<\/span><\/span><\/p>\n<p><strong><span class=\"VIiyi\" lang=\"et\"><span class=\"JLqJ4b ChMk0b\">Puhastage oma GA.MA iQ2 Perfetto k\u00e4sif\u00f6\u00f6ni!<\/span> <\/span><\/strong><\/p>\n<p><span class=\"VIiyi\" lang=\"et\"><span class=\"JLqJ4b ChMk0b\">Teie iQ k\u00e4sif\u00f6\u00f6ni igap\u00e4evane puhastamine (\u00a0Auto Clean ) tagab korraliku toimimise ja pikendab tema eluiga.<\/span><\/span><\/p>\n","protected":false},"excerpt":{"rendered":"<p>&#8211; V\u00e4ga kerge, ergonoomilise disainiga f\u00f6\u00f6n &#8211; Suure j\u00f5udlusega, v\u00f5imas mootor &#8211; Vaikne, 74dB &#8211; V\u00f5imsus: 1600W &#8211; 110 000 p\u00f6\u00f6ret minutis &#8211; 3 kiirust ja 3 kuumuse seadistust ning k\u00fclma \u00f5hu puhumise funktsioon &#8211; 1 difuusor ja 3 erinevat otsikut, millest \u00fcks on patenteeritud Star Shape otsik &#8211; L\u00fchem kuivatamise aeg &#8211; Oxy Active [&hellip;]<\/p>\n","protected":false},"featured_media":14824,"comment_status":"closed","ping_status":"closed","template":"","meta":[],"product_cat":[792,709,401,280,285],"product_tag":[],"class_list":{"0":"post-14823","1":"product","2":"type-product","3":"status-publish","4":"has-post-thumbnail","6":"product_cat-uued-tooted","7":"product_cat-ga-ma","8":"product_cat-juuksuri-tarvikud","9":"product_cat-elektrilised-toovahendid","10":"product_cat-kasifoonid","12":"first","13":"instock","14":"taxable","15":"shipping-taxable","16":"purchasable","17":"product-type-simple"},"_links":{"self":[{"href":"https:\/\/saxsim.ee\/swp\/wp-json\/wp\/v2\/product\/14823"}],"collection":[{"href":"https:\/\/saxsim.ee\/swp\/wp-json\/wp\/v2\/product"}],"about":[{"href":"https:\/\/saxsim.ee\/swp\/wp-json\/wp\/v2\/types\/product"}],"replies":[{"embeddable":true,"href":"https:\/\/saxsim.ee\/swp\/wp-json\/wp\/v2\/comments?post=14823"}],"wp:featuredmedia":[{"embeddable":true,"href":"https:\/\/saxsim.ee\/swp\/wp-json\/wp\/v2\/media\/14824"}],"wp:attachment":[{"href":"https:\/\/saxsim.ee\/swp\/wp-json\/wp\/v2\/media?parent=14823"}],"wp:term":[{"taxonomy":"product_cat","embeddable":true,"href":"https:\/\/saxsim.ee\/swp\/wp-json\/wp\/v2\/product_cat?post=14823"},{"taxonomy":"product_tag","embeddable":true,"href":"https:\/\/saxsim.ee\/swp\/wp-json\/wp\/v2\/product_tag?post=14823"}],"curies":[{"name":"wp","href":"https:\/\/api.w.org\/{rel}","templated":true}]}}