{"id":1475,"date":"2017-03-15T13:32:38","date_gmt":"2017-03-15T11:32:38","guid":{"rendered":"https:\/\/www.saxsim.ee\/swp\/toode\/seven-colour-queen-colour-protect-conditioner-250-ml\/"},"modified":"2024-01-07T17:38:19","modified_gmt":"2024-01-07T15:38:19","slug":"seven-colour-queen-colour-protect-conditioner-250-ml","status":"publish","type":"product","link":"https:\/\/saxsim.ee\/swp\/product\/seven-colour-queen-colour-protect-conditioner-250-ml\/","title":{"rendered":"Seven Colour Queen! Colour Protect Conditioner 250 ml &#8211; v\u00e4rvitud juuste palsam"},"content":{"rendered":"<p>Argaan\u00f5li sisaldav hooldusaine, mis tugevdab, annab l\u00e4iget ja kaitseb juukseid v\u00e4liste keskkonnam\u00f5jude\u00a0eest. Annab uut eluj\u00f5udu t\u00f6\u00f6deldud, v\u00e4rvitud ja kuivadele juustele. Sisaldab Panthenol Pro vitamiin B5, niisutab juukseid ja on kasulik peanahale. Teeb juuksed kammitavateks ja pikendab juuksev\u00e4rvi p\u00fcsimist.<\/p>\n<p><strong>Kasutamine:<\/strong> Kanna niisketesse juustesse. Lase m\u00f5juda 1-3 min.. Pikem m\u00f5juaeg ( 5 min. ) t\u00f5hustab tulemust. Loputa korralikult, \u00f5rnalt masseerides leige veega ja\u00a0naudi l\u00f5pptulemust.<\/p>\n<p><span class=\"label label-primary\">Colorant free<\/span> <span class=\"label label-primary\">UV filter<\/span> <span class=\"label label-primary\">Heat protection<\/span> <span class=\"label label-primary\">Color protection<\/span><\/p>\n<p>pH:\u00a03,8<\/p>\n<p>&nbsp;<\/p>\n<p>&nbsp;<\/p>\n<p>&nbsp;<\/p>\n<p>&nbsp;<\/p>\n<p>&nbsp;<\/p>\n<p>&nbsp;<\/p>\n","protected":false},"excerpt":{"rendered":"<p>Argaan\u00f5li sisaldav hooldusaine, mis tugevdab, annab l\u00e4iget ja kaitseb juukseid v\u00e4liste keskkonnam\u00f5jude\u00a0eest. Annab uut eluj\u00f5udu t\u00f6\u00f6deldud, v\u00e4rvitud ja kuivadele juustele. Sisaldab Panthenol Pro vitamiin B5, niisutab juukseid ja on kasulik peanahale. Teeb juuksed kammitavateks ja pikendab juuksev\u00e4rvi p\u00fcsimist. Kasutamine: Kanna niisketesse juustesse. Lase m\u00f5juda 1-3 min.. Pikem m\u00f5juaeg ( 5 min. ) t\u00f5hustab tulemust. Loputa [&hellip;]<\/p>\n","protected":false},"featured_media":1476,"comment_status":"closed","ping_status":"closed","template":"","meta":[],"product_cat":[725,395,660],"product_tag":[],"class_list":{"0":"post-1475","1":"product","2":"type-product","3":"status-publish","4":"has-post-thumbnail","6":"product_cat-seven","7":"product_cat-juuksed","8":"product_cat-palsamid","10":"first","11":"instock","12":"taxable","13":"shipping-taxable","14":"purchasable","15":"product-type-simple"},"_links":{"self":[{"href":"https:\/\/saxsim.ee\/swp\/wp-json\/wp\/v2\/product\/1475"}],"collection":[{"href":"https:\/\/saxsim.ee\/swp\/wp-json\/wp\/v2\/product"}],"about":[{"href":"https:\/\/saxsim.ee\/swp\/wp-json\/wp\/v2\/types\/product"}],"replies":[{"embeddable":true,"href":"https:\/\/saxsim.ee\/swp\/wp-json\/wp\/v2\/comments?post=1475"}],"wp:featuredmedia":[{"embeddable":true,"href":"https:\/\/saxsim.ee\/swp\/wp-json\/wp\/v2\/media\/1476"}],"wp:attachment":[{"href":"https:\/\/saxsim.ee\/swp\/wp-json\/wp\/v2\/media?parent=1475"}],"wp:term":[{"taxonomy":"product_cat","embeddable":true,"href":"https:\/\/saxsim.ee\/swp\/wp-json\/wp\/v2\/product_cat?post=1475"},{"taxonomy":"product_tag","embeddable":true,"href":"https:\/\/saxsim.ee\/swp\/wp-json\/wp\/v2\/product_tag?post=1475"}],"curies":[{"name":"wp","href":"https:\/\/api.w.org\/{rel}","templated":true}]}}