{"id":14739,"date":"2025-06-19T11:05:23","date_gmt":"2025-06-19T08:05:23","guid":{"rendered":"https:\/\/saxsim.ee\/swp\/?post_type=product&#038;p=14739"},"modified":"2025-06-19T11:37:19","modified_gmt":"2025-06-19T08:37:19","slug":"caliber-moab-metal-shaver-pardel","status":"publish","type":"product","link":"https:\/\/saxsim.ee\/swp\/product\/caliber-moab-metal-shaver-pardel\/","title":{"rendered":"Caliber Moab Metal Shaver &#8211; pardel"},"content":{"rendered":"<p>Disainitud professionaalidele.<br \/>\nVii oma hooldusrutiin uuele tasemele Caliber MOAB metallist kolmekordse fooliumiga pardliga. See tipptasemel pardel on loodud t\u00e4psuse ja v\u00f5imsuse tagamiseks ning sellel on v\u00f5imas mootor, mis t\u00f6\u00f6tab \u00fcle 10 000 p\/min, tagades iga kord tiheda ja mugava raseerimise. Kolm \u00fcli\u00f5hukest fooliumi kohanduvad sujuvalt teie n\u00e4o kontuuridega, pakkudes siledat viimistlust ilma \u00e4rrituseta. Mitmek\u00fclgseks disainitud Caliber MOAB pardel on IPX4 veekindel, mist\u00f5ttu sobib see ideaalselt kasutamiseks du\u0161\u0161i all kasutamiseks v\u00f5i voolava vee all puhastamiseks. Intuitiivne LED-ekraan annab sulle teada aku tasemest ja t\u00f6\u00f6olekust. Lisaks saad USB-C laadimisega nautida kiiret ja mugavat laadimist, pakkudes t\u00e4islaadimisega kuni kaks tundi katkematut kasutamist. J\u00e4tke h\u00fcvasti kehva raseerimisega ja tervitage uut t\u00e4psuse ja stiili standardit.<\/p>\n<p><strong>Tehnilised andmed:<\/strong><\/p>\n<p>&#8211; elektriv\u00f5rgu toide: 100-240 V, 50\u201360 Hz<br \/>\n&#8211; 1400 mAh aku<br \/>\n&#8211; v\u00f5imas mootor: 8 W, 10000 p\/min.<br \/>\n&#8211; akutoitel t\u00f6\u00f6tab: 120 min.<br \/>\n&#8211; aku laadimisaeg: 120 min.<br \/>\n&#8211; kaal: 219 g. ilma juhtmeta<br \/>\n&#8211; LED-ekraan<\/p>\n<p><strong>Komplektis:<\/strong><br \/>\n&#8211; 1 fooliumnikkel varutera<br \/>\n&#8211; USB-C juhe: u. 200 cm.<br \/>\n&#8211; laadimisalus<br \/>\n&#8211; puhastushari<br \/>\n&#8211; sametist tolmukott<\/p>\n<p>Tootja: Caliber Pro Inc, USA<br \/>\nValmistatud: Hiinas<\/p>\n","protected":false},"excerpt":{"rendered":"<p>Disainitud professionaalidele. Vii oma hooldusrutiin uuele tasemele Caliber MOAB metallist kolmekordse fooliumiga pardliga. See tipptasemel pardel on loodud t\u00e4psuse ja v\u00f5imsuse tagamiseks ning sellel on v\u00f5imas mootor, mis t\u00f6\u00f6tab \u00fcle 10 000 p\/min, tagades iga kord tiheda ja mugava raseerimise. Kolm \u00fcli\u00f5hukest fooliumi kohanduvad sujuvalt teie n\u00e4o kontuuridega, pakkudes siledat viimistlust ilma \u00e4rrituseta. Mitmek\u00fclgseks disainitud [&hellip;]<\/p>\n","protected":false},"featured_media":14740,"comment_status":"closed","ping_status":"closed","template":"","meta":[],"product_cat":[792,864,401,280,286],"product_tag":[],"class_list":{"0":"post-14739","1":"product","2":"type-product","3":"status-publish","4":"has-post-thumbnail","6":"product_cat-uued-tooted","7":"product_cat-caliber-professional","8":"product_cat-juuksuri-tarvikud","9":"product_cat-elektrilised-toovahendid","10":"product_cat-loikusmasinad-ja-trimmerid","12":"first","13":"instock","14":"taxable","15":"shipping-taxable","16":"purchasable","17":"product-type-simple"},"_links":{"self":[{"href":"https:\/\/saxsim.ee\/swp\/wp-json\/wp\/v2\/product\/14739"}],"collection":[{"href":"https:\/\/saxsim.ee\/swp\/wp-json\/wp\/v2\/product"}],"about":[{"href":"https:\/\/saxsim.ee\/swp\/wp-json\/wp\/v2\/types\/product"}],"replies":[{"embeddable":true,"href":"https:\/\/saxsim.ee\/swp\/wp-json\/wp\/v2\/comments?post=14739"}],"wp:featuredmedia":[{"embeddable":true,"href":"https:\/\/saxsim.ee\/swp\/wp-json\/wp\/v2\/media\/14740"}],"wp:attachment":[{"href":"https:\/\/saxsim.ee\/swp\/wp-json\/wp\/v2\/media?parent=14739"}],"wp:term":[{"taxonomy":"product_cat","embeddable":true,"href":"https:\/\/saxsim.ee\/swp\/wp-json\/wp\/v2\/product_cat?post=14739"},{"taxonomy":"product_tag","embeddable":true,"href":"https:\/\/saxsim.ee\/swp\/wp-json\/wp\/v2\/product_tag?post=14739"}],"curies":[{"name":"wp","href":"https:\/\/api.w.org\/{rel}","templated":true}]}}