{"id":1473,"date":"2017-03-15T13:13:02","date_gmt":"2017-03-15T11:13:02","guid":{"rendered":"https:\/\/www.saxsim.ee\/swp\/toode\/seven-colour-queen-colour-protect-shampoo-250-ml\/"},"modified":"2024-01-07T17:37:34","modified_gmt":"2024-01-07T15:37:34","slug":"seven-colour-queen-colour-protect-shampoo-250-ml","status":"publish","type":"product","link":"https:\/\/saxsim.ee\/swp\/product\/seven-colour-queen-colour-protect-shampoo-250-ml\/","title":{"rendered":"Seven Colour Queen! Colour Protect Shampoo 250 ml &#8211; v\u00e4rvitud juuste \u0161ampoon"},"content":{"rendered":"<p>Suurep\u00e4rane\u00a0 \u0161ampoon, mis pikendab v\u00e4rvi s\u00e4ilimist juustes. Sisaldab viinamarjaseemne ekstrakti, mis kaitseb juukseid ilmastiku negatiivsete m\u00f5jude eest, ka f\u00f6\u00f6nitamisel.<\/p>\n<p><strong>Kasutamine:<\/strong> Kanna niisketesse juustesse, aja vahule ja pese. Loputa korralikult. Peale pesu kasuta Color Queen palsamit.<\/p>\n<p><span class=\"label label-primary\">Colorant free<\/span> <span class=\"label label-primary\">UV filter<\/span> <span class=\"label label-primary\">Heat protection<\/span> <span class=\"label label-primary\">Color protection<\/span><\/p>\n<p>pH: 5,6<\/p>\n<p>&nbsp;<\/p>\n<p>&nbsp;<\/p>\n<p>&nbsp;<\/p>\n<p>&nbsp;<\/p>\n<p>&nbsp;<\/p>\n","protected":false},"excerpt":{"rendered":"<p>Suurep\u00e4rane\u00a0 \u0161ampoon, mis pikendab v\u00e4rvi s\u00e4ilimist juustes. Sisaldab viinamarjaseemne ekstrakti, mis kaitseb juukseid ilmastiku negatiivsete m\u00f5jude eest, ka f\u00f6\u00f6nitamisel. Kasutamine: Kanna niisketesse juustesse, aja vahule ja pese. Loputa korralikult. Peale pesu kasuta Color Queen palsamit. Colorant free UV filter Heat protection Color protection pH: 5,6 &nbsp; &nbsp; &nbsp; &nbsp; &nbsp;<\/p>\n","protected":false},"featured_media":1474,"comment_status":"closed","ping_status":"closed","template":"","meta":[],"product_cat":[725,395,659],"product_tag":[],"class_list":{"0":"post-1473","1":"product","2":"type-product","3":"status-publish","4":"has-post-thumbnail","6":"product_cat-seven","7":"product_cat-juuksed","8":"product_cat-sampoonid","10":"first","11":"instock","12":"taxable","13":"shipping-taxable","14":"purchasable","15":"product-type-simple"},"_links":{"self":[{"href":"https:\/\/saxsim.ee\/swp\/wp-json\/wp\/v2\/product\/1473"}],"collection":[{"href":"https:\/\/saxsim.ee\/swp\/wp-json\/wp\/v2\/product"}],"about":[{"href":"https:\/\/saxsim.ee\/swp\/wp-json\/wp\/v2\/types\/product"}],"replies":[{"embeddable":true,"href":"https:\/\/saxsim.ee\/swp\/wp-json\/wp\/v2\/comments?post=1473"}],"wp:featuredmedia":[{"embeddable":true,"href":"https:\/\/saxsim.ee\/swp\/wp-json\/wp\/v2\/media\/1474"}],"wp:attachment":[{"href":"https:\/\/saxsim.ee\/swp\/wp-json\/wp\/v2\/media?parent=1473"}],"wp:term":[{"taxonomy":"product_cat","embeddable":true,"href":"https:\/\/saxsim.ee\/swp\/wp-json\/wp\/v2\/product_cat?post=1473"},{"taxonomy":"product_tag","embeddable":true,"href":"https:\/\/saxsim.ee\/swp\/wp-json\/wp\/v2\/product_tag?post=1473"}],"curies":[{"name":"wp","href":"https:\/\/api.w.org\/{rel}","templated":true}]}}