{"id":14729,"date":"2025-06-18T10:43:51","date_gmt":"2025-06-18T07:43:51","guid":{"rendered":"https:\/\/saxsim.ee\/swp\/?post_type=product&#038;p=14729"},"modified":"2025-06-19T10:18:01","modified_gmt":"2025-06-19T07:18:01","slug":"caliber-focus-clipper-juukseloikusmasin","status":"publish","type":"product","link":"https:\/\/saxsim.ee\/swp\/product\/caliber-focus-clipper-juukseloikusmasin\/","title":{"rendered":"Caliber Focus Clipper &#8211; juuksel\u00f5ikusmasin"},"content":{"rendered":"<p>LCD-ekraani ja uusima harjadeta mootoriga Caliber Focus juuksel\u00f5ikusmasin pakub enneolematut efektiivsust ja pikemat mootori t\u00f6\u00f6iga. Kahekordsed DLC-terad (teemandilaadne s\u00fcsinik) tagavad sujuva ja t\u00e4pse l\u00f5ike erakordse teravusega. V\u00f5imsa 5 W v\u00e4ljundv\u00f5imsuse ja kiire 7500 p\/min kiirusega Caliber Focus garanteerib kiired ja t\u00f5husad hooldussessioonid. Tugev 2500 mAh Li-ion aku tagab \u00fche laadimisega kuni 2,5 tundi katkematut kasutamist. Lisaks saate USB-C laadimise abil kasu universaalsest \u00fchilduvusest, muutes juuksel\u00f5ikusmasina laadimise lihtsaks k\u00f5ikjal, olgu see siis kodus v\u00f5i v\u00e4lismaal. Juuksel\u00f5ikusmasin on valmistatud vastupidavast, kuid kergest alumiiniumi ja kvaliteetse pol\u00fcamiidi kombinatsioonist. Lisatud 2 v\u00e4rvilist korpust, v\u00f5imaldavad teil t\u00f6\u00f6riistale isikup\u00e4ra lisada.<\/p>\n<p><strong>Tehnilised andmed:<\/strong><br \/>\n&#8211; harjadeta mootor<br \/>\n&#8211; mootori p\u00f6\u00f6rded &#8211; 7500 p\/min.<br \/>\n&#8211; v\u00f5imsus &#8211; 5 W<br \/>\n&#8211; 100\u2013240 V, 50\u201360 Hz<br \/>\n&#8211; 2500 mAh Li-ion aku<br \/>\n&#8211; akutoitel t\u00f6\u00f6tab &#8211; 150 min.<br \/>\n&#8211; aku laadimisaeg &#8211; 180 min.<br \/>\n&#8211; kl\u00f5pshoovaga l\u00f5iketera k\u00f5rguse reguleerimiss\u00fcsteem ( u. 0,1 &#8211; 3.0 mm. )<br \/>\n&#8211; kaal &#8211; 283 g.<br \/>\n&#8211; LCD-ekraan aku laetusastme kuvamiseks<br \/>\n&#8211; alumiiniumist ja kvaliteetsest pol\u00fcet\u00fcleenist korpus<\/p>\n<p><strong>Komplektis:<\/strong><br \/>\n&#8211; DLC l\u00f5ikustera laius &#8211; 45 mm.<br \/>\n&#8211; tera kaitse<br \/>\n&#8211; 8 magnetiga l\u00f5ikustald ( 1,5 \/ 3 \/ 4,5\u00a0 \/ 6 \/ 10 \/ 13 \/ 16 \/ 19 mm. )<br \/>\n&#8211; laadimisalus<br \/>\n&#8211; USB-C juhe 2 m ja EU-adapter<br \/>\n&#8211; puhastushari<br \/>\n&#8211; masina\u00f5li<br \/>\n&#8211; 3 vahetatavat korpust ( hall, musta ja oran\u017e )<br \/>\n&#8211; v\u00e4ike kruvikeeraja ja lisakruvid.<br \/>\n&#8211; kasutusjuhend ( EE )<\/p>\n<p>Tootja: Caliber Pro Inc, USA<\/p>\n","protected":false},"excerpt":{"rendered":"<p>LCD-ekraani ja uusima harjadeta mootoriga Caliber Focus juuksel\u00f5ikusmasin pakub enneolematut efektiivsust ja pikemat mootori t\u00f6\u00f6iga. Kahekordsed DLC-terad (teemandilaadne s\u00fcsinik) tagavad sujuva ja t\u00e4pse l\u00f5ike erakordse teravusega. V\u00f5imsa 5 W v\u00e4ljundv\u00f5imsuse ja kiire 7500 p\/min kiirusega Caliber Focus garanteerib kiired ja t\u00f5husad hooldussessioonid. Tugev 2500 mAh Li-ion aku tagab \u00fche laadimisega kuni 2,5 tundi katkematut kasutamist. [&hellip;]<\/p>\n","protected":false},"featured_media":14730,"comment_status":"closed","ping_status":"closed","template":"","meta":[],"product_cat":[792,864,401,280,286],"product_tag":[],"class_list":{"0":"post-14729","1":"product","2":"type-product","3":"status-publish","4":"has-post-thumbnail","6":"product_cat-uued-tooted","7":"product_cat-caliber-professional","8":"product_cat-juuksuri-tarvikud","9":"product_cat-elektrilised-toovahendid","10":"product_cat-loikusmasinad-ja-trimmerid","12":"first","13":"instock","14":"taxable","15":"shipping-taxable","16":"purchasable","17":"product-type-simple"},"_links":{"self":[{"href":"https:\/\/saxsim.ee\/swp\/wp-json\/wp\/v2\/product\/14729"}],"collection":[{"href":"https:\/\/saxsim.ee\/swp\/wp-json\/wp\/v2\/product"}],"about":[{"href":"https:\/\/saxsim.ee\/swp\/wp-json\/wp\/v2\/types\/product"}],"replies":[{"embeddable":true,"href":"https:\/\/saxsim.ee\/swp\/wp-json\/wp\/v2\/comments?post=14729"}],"wp:featuredmedia":[{"embeddable":true,"href":"https:\/\/saxsim.ee\/swp\/wp-json\/wp\/v2\/media\/14730"}],"wp:attachment":[{"href":"https:\/\/saxsim.ee\/swp\/wp-json\/wp\/v2\/media?parent=14729"}],"wp:term":[{"taxonomy":"product_cat","embeddable":true,"href":"https:\/\/saxsim.ee\/swp\/wp-json\/wp\/v2\/product_cat?post=14729"},{"taxonomy":"product_tag","embeddable":true,"href":"https:\/\/saxsim.ee\/swp\/wp-json\/wp\/v2\/product_tag?post=14729"}],"curies":[{"name":"wp","href":"https:\/\/api.w.org\/{rel}","templated":true}]}}