{"id":14725,"date":"2025-06-18T10:11:52","date_gmt":"2025-06-18T07:11:52","guid":{"rendered":"https:\/\/saxsim.ee\/swp\/?post_type=product&#038;p=14725"},"modified":"2025-06-19T10:18:19","modified_gmt":"2025-06-19T07:18:19","slug":"caliber-laser-trimmer-trimmer-2","status":"publish","type":"product","link":"https:\/\/saxsim.ee\/swp\/product\/caliber-laser-trimmer-trimmer-2\/","title":{"rendered":"Caliber Laser+ Trimmer &#8211; trimmer"},"content":{"rendered":"<p>LCD-ekraani ja uusima harjadeta mootoriga Caliber Laser+ trimmer pakub enneolematut efektiivsust ja pikemat mootori t\u00f6\u00f6iga. Kahekordsed DLC-terad (teemandilaadne s\u00fcsinik) tagavad sujuva ja t\u00e4pse l\u00f5ike erakordse teravusega. V\u00f5imsa 8 W v\u00e4ljundv\u00f5imsuse ja kiire 7500 p\/min kiirusega Caliber Laser+ Trimmer garanteerib kiired ja t\u00f5husad hooldussessioonid. Tugev 2000 mAh Li-ion aku tagab \u00fche laadimisega kuni kolm tundi katkematut kasutamist. Lisaks saate USB-C laadimise abil kasu universaalsest \u00fchilduvusest, muutes trimmeri laadimise lihtsaks k\u00f5ikjal, olgu see siis kodus v\u00f5i v\u00e4lismaal. Trimmer on valmistatud vastupidavast, kuid kergest alumiiniumi ja kvaliteetse pol\u00fcamiidi kombinatsioonist. Lisatud 2 v\u00e4rvilist korpust, v\u00f5imaldavad teil t\u00f6\u00f6riistale isikup\u00e4ra lisada.<\/p>\n<p><strong>Tehnilised andmed:<\/strong><br \/>\n&#8211; uusim BLDC 2419 harjadeta mootor<br \/>\n&#8211; mootori p\u00f6\u00f6rded &#8211; 7500 p\/min.<br \/>\n&#8211; v\u00f5imsus &#8211; 8 W<br \/>\n&#8211; 100\u2013240 V, 50\u201360 Hz<br \/>\n&#8211; 2000 mAh Li-ion aku<br \/>\n&#8211; akutoitel t\u00f6\u00f6tab &#8211; 180 min.<br \/>\n&#8211; aku laadimisaeg &#8211; 180 min.<br \/>\n&#8211; l\u00f5iketera k\u00f5rgus &#8211; u. 0,1 mm.<br \/>\n&#8211; kaal &#8211; 171 g<br \/>\n&#8211; LCD-ekraan aku laetusastme kuvamiseks<br \/>\n&#8211; alumiiniumist ja kvaliteetsest pol\u00fcet\u00fcleenist korpus<\/p>\n<p><strong>Komplektis:<\/strong><br \/>\n&#8211; DLC l\u00f5ikustera laius &#8211; 41 mm.<br \/>\n&#8211; 1 DLC varutera<br \/>\n&#8211; tera kaitse<br \/>\n&#8211; 3 l\u00f5ikustald ( 1,5 mm. \/ 3 mm. \/ 6 mm. )<br \/>\n&#8211; laadimisalus<br \/>\n&#8211; USB-C juhe 2 m ja EU-adapter<br \/>\n&#8211; puhastushari<br \/>\n&#8211; masina\u00f5li<br \/>\n&#8211; 3 vahetatavat korpust ( hall, musta ja oran\u017e )<br \/>\n&#8211; v\u00e4ike kruvikeeraja ja lisakruvid.<br \/>\n&#8211; kasutusjuhend ( EE )<\/p>\n<p>Tootja: Caliber Pro Inc, USA<\/p>\n","protected":false},"excerpt":{"rendered":"<p>LCD-ekraani ja uusima harjadeta mootoriga Caliber Laser+ trimmer pakub enneolematut efektiivsust ja pikemat mootori t\u00f6\u00f6iga. Kahekordsed DLC-terad (teemandilaadne s\u00fcsinik) tagavad sujuva ja t\u00e4pse l\u00f5ike erakordse teravusega. V\u00f5imsa 8 W v\u00e4ljundv\u00f5imsuse ja kiire 7500 p\/min kiirusega Caliber Laser+ Trimmer garanteerib kiired ja t\u00f5husad hooldussessioonid. Tugev 2000 mAh Li-ion aku tagab \u00fche laadimisega kuni kolm tundi katkematut [&hellip;]<\/p>\n","protected":false},"featured_media":14726,"comment_status":"closed","ping_status":"closed","template":"","meta":[],"product_cat":[792,864,401,280,286],"product_tag":[],"class_list":{"0":"post-14725","1":"product","2":"type-product","3":"status-publish","4":"has-post-thumbnail","6":"product_cat-uued-tooted","7":"product_cat-caliber-professional","8":"product_cat-juuksuri-tarvikud","9":"product_cat-elektrilised-toovahendid","10":"product_cat-loikusmasinad-ja-trimmerid","12":"first","13":"instock","14":"taxable","15":"shipping-taxable","16":"purchasable","17":"product-type-simple"},"_links":{"self":[{"href":"https:\/\/saxsim.ee\/swp\/wp-json\/wp\/v2\/product\/14725"}],"collection":[{"href":"https:\/\/saxsim.ee\/swp\/wp-json\/wp\/v2\/product"}],"about":[{"href":"https:\/\/saxsim.ee\/swp\/wp-json\/wp\/v2\/types\/product"}],"replies":[{"embeddable":true,"href":"https:\/\/saxsim.ee\/swp\/wp-json\/wp\/v2\/comments?post=14725"}],"wp:featuredmedia":[{"embeddable":true,"href":"https:\/\/saxsim.ee\/swp\/wp-json\/wp\/v2\/media\/14726"}],"wp:attachment":[{"href":"https:\/\/saxsim.ee\/swp\/wp-json\/wp\/v2\/media?parent=14725"}],"wp:term":[{"taxonomy":"product_cat","embeddable":true,"href":"https:\/\/saxsim.ee\/swp\/wp-json\/wp\/v2\/product_cat?post=14725"},{"taxonomy":"product_tag","embeddable":true,"href":"https:\/\/saxsim.ee\/swp\/wp-json\/wp\/v2\/product_tag?post=14725"}],"curies":[{"name":"wp","href":"https:\/\/api.w.org\/{rel}","templated":true}]}}