{"id":14711,"date":"2025-06-16T19:55:16","date_gmt":"2025-06-16T16:55:16","guid":{"rendered":"https:\/\/saxsim.ee\/swp\/?post_type=product&#038;p=14711"},"modified":"2025-06-19T11:49:17","modified_gmt":"2025-06-19T08:49:17","slug":"saddle-stool-with-backrest-seljatoega-tootool","status":"publish","type":"product","link":"https:\/\/saxsim.ee\/swp\/product\/saddle-stool-with-backrest-seljatoega-tootool\/","title":{"rendered":"Saddle Stool with Backrest &#8211; seljatoega t\u00f6\u00f6tool"},"content":{"rendered":"<p>Kvaliteetne, seljatoega sadultool juuksurile v\u00f5i kosmeetikule.<\/p>\n<p>&#8211; 5-haruline alumiiniumjalg, \u00f8 64 cm<br \/>\n&#8211; reguleeritava k\u00f5rgusega ( 37-56 cm ) gaasipump, 54\u201375 cm ( m\u00f5\u00f5detuna p\u00f5randast istumisk\u00f5rguseni )<br \/>\n&#8211; suured kummist rattad<\/p>\n","protected":false},"excerpt":{"rendered":"<p>Kvaliteetne, seljatoega sadultool juuksurile v\u00f5i kosmeetikule. &#8211; 5-haruline alumiiniumjalg, \u00f8 64 cm &#8211; reguleeritava k\u00f5rgusega ( 37-56 cm ) gaasipump, 54\u201375 cm ( m\u00f5\u00f5detuna p\u00f5randast istumisk\u00f5rguseni ) &#8211; suured kummist rattad<\/p>\n","protected":false},"featured_media":14742,"comment_status":"closed","ping_status":"closed","template":"","meta":[],"product_cat":[792,325,333,400,589,577,401],"product_tag":[],"class_list":{"0":"post-14711","1":"product","2":"type-product","3":"status-publish","4":"has-post-thumbnail","6":"product_cat-uued-tooted","7":"product_cat-juuksuri-ja-ilusalongi-sisustus","8":"product_cat-tootoolid","9":"product_cat-ilusalongi-sisustus","10":"product_cat-tootoolid-ilusalongi-sisustus","11":"product_cat-iluteenindaja-tarvikud","12":"product_cat-juuksuri-tarvikud","14":"first","15":"instock","16":"taxable","17":"shipping-taxable","18":"purchasable","19":"product-type-simple"},"_links":{"self":[{"href":"https:\/\/saxsim.ee\/swp\/wp-json\/wp\/v2\/product\/14711"}],"collection":[{"href":"https:\/\/saxsim.ee\/swp\/wp-json\/wp\/v2\/product"}],"about":[{"href":"https:\/\/saxsim.ee\/swp\/wp-json\/wp\/v2\/types\/product"}],"replies":[{"embeddable":true,"href":"https:\/\/saxsim.ee\/swp\/wp-json\/wp\/v2\/comments?post=14711"}],"wp:featuredmedia":[{"embeddable":true,"href":"https:\/\/saxsim.ee\/swp\/wp-json\/wp\/v2\/media\/14742"}],"wp:attachment":[{"href":"https:\/\/saxsim.ee\/swp\/wp-json\/wp\/v2\/media?parent=14711"}],"wp:term":[{"taxonomy":"product_cat","embeddable":true,"href":"https:\/\/saxsim.ee\/swp\/wp-json\/wp\/v2\/product_cat?post=14711"},{"taxonomy":"product_tag","embeddable":true,"href":"https:\/\/saxsim.ee\/swp\/wp-json\/wp\/v2\/product_tag?post=14711"}],"curies":[{"name":"wp","href":"https:\/\/api.w.org\/{rel}","templated":true}]}}