{"id":14710,"date":"2025-06-16T19:40:00","date_gmt":"2025-06-16T16:40:00","guid":{"rendered":"https:\/\/saxsim.ee\/swp\/?post_type=product&#038;p=14710"},"modified":"2025-06-20T08:41:53","modified_gmt":"2025-06-20T05:41:53","slug":"coloring-trolley-with-magnetic-coloring-bowls-abilaud","status":"publish","type":"product","link":"https:\/\/saxsim.ee\/swp\/product\/coloring-trolley-with-magnetic-coloring-bowls-abilaud\/","title":{"rendered":"Coloring Trolley with Magnetic Coloring Bowls &#8211; abilaud"},"content":{"rendered":"<p>Kahe magnetkausiga, f\u00f6\u00f6nihoidiku ja pintslihoidjatega abilaud.<\/p>\n<p><strong>M\u00f5\u00f5dud:<\/strong><\/p>\n<p>&#8211; Reguleeritav k\u00f5rgus: 65 &#8211; 105 cm.<br \/>\n&#8211; T\u00f6\u00f6pind: 40 x 40 cm.<br \/>\n&#8211; Rattad: juukses\u00f5bralikud plastrattad<\/p>\n","protected":false},"excerpt":{"rendered":"<p>Kahe magnetkausiga, f\u00f6\u00f6nihoidiku ja pintslihoidjatega abilaud. M\u00f5\u00f5dud: &#8211; Reguleeritav k\u00f5rgus: 65 &#8211; 105 cm. &#8211; T\u00f6\u00f6pind: 40 x 40 cm. &#8211; Rattad: juukses\u00f5bralikud plastrattad<\/p>\n","protected":false},"featured_media":14744,"comment_status":"closed","ping_status":"closed","template":"","meta":[],"product_cat":[792,325,334],"product_tag":[],"class_list":{"0":"post-14710","1":"product","2":"type-product","3":"status-publish","4":"has-post-thumbnail","6":"product_cat-uued-tooted","7":"product_cat-juuksuri-ja-ilusalongi-sisustus","8":"product_cat-tookarud","10":"first","11":"instock","12":"taxable","13":"shipping-taxable","14":"purchasable","15":"product-type-simple"},"_links":{"self":[{"href":"https:\/\/saxsim.ee\/swp\/wp-json\/wp\/v2\/product\/14710"}],"collection":[{"href":"https:\/\/saxsim.ee\/swp\/wp-json\/wp\/v2\/product"}],"about":[{"href":"https:\/\/saxsim.ee\/swp\/wp-json\/wp\/v2\/types\/product"}],"replies":[{"embeddable":true,"href":"https:\/\/saxsim.ee\/swp\/wp-json\/wp\/v2\/comments?post=14710"}],"wp:featuredmedia":[{"embeddable":true,"href":"https:\/\/saxsim.ee\/swp\/wp-json\/wp\/v2\/media\/14744"}],"wp:attachment":[{"href":"https:\/\/saxsim.ee\/swp\/wp-json\/wp\/v2\/media?parent=14710"}],"wp:term":[{"taxonomy":"product_cat","embeddable":true,"href":"https:\/\/saxsim.ee\/swp\/wp-json\/wp\/v2\/product_cat?post=14710"},{"taxonomy":"product_tag","embeddable":true,"href":"https:\/\/saxsim.ee\/swp\/wp-json\/wp\/v2\/product_tag?post=14710"}],"curies":[{"name":"wp","href":"https:\/\/api.w.org\/{rel}","templated":true}]}}