{"id":14709,"date":"2025-06-16T19:30:36","date_gmt":"2025-06-16T16:30:36","guid":{"rendered":"https:\/\/saxsim.ee\/swp\/?post_type=product&#038;p=14709"},"modified":"2026-02-08T11:08:12","modified_gmt":"2026-02-08T09:08:12","slug":"wako-barber-cape-loikuslina","status":"publish","type":"product","link":"https:\/\/saxsim.ee\/swp\/product\/wako-barber-cape-loikuslina\/","title":{"rendered":"Wako Barber Cape &#8211; l\u00f5ikuslina"},"content":{"rendered":"<p>Kerge ja vastupidavast kangast Wako l\u00f5ikuslina.<\/p>\n<p>M\u00f5\u00f5dud &#8211; 140 x 168 cm.<\/p>\n<p>Kinnitus &#8211; haakidega<\/p>\n<p>Kaeluse max. \u00fcmberm\u00f5\u00f5t \u2013 52 cm.<\/p>\n<p>Materjal \u2013 100% kootud pol\u00fcester, veekindel<\/p>\n<p>K\u00e4eavadega<\/p>\n<p><strong>Hooldus:<\/strong><\/p>\n<p>masinpesu madalal temperatuuril<\/p>\n<p>kuivatada soovitavalt n\u00f6\u00f6ril. Trummelkuivatus ainult madalatel p\u00f6\u00f6retel!<\/p>\n<p>pesemisel \u00e4rge kunagi kasutage vedelaid valgendusvahendeid!<\/p>\n","protected":false},"excerpt":{"rendered":"<p>Kerge ja vastupidavast kangast Wako l\u00f5ikuslina. M\u00f5\u00f5dud &#8211; 140 x 168 cm. Kinnitus &#8211; haakidega Kaeluse max. \u00fcmberm\u00f5\u00f5t \u2013 52 cm. Materjal \u2013 100% kootud pol\u00fcester, veekindel K\u00e4eavadega Hooldus: masinpesu madalal temperatuuril kuivatada soovitavalt n\u00f6\u00f6ril. Trummelkuivatus ainult madalatel p\u00f6\u00f6retel! pesemisel \u00e4rge kunagi kasutage vedelaid valgendusvahendeid!<\/p>\n","protected":false},"featured_media":14746,"comment_status":"closed","ping_status":"closed","template":"","meta":[],"product_cat":[792,716,401,296,861],"product_tag":[],"class_list":{"0":"post-14709","1":"product","2":"type-product","3":"status-publish","4":"has-post-thumbnail","6":"product_cat-uued-tooted","7":"product_cat-wako","8":"product_cat-juuksuri-tarvikud","9":"product_cat-loikus-ja-varvilinad","10":"product_cat-loikuslinad","12":"first","13":"instock","14":"taxable","15":"shipping-taxable","16":"purchasable","17":"product-type-simple"},"_links":{"self":[{"href":"https:\/\/saxsim.ee\/swp\/wp-json\/wp\/v2\/product\/14709"}],"collection":[{"href":"https:\/\/saxsim.ee\/swp\/wp-json\/wp\/v2\/product"}],"about":[{"href":"https:\/\/saxsim.ee\/swp\/wp-json\/wp\/v2\/types\/product"}],"replies":[{"embeddable":true,"href":"https:\/\/saxsim.ee\/swp\/wp-json\/wp\/v2\/comments?post=14709"}],"wp:featuredmedia":[{"embeddable":true,"href":"https:\/\/saxsim.ee\/swp\/wp-json\/wp\/v2\/media\/14746"}],"wp:attachment":[{"href":"https:\/\/saxsim.ee\/swp\/wp-json\/wp\/v2\/media?parent=14709"}],"wp:term":[{"taxonomy":"product_cat","embeddable":true,"href":"https:\/\/saxsim.ee\/swp\/wp-json\/wp\/v2\/product_cat?post=14709"},{"taxonomy":"product_tag","embeddable":true,"href":"https:\/\/saxsim.ee\/swp\/wp-json\/wp\/v2\/product_tag?post=14709"}],"curies":[{"name":"wp","href":"https:\/\/api.w.org\/{rel}","templated":true}]}}