{"id":14702,"date":"2025-06-16T18:54:26","date_gmt":"2025-06-16T15:54:26","guid":{"rendered":"https:\/\/saxsim.ee\/swp\/?post_type=product&#038;p=14702"},"modified":"2025-07-31T11:58:33","modified_gmt":"2025-07-31T08:58:33","slug":"cera-sage-jet-1800-kasifoon","status":"publish","type":"product","link":"https:\/\/saxsim.ee\/swp\/product\/cera-sage-jet-1800-kasifoon\/","title":{"rendered":"Cera Sage Jet 1800 &#8211; k\u00e4sif\u00f6\u00f6n"},"content":{"rendered":"<p>Professionaalne Cera Sage Jet on j\u00e4rgmise p\u00f5lvkonna f\u00f6\u00f6n, mis kuivatab teie juuksed rekordajaga, j\u00e4ttes need siidiselt siledateks ja l\u00e4ikivateks!<\/p>\n<p><strong>Tehnilised andmed:<\/strong><\/p>\n<p>v\u00f5imas harjadeta mootor 1800 W<br \/>\nautomaatne puhastusfunktsioon<br \/>\n3 kiirust<br \/>\n3 kuumusastet<br \/>\nk\u00fclma \u00f5huvoo nupp<br \/>\nkaal &#8211; 320 g<br \/>\njuhe &#8211; 3,0 m<br \/>\n2 \u00f5husuunajat ( 67 ja 97 mm. )<br \/>\n1 difuusor<\/p>\n<p>Tootja:<\/p>\n","protected":false},"excerpt":{"rendered":"<p>Professionaalne Cera Sage Jet on j\u00e4rgmise p\u00f5lvkonna f\u00f6\u00f6n, mis kuivatab teie juuksed rekordajaga, j\u00e4ttes need siidiselt siledateks ja l\u00e4ikivateks! Tehnilised andmed: v\u00f5imas harjadeta mootor 1800 W automaatne puhastusfunktsioon 3 kiirust 3 kuumusastet k\u00fclma \u00f5huvoo nupp kaal &#8211; 320 g juhe &#8211; 3,0 m 2 \u00f5husuunajat ( 67 ja 97 mm. ) 1 difuusor Tootja:<\/p>\n","protected":false},"featured_media":14749,"comment_status":"closed","ping_status":"closed","template":"","meta":[],"product_cat":[792,710,401,280,285],"product_tag":[],"class_list":{"0":"post-14702","1":"product","2":"type-product","3":"status-publish","4":"has-post-thumbnail","6":"product_cat-uued-tooted","7":"product_cat-cera-professional","8":"product_cat-juuksuri-tarvikud","9":"product_cat-elektrilised-toovahendid","10":"product_cat-kasifoonid","12":"first","13":"instock","14":"taxable","15":"shipping-taxable","16":"purchasable","17":"product-type-simple"},"_links":{"self":[{"href":"https:\/\/saxsim.ee\/swp\/wp-json\/wp\/v2\/product\/14702"}],"collection":[{"href":"https:\/\/saxsim.ee\/swp\/wp-json\/wp\/v2\/product"}],"about":[{"href":"https:\/\/saxsim.ee\/swp\/wp-json\/wp\/v2\/types\/product"}],"replies":[{"embeddable":true,"href":"https:\/\/saxsim.ee\/swp\/wp-json\/wp\/v2\/comments?post=14702"}],"wp:featuredmedia":[{"embeddable":true,"href":"https:\/\/saxsim.ee\/swp\/wp-json\/wp\/v2\/media\/14749"}],"wp:attachment":[{"href":"https:\/\/saxsim.ee\/swp\/wp-json\/wp\/v2\/media?parent=14702"}],"wp:term":[{"taxonomy":"product_cat","embeddable":true,"href":"https:\/\/saxsim.ee\/swp\/wp-json\/wp\/v2\/product_cat?post=14702"},{"taxonomy":"product_tag","embeddable":true,"href":"https:\/\/saxsim.ee\/swp\/wp-json\/wp\/v2\/product_tag?post=14702"}],"curies":[{"name":"wp","href":"https:\/\/api.w.org\/{rel}","templated":true}]}}