{"id":14701,"date":"2025-06-16T18:34:27","date_gmt":"2025-06-16T15:34:27","guid":{"rendered":"https:\/\/saxsim.ee\/swp\/?post_type=product&#038;p=14701"},"modified":"2025-06-20T09:56:53","modified_gmt":"2025-06-20T06:56:53","slug":"jrl-spray-bottle-150-ml-veeprits","status":"publish","type":"product","link":"https:\/\/saxsim.ee\/swp\/product\/jrl-spray-bottle-150-ml-veeprits\/","title":{"rendered":"JRL Spray Bottle, 150 ml. &#8211; veeprits"},"content":{"rendered":"<p><span class=\"HwtZe\" lang=\"et\"><span class=\"jCAhz ChMk0b\"><span class=\"ryNqvb\">Mikropihustiga JRL veeprits on valmistatud vastupidavatest materjalidest ja lekkekindla disainiga. T\u00e4nu ergonoomilisele disainile on veepritsi lihtne hoida ja kasutada, v\u00e4hendades k\u00e4te v\u00e4simust.<\/span><\/span><\/span><\/p>\n<p>&#8211; v\u00e4rvitoon: valge<\/p>\n<p><span class=\"HwtZe\" lang=\"et\"><span class=\"jCAhz\"><span class=\"ryNqvb\">&#8211; maht: 148 ml.<\/span><\/span><\/span><\/p>\n","protected":false},"excerpt":{"rendered":"<p>Mikropihustiga JRL veeprits on valmistatud vastupidavatest materjalidest ja lekkekindla disainiga. T\u00e4nu ergonoomilisele disainile on veepritsi lihtne hoida ja kasutada, v\u00e4hendades k\u00e4te v\u00e4simust. &#8211; v\u00e4rvitoon: valge &#8211; maht: 148 ml.<\/p>\n","protected":false},"featured_media":14750,"comment_status":"closed","ping_status":"closed","template":"","meta":[],"product_cat":[792,712,401,308],"product_tag":[],"class_list":{"0":"post-14701","1":"product","2":"type-product","3":"status-publish","4":"has-post-thumbnail","6":"product_cat-uued-tooted","7":"product_cat-jrl-professional","8":"product_cat-juuksuri-tarvikud","9":"product_cat-veepritsid","11":"first","12":"instock","13":"taxable","14":"shipping-taxable","15":"purchasable","16":"product-type-simple"},"_links":{"self":[{"href":"https:\/\/saxsim.ee\/swp\/wp-json\/wp\/v2\/product\/14701"}],"collection":[{"href":"https:\/\/saxsim.ee\/swp\/wp-json\/wp\/v2\/product"}],"about":[{"href":"https:\/\/saxsim.ee\/swp\/wp-json\/wp\/v2\/types\/product"}],"replies":[{"embeddable":true,"href":"https:\/\/saxsim.ee\/swp\/wp-json\/wp\/v2\/comments?post=14701"}],"wp:featuredmedia":[{"embeddable":true,"href":"https:\/\/saxsim.ee\/swp\/wp-json\/wp\/v2\/media\/14750"}],"wp:attachment":[{"href":"https:\/\/saxsim.ee\/swp\/wp-json\/wp\/v2\/media?parent=14701"}],"wp:term":[{"taxonomy":"product_cat","embeddable":true,"href":"https:\/\/saxsim.ee\/swp\/wp-json\/wp\/v2\/product_cat?post=14701"},{"taxonomy":"product_tag","embeddable":true,"href":"https:\/\/saxsim.ee\/swp\/wp-json\/wp\/v2\/product_tag?post=14701"}],"curies":[{"name":"wp","href":"https:\/\/api.w.org\/{rel}","templated":true}]}}