{"id":1459,"date":"2017-03-15T12:15:20","date_gmt":"2017-03-15T10:15:20","guid":{"rendered":"https:\/\/www.saxsim.ee\/swp\/toode\/seven-stay-in-leave-in-conditioner-150-ml\/"},"modified":"2023-11-10T09:56:53","modified_gmt":"2023-11-10T07:56:53","slug":"seven-stay-in-leave-in-conditioner-150-ml","status":"publish","type":"product","link":"https:\/\/saxsim.ee\/swp\/product\/seven-stay-in-leave-in-conditioner-150-ml\/","title":{"rendered":"Seven Stay In! Leave-In Conditioner 150 ml &#8211; p\u00e4hej\u00e4etav hooldusaine"},"content":{"rendered":"<p>Kahefaasiline juustesse j\u00e4etav hooldusaine. Sisaldab Panthenol Pro-vitamiini B5, mis tugevdab, parandab juuste l\u00e4iget ja aitab s\u00e4ilitada juuste elastsust ning niiskustasakaalu. Tugevdab juukseid sisemiselt ja v\u00e4liselt ning aitab \u00e4ra hoida juuste murdumist ning juukseotste l\u00f5henemist. Teeb juuksed kammitavaks ja eemaldab staatilise elektri. Sobib ka meestele.<\/p>\n<p><strong>Kasutamine:\u00a0<\/strong>Enne kasutamist loksuta tugevasti pudelit ning pihusta kuivadesse v\u00f5i niisketesse juustesse.<\/p>\n<p><span class=\"label label-primary\">UV filter<\/span><\/p>\n<p>pH:\u00a04,0<\/p>\n<p>&nbsp;<\/p>\n<p>&nbsp;<\/p>\n","protected":false},"excerpt":{"rendered":"<p>Kahefaasiline juustesse j\u00e4etav hooldusaine. Sisaldab Panthenol Pro-vitamiini B5, mis tugevdab, parandab juuste l\u00e4iget ja aitab s\u00e4ilitada juuste elastsust ning niiskustasakaalu. Tugevdab juukseid sisemiselt ja v\u00e4liselt ning aitab \u00e4ra hoida juuste murdumist ning juukseotste l\u00f5henemist. Teeb juuksed kammitavaks ja eemaldab staatilise elektri. Sobib ka meestele. Kasutamine:\u00a0Enne kasutamist loksuta tugevasti pudelit ning pihusta kuivadesse v\u00f5i niisketesse juustesse. [&hellip;]<\/p>\n","protected":false},"featured_media":1460,"comment_status":"closed","ping_status":"closed","template":"","meta":[],"product_cat":[725,395,661],"product_tag":[],"class_list":{"0":"post-1459","1":"product","2":"type-product","3":"status-publish","4":"has-post-thumbnail","6":"product_cat-seven","7":"product_cat-juuksed","8":"product_cat-pahejaetavad-hooldusained","10":"first","11":"outofstock","12":"taxable","13":"shipping-taxable","14":"purchasable","15":"product-type-simple"},"_links":{"self":[{"href":"https:\/\/saxsim.ee\/swp\/wp-json\/wp\/v2\/product\/1459"}],"collection":[{"href":"https:\/\/saxsim.ee\/swp\/wp-json\/wp\/v2\/product"}],"about":[{"href":"https:\/\/saxsim.ee\/swp\/wp-json\/wp\/v2\/types\/product"}],"replies":[{"embeddable":true,"href":"https:\/\/saxsim.ee\/swp\/wp-json\/wp\/v2\/comments?post=1459"}],"wp:featuredmedia":[{"embeddable":true,"href":"https:\/\/saxsim.ee\/swp\/wp-json\/wp\/v2\/media\/1460"}],"wp:attachment":[{"href":"https:\/\/saxsim.ee\/swp\/wp-json\/wp\/v2\/media?parent=1459"}],"wp:term":[{"taxonomy":"product_cat","embeddable":true,"href":"https:\/\/saxsim.ee\/swp\/wp-json\/wp\/v2\/product_cat?post=1459"},{"taxonomy":"product_tag","embeddable":true,"href":"https:\/\/saxsim.ee\/swp\/wp-json\/wp\/v2\/product_tag?post=1459"}],"curies":[{"name":"wp","href":"https:\/\/api.w.org\/{rel}","templated":true}]}}