{"id":14520,"date":"2025-04-24T08:49:41","date_gmt":"2025-04-24T05:49:41","guid":{"rendered":"https:\/\/saxsim.ee\/swp\/?post_type=product&#038;p=14520"},"modified":"2025-09-27T14:39:36","modified_gmt":"2025-09-27T11:39:36","slug":"mini-mineox-minisirgendaja","status":"publish","type":"product","link":"https:\/\/saxsim.ee\/swp\/product\/mini-mineox-minisirgendaja\/","title":{"rendered":"Mini MINEOX &#8211; minisirgendaja"},"content":{"rendered":"<p>V\u00e4ga kitsaste keraamiliste plaatidega minisirgendaja. Sobib ideaalselt ka lokkide tegemiseks. T\u00e4nu v\u00e4ikestele m\u00f5\u00f5tmetele on mugav reisile kaasa v\u00f5tta.<\/p>\n<p><strong>Tehnilised andmed:<\/strong><\/p>\n<p>&#8211; On\/Off l\u00fcliti<br \/>\n&#8211; Pinge: 120-240 V<br \/>\n&#8211; V\u00f5imsus: 22 W<br \/>\n&#8211; T\u00f6\u00f6temperatuur saavutatakse 20 sekundiga<br \/>\n&#8211; Maksimaalne temperatuur: 200\u00b0C<br \/>\n&#8211; Keraamilised plaadid: 17 x 70 mm<br \/>\n&#8211; Pikkus: 17 cm<br \/>\n&#8211; Kaal: u. 100 g ( ilma juhtmeta )<br \/>\n&#8211; P\u00f6\u00f6rlev juhe: 1,8 m<br \/>\n&#8211; V\u00e4rv: punane<\/p>\n","protected":false},"excerpt":{"rendered":"<p>V\u00e4ga kitsaste keraamiliste plaatidega minisirgendaja. Sobib ideaalselt ka lokkide tegemiseks. T\u00e4nu v\u00e4ikestele m\u00f5\u00f5tmetele on mugav reisile kaasa v\u00f5tta. Tehnilised andmed: &#8211; On\/Off l\u00fcliti &#8211; Pinge: 120-240 V &#8211; V\u00f5imsus: 22 W &#8211; T\u00f6\u00f6temperatuur saavutatakse 20 sekundiga &#8211; Maksimaalne temperatuur: 200\u00b0C &#8211; Keraamilised plaadid: 17 x 70 mm &#8211; Pikkus: 17 cm &#8211; Kaal: u. 100 [&hellip;]<\/p>\n","protected":false},"featured_media":14524,"comment_status":"closed","ping_status":"closed","template":"","meta":[],"product_cat":[792,401,280,338,284],"product_tag":[],"class_list":{"0":"post-14520","1":"product","2":"type-product","3":"status-publish","4":"has-post-thumbnail","6":"product_cat-uued-tooted","7":"product_cat-juuksuri-tarvikud","8":"product_cat-elektrilised-toovahendid","9":"product_cat-sirgendajad","10":"product_cat-reisimiseks","12":"first","13":"instock","14":"taxable","15":"shipping-taxable","16":"purchasable","17":"product-type-simple"},"_links":{"self":[{"href":"https:\/\/saxsim.ee\/swp\/wp-json\/wp\/v2\/product\/14520"}],"collection":[{"href":"https:\/\/saxsim.ee\/swp\/wp-json\/wp\/v2\/product"}],"about":[{"href":"https:\/\/saxsim.ee\/swp\/wp-json\/wp\/v2\/types\/product"}],"replies":[{"embeddable":true,"href":"https:\/\/saxsim.ee\/swp\/wp-json\/wp\/v2\/comments?post=14520"}],"wp:featuredmedia":[{"embeddable":true,"href":"https:\/\/saxsim.ee\/swp\/wp-json\/wp\/v2\/media\/14524"}],"wp:attachment":[{"href":"https:\/\/saxsim.ee\/swp\/wp-json\/wp\/v2\/media?parent=14520"}],"wp:term":[{"taxonomy":"product_cat","embeddable":true,"href":"https:\/\/saxsim.ee\/swp\/wp-json\/wp\/v2\/product_cat?post=14520"},{"taxonomy":"product_tag","embeddable":true,"href":"https:\/\/saxsim.ee\/swp\/wp-json\/wp\/v2\/product_tag?post=14520"}],"curies":[{"name":"wp","href":"https:\/\/api.w.org\/{rel}","templated":true}]}}