{"id":1451,"date":"2017-03-15T11:37:55","date_gmt":"2017-03-15T09:37:55","guid":{"rendered":"https:\/\/www.saxsim.ee\/swp\/toode\/seven-fresh-me-moisture-shampoo-250-ml\/"},"modified":"2024-01-07T17:35:16","modified_gmt":"2024-01-07T15:35:16","slug":"seven-fresh-me-moisture-shampoo-250-ml","status":"publish","type":"product","link":"https:\/\/saxsim.ee\/swp\/product\/seven-fresh-me-moisture-shampoo-250-ml\/","title":{"rendered":"Seven Fresh Me! Moisture Shampoo 250 ml &#8211; niisutav \u0161ampoon"},"content":{"rendered":"<p>Juuste niiskustasakaalu s\u00e4ilitav \u0161ampoon. Pikendab juuksev\u00e4rvi kestvust ja tagab ilusa l\u00e4ike. Sisaldab Moringapuu seemneekstrakti, mis kaitseb juukseid keskkonna saastatuse eest. Aitab kaasa peanaha loomuliku kaitsekihi s\u00e4ilitamisele, v\u00e4hendab peanaha \u00e4rritusi ja takistab bakterite kogunemist peanahale. Sobib k\u00f5ikidele juukset\u00fc\u00fcpidele, eriti kuivadele juustele.<\/p>\n<p><strong>Kasutamine:<\/strong> Kanna \u0161ampoon niisketesse juustesse, aja vahule ja pese. Loputa korralikult.<\/p>\n<p><span class=\"label label-primary\">Colorant free<\/span> <span class=\"label label-primary\">UV filter<\/span> <span class=\"label label-primary\">Color protection<\/span><\/p>\n<p>pH: 5.0<\/p>\n<p>&nbsp;<\/p>\n","protected":false},"excerpt":{"rendered":"<p>Juuste niiskustasakaalu s\u00e4ilitav \u0161ampoon. Pikendab juuksev\u00e4rvi kestvust ja tagab ilusa l\u00e4ike. Sisaldab Moringapuu seemneekstrakti, mis kaitseb juukseid keskkonna saastatuse eest. Aitab kaasa peanaha loomuliku kaitsekihi s\u00e4ilitamisele, v\u00e4hendab peanaha \u00e4rritusi ja takistab bakterite kogunemist peanahale. Sobib k\u00f5ikidele juukset\u00fc\u00fcpidele, eriti kuivadele juustele. Kasutamine: Kanna \u0161ampoon niisketesse juustesse, aja vahule ja pese. Loputa korralikult. Colorant free UV filter [&hellip;]<\/p>\n","protected":false},"featured_media":1452,"comment_status":"closed","ping_status":"closed","template":"","meta":[],"product_cat":[725,395,659],"product_tag":[],"class_list":{"0":"post-1451","1":"product","2":"type-product","3":"status-publish","4":"has-post-thumbnail","6":"product_cat-seven","7":"product_cat-juuksed","8":"product_cat-sampoonid","10":"first","11":"instock","12":"taxable","13":"shipping-taxable","14":"purchasable","15":"product-type-simple"},"_links":{"self":[{"href":"https:\/\/saxsim.ee\/swp\/wp-json\/wp\/v2\/product\/1451"}],"collection":[{"href":"https:\/\/saxsim.ee\/swp\/wp-json\/wp\/v2\/product"}],"about":[{"href":"https:\/\/saxsim.ee\/swp\/wp-json\/wp\/v2\/types\/product"}],"replies":[{"embeddable":true,"href":"https:\/\/saxsim.ee\/swp\/wp-json\/wp\/v2\/comments?post=1451"}],"wp:featuredmedia":[{"embeddable":true,"href":"https:\/\/saxsim.ee\/swp\/wp-json\/wp\/v2\/media\/1452"}],"wp:attachment":[{"href":"https:\/\/saxsim.ee\/swp\/wp-json\/wp\/v2\/media?parent=1451"}],"wp:term":[{"taxonomy":"product_cat","embeddable":true,"href":"https:\/\/saxsim.ee\/swp\/wp-json\/wp\/v2\/product_cat?post=1451"},{"taxonomy":"product_tag","embeddable":true,"href":"https:\/\/saxsim.ee\/swp\/wp-json\/wp\/v2\/product_tag?post=1451"}],"curies":[{"name":"wp","href":"https:\/\/api.w.org\/{rel}","templated":true}]}}