{"id":1447,"date":"2017-03-15T11:22:15","date_gmt":"2017-03-15T09:22:15","guid":{"rendered":"https:\/\/www.saxsim.ee\/swp\/?post_type=product&#038;p=1447"},"modified":"2025-11-27T10:38:17","modified_gmt":"2025-11-27T08:38:17","slug":"seven-back-up-styling-spray-150-ml","status":"publish","type":"product","link":"https:\/\/saxsim.ee\/swp\/product\/seven-back-up-styling-spray-150-ml\/","title":{"rendered":"Seven Back Up Styling Spray 150 ml &#8211; modelleerimissprei"},"content":{"rendered":"<p>Spetsiaalne modelleerimissprei \u00f5hukestele juustele. Sisaldab Pro-vitamiini B5, mis tugevdab ja parandab juukseid. Lisab s\u00e4ra ja elastsust ning s\u00e4ilitab juuste niiskustasakaalu. Kaitseb juukseid oks\u00fcdeerumise ning kuumakahjustuste eest. Omab antiseptilist toimet. Sobib k\u00f5ikidele juukset\u00fc\u00fcpidele.<\/p>\n<p><strong>Kasutamine:<\/strong>\u00a0 Pihusta niisketesse v\u00f5i kuivadesse juustesse. F\u00f6\u00f6nita, sirgesta v\u00f5i lase vabalt kuivada.<\/p>\n<p><span class=\"label label-primary\">UV filter<\/span> <span class=\"label label-primary\">Heat protection<\/span><\/p>\n<p>pH: 7.1<\/p>\n","protected":false},"excerpt":{"rendered":"<p>Spetsiaalne modelleerimissprei \u00f5hukestele juustele. Sisaldab Pro-vitamiini B5, mis tugevdab ja parandab juukseid. Lisab s\u00e4ra ja elastsust ning s\u00e4ilitab juuste niiskustasakaalu. Kaitseb juukseid oks\u00fcdeerumise ning kuumakahjustuste eest. Omab antiseptilist toimet. Sobib k\u00f5ikidele juukset\u00fc\u00fcpidele. Kasutamine:\u00a0 Pihusta niisketesse v\u00f5i kuivadesse juustesse. F\u00f6\u00f6nita, sirgesta v\u00f5i lase vabalt kuivada. UV filter Heat protection pH: 7.1<\/p>\n","protected":false},"featured_media":1448,"comment_status":"closed","ping_status":"closed","template":"","meta":[],"product_cat":[725,395,686],"product_tag":[],"class_list":{"0":"post-1447","1":"product","2":"type-product","3":"status-publish","4":"has-post-thumbnail","6":"product_cat-seven","7":"product_cat-juuksed","8":"product_cat-soenguvedelikud","10":"first","11":"instock","12":"taxable","13":"shipping-taxable","14":"purchasable","15":"product-type-simple"},"_links":{"self":[{"href":"https:\/\/saxsim.ee\/swp\/wp-json\/wp\/v2\/product\/1447"}],"collection":[{"href":"https:\/\/saxsim.ee\/swp\/wp-json\/wp\/v2\/product"}],"about":[{"href":"https:\/\/saxsim.ee\/swp\/wp-json\/wp\/v2\/types\/product"}],"replies":[{"embeddable":true,"href":"https:\/\/saxsim.ee\/swp\/wp-json\/wp\/v2\/comments?post=1447"}],"wp:featuredmedia":[{"embeddable":true,"href":"https:\/\/saxsim.ee\/swp\/wp-json\/wp\/v2\/media\/1448"}],"wp:attachment":[{"href":"https:\/\/saxsim.ee\/swp\/wp-json\/wp\/v2\/media?parent=1447"}],"wp:term":[{"taxonomy":"product_cat","embeddable":true,"href":"https:\/\/saxsim.ee\/swp\/wp-json\/wp\/v2\/product_cat?post=1447"},{"taxonomy":"product_tag","embeddable":true,"href":"https:\/\/saxsim.ee\/swp\/wp-json\/wp\/v2\/product_tag?post=1447"}],"curies":[{"name":"wp","href":"https:\/\/api.w.org\/{rel}","templated":true}]}}