{"id":14464,"date":"2025-04-06T19:06:11","date_gmt":"2025-04-06T16:06:11","guid":{"rendered":"https:\/\/saxsim.ee\/swp\/?post_type=product&#038;p=14464"},"modified":"2025-04-06T19:17:06","modified_gmt":"2025-04-06T16:17:06","slug":"jaguar-satin-30-30-6-0-kahepoolsed-fileerkaarid","status":"publish","type":"product","link":"https:\/\/saxsim.ee\/swp\/product\/jaguar-satin-30-30-6-0-kahepoolsed-fileerkaarid\/","title":{"rendered":"Jaguar Satin 30\/30 6.0&#8243; &#8211; kahepoolsed fileerk\u00e4\u00e4rid"},"content":{"rendered":"<p>Jaguar Satin 30\/30 6.0&#8243; fileerk\u00e4\u00e4rid tagavad meeldivalt \u00f5rna l\u00f5iketunde ja t\u00e4pse l\u00f5ike. Jaguar Satin 30\/30 6.0&#8243; fileerk\u00e4\u00e4rid v\u00f5imaldab kasutada paljusid juuksel\u00f5ikustehnikaid, eriti sobilik h\u00f5renevate juuste jaoks ja eriti peenikeste j\u00e4rkj\u00e4rguliste \u00fcleminekute jaoks.<\/p>\n<p>&#8211; kahepoolsed fileerk\u00e4\u00e4rid<br \/>\n&#8211; klassikalise kujuga<br \/>\n&#8211; 30 hammast<br \/>\n&#8211; s<span class=\"HwtZe\" lang=\"et\"><span class=\"jCAhz ChMk0b\"><span class=\"ryNqvb\">atiinviimistlusega v\u00e4limus<\/span><\/span><\/span><br \/>\n&#8211; lame, s\u00fcvistatud reguleerimiskruvi<br \/>\n&#8211; \u00fcks eemaldatav s\u00f5rmetugi<br \/>\n&#8211; s\u00f5rmer\u00f5ngad<br \/>\n&#8211; materjal: <span class=\"HwtZe\" lang=\"et\"><span class=\"jCAhz ChMk0b\"><span class=\"ryNqvb\">roostevaba kroomteras<\/span><\/span><\/span><br \/>\n&#8211; pikkus: 6&#8243; ( 15,25 cm. )<br \/>\n&#8211; kaal: 46 g.<\/p>\n<p>Valmistatud: Saksamaal<\/p>\n","protected":false},"excerpt":{"rendered":"<p>Jaguar Satin 30\/30 6.0&#8243; fileerk\u00e4\u00e4rid tagavad meeldivalt \u00f5rna l\u00f5iketunde ja t\u00e4pse l\u00f5ike. Jaguar Satin 30\/30 6.0&#8243; fileerk\u00e4\u00e4rid v\u00f5imaldab kasutada paljusid juuksel\u00f5ikustehnikaid, eriti sobilik h\u00f5renevate juuste jaoks ja eriti peenikeste j\u00e4rkj\u00e4rguliste \u00fcleminekute jaoks. &#8211; kahepoolsed fileerk\u00e4\u00e4rid &#8211; klassikalise kujuga &#8211; 30 hammast &#8211; satiinviimistlusega v\u00e4limus &#8211; lame, s\u00fcvistatud reguleerimiskruvi &#8211; \u00fcks eemaldatav s\u00f5rmetugi &#8211; s\u00f5rmer\u00f5ngad &#8211; [&hellip;]<\/p>\n","protected":false},"featured_media":14465,"comment_status":"closed","ping_status":"closed","template":"","meta":[],"product_cat":[792,736,401,174,277],"product_tag":[],"class_list":{"0":"post-14464","1":"product","2":"type-product","3":"status-publish","4":"has-post-thumbnail","6":"product_cat-uued-tooted","7":"product_cat-jaguar","8":"product_cat-juuksuri-tarvikud","9":"product_cat-kaarid","10":"product_cat-fileerkaarid","12":"first","13":"instock","14":"taxable","15":"shipping-taxable","16":"purchasable","17":"product-type-simple"},"_links":{"self":[{"href":"https:\/\/saxsim.ee\/swp\/wp-json\/wp\/v2\/product\/14464"}],"collection":[{"href":"https:\/\/saxsim.ee\/swp\/wp-json\/wp\/v2\/product"}],"about":[{"href":"https:\/\/saxsim.ee\/swp\/wp-json\/wp\/v2\/types\/product"}],"replies":[{"embeddable":true,"href":"https:\/\/saxsim.ee\/swp\/wp-json\/wp\/v2\/comments?post=14464"}],"wp:featuredmedia":[{"embeddable":true,"href":"https:\/\/saxsim.ee\/swp\/wp-json\/wp\/v2\/media\/14465"}],"wp:attachment":[{"href":"https:\/\/saxsim.ee\/swp\/wp-json\/wp\/v2\/media?parent=14464"}],"wp:term":[{"taxonomy":"product_cat","embeddable":true,"href":"https:\/\/saxsim.ee\/swp\/wp-json\/wp\/v2\/product_cat?post=14464"},{"taxonomy":"product_tag","embeddable":true,"href":"https:\/\/saxsim.ee\/swp\/wp-json\/wp\/v2\/product_tag?post=14464"}],"curies":[{"name":"wp","href":"https:\/\/api.w.org\/{rel}","templated":true}]}}