{"id":14396,"date":"2025-03-30T16:55:41","date_gmt":"2025-03-30T13:55:41","guid":{"rendered":"https:\/\/saxsim.ee\/swp\/?post_type=product&#038;p=14396"},"modified":"2025-04-12T09:24:51","modified_gmt":"2025-04-12T06:24:51","slug":"salon-stool-organic-tootool","status":"publish","type":"product","link":"https:\/\/saxsim.ee\/swp\/product\/salon-stool-organic-tootool\/","title":{"rendered":"Salon Stool, Organic &#8211; t\u00f6\u00f6tool"},"content":{"rendered":"<p>Kvaliteetne sadultool juuksurile v\u00f5i kosmeetikule.<\/p>\n<p>&#8211; 5-haruline kroomitud jalg, \u00f8 46 cm.<br \/>\n&#8211; reguleeritava k\u00f5rgusega ( 59-78 cm. ) gaasipump<br \/>\n&#8211; kvaliteetne PU (Pol\u00fcuretaan) kattematerjal<br \/>\n&#8211; kummist rattad<br \/>\n&#8211; kaal: 6 kg.<\/p>\n","protected":false},"excerpt":{"rendered":"<p>Kvaliteetne sadultool juuksurile v\u00f5i kosmeetikule. &#8211; 5-haruline kroomitud jalg, \u00f8 46 cm. &#8211; reguleeritava k\u00f5rgusega ( 59-78 cm. ) gaasipump &#8211; kvaliteetne PU (Pol\u00fcuretaan) kattematerjal &#8211; kummist rattad &#8211; kaal: 6 kg.<\/p>\n","protected":false},"featured_media":14489,"comment_status":"closed","ping_status":"closed","template":"","meta":[],"product_cat":[325,333,400,589,577,401],"product_tag":[],"class_list":{"0":"post-14396","1":"product","2":"type-product","3":"status-publish","4":"has-post-thumbnail","6":"product_cat-juuksuri-ja-ilusalongi-sisustus","7":"product_cat-tootoolid","8":"product_cat-ilusalongi-sisustus","9":"product_cat-tootoolid-ilusalongi-sisustus","10":"product_cat-iluteenindaja-tarvikud","11":"product_cat-juuksuri-tarvikud","13":"first","14":"instock","15":"taxable","16":"shipping-taxable","17":"purchasable","18":"product-type-simple"},"_links":{"self":[{"href":"https:\/\/saxsim.ee\/swp\/wp-json\/wp\/v2\/product\/14396"}],"collection":[{"href":"https:\/\/saxsim.ee\/swp\/wp-json\/wp\/v2\/product"}],"about":[{"href":"https:\/\/saxsim.ee\/swp\/wp-json\/wp\/v2\/types\/product"}],"replies":[{"embeddable":true,"href":"https:\/\/saxsim.ee\/swp\/wp-json\/wp\/v2\/comments?post=14396"}],"wp:featuredmedia":[{"embeddable":true,"href":"https:\/\/saxsim.ee\/swp\/wp-json\/wp\/v2\/media\/14489"}],"wp:attachment":[{"href":"https:\/\/saxsim.ee\/swp\/wp-json\/wp\/v2\/media?parent=14396"}],"wp:term":[{"taxonomy":"product_cat","embeddable":true,"href":"https:\/\/saxsim.ee\/swp\/wp-json\/wp\/v2\/product_cat?post=14396"},{"taxonomy":"product_tag","embeddable":true,"href":"https:\/\/saxsim.ee\/swp\/wp-json\/wp\/v2\/product_tag?post=14396"}],"curies":[{"name":"wp","href":"https:\/\/api.w.org\/{rel}","templated":true}]}}