{"id":14391,"date":"2025-03-27T09:21:32","date_gmt":"2025-03-27T07:21:32","guid":{"rendered":"https:\/\/saxsim.ee\/swp\/?post_type=product&#038;p=14391"},"modified":"2025-04-06T19:16:45","modified_gmt":"2025-04-06T16:16:45","slug":"jaguar-dynasty-33-33-fade-6-0-fileerkaarid","status":"publish","type":"product","link":"https:\/\/saxsim.ee\/swp\/product\/jaguar-dynasty-33-33-fade-6-0-fileerkaarid\/","title":{"rendered":"Jaguar Dynasty 33\/33 Fade 6.0&#8243; &#8211; kahepoolsed fileerk\u00e4\u00e4rid"},"content":{"rendered":"<p>Jaguar Dynasty 33\/33 Fade 6.0&#8243; fileerk\u00e4\u00e4rid tagavad meeldivalt \u00f5rna l\u00f5iketunde ja t\u00e4pse l\u00f5ike. Sobivad ka vasakuk\u00e4elistele juuksuritele. Jaguar Dynasty 33\/33 Fade 6.0&#8243; fileerk\u00e4\u00e4rid v\u00f5imaldab kasutada paljusid juuksel\u00f5ikustehnikaid, eriti sobilik h\u00f5renevate juuste jaoks ja eriti peenikeste j\u00e4rkj\u00e4rguliste \u00fcleminekute jaoks.<\/p>\n<p>&#8211; kahepoolsed fileerk\u00e4\u00e4rid<br \/>\n&#8211; klassikalise kujuga<br \/>\n&#8211; sobivad ka vasakuk\u00e4elistele<br \/>\n&#8211; 33 hammast<br \/>\n&#8211; l\u00e4ikiv poleeritud pind<br \/>\n&#8211; lame, s\u00fcvistatud reguleerimiskruvi<br \/>\n&#8211; kaks eemaldatavat s\u00f5rmetuge<br \/>\n&#8211; s\u00f5rmer\u00f5ngad<br \/>\n&#8211; materjal: mol\u00fcbdeenteras<br \/>\n&#8211; pikkus: 6&#8243; ( 15,25 cm. )<br \/>\n&#8211; kaal: 42 g.<br \/>\n&#8211; hooldus\u00f5li<br \/>\n&#8211; hoolduslapp<br \/>\n&#8211; reguleerimisv\u00f5ti<\/p>\n<p>Valmistatud: Saksamaal<\/p>\n","protected":false},"excerpt":{"rendered":"<p>Jaguar Dynasty 33\/33 Fade 6.0&#8243; fileerk\u00e4\u00e4rid tagavad meeldivalt \u00f5rna l\u00f5iketunde ja t\u00e4pse l\u00f5ike. Sobivad ka vasakuk\u00e4elistele juuksuritele. Jaguar Dynasty 33\/33 Fade 6.0&#8243; fileerk\u00e4\u00e4rid v\u00f5imaldab kasutada paljusid juuksel\u00f5ikustehnikaid, eriti sobilik h\u00f5renevate juuste jaoks ja eriti peenikeste j\u00e4rkj\u00e4rguliste \u00fcleminekute jaoks. &#8211; kahepoolsed fileerk\u00e4\u00e4rid &#8211; klassikalise kujuga &#8211; sobivad ka vasakuk\u00e4elistele &#8211; 33 hammast &#8211; l\u00e4ikiv poleeritud pind [&hellip;]<\/p>\n","protected":false},"featured_media":14461,"comment_status":"closed","ping_status":"closed","template":"","meta":[],"product_cat":[792,736,401,174,277,740],"product_tag":[],"class_list":{"0":"post-14391","1":"product","2":"type-product","3":"status-publish","4":"has-post-thumbnail","6":"product_cat-uued-tooted","7":"product_cat-jaguar","8":"product_cat-juuksuri-tarvikud","9":"product_cat-kaarid","10":"product_cat-fileerkaarid","11":"product_cat-vasakukaeliste-kaarid","13":"first","14":"instock","15":"taxable","16":"shipping-taxable","17":"purchasable","18":"product-type-simple"},"_links":{"self":[{"href":"https:\/\/saxsim.ee\/swp\/wp-json\/wp\/v2\/product\/14391"}],"collection":[{"href":"https:\/\/saxsim.ee\/swp\/wp-json\/wp\/v2\/product"}],"about":[{"href":"https:\/\/saxsim.ee\/swp\/wp-json\/wp\/v2\/types\/product"}],"replies":[{"embeddable":true,"href":"https:\/\/saxsim.ee\/swp\/wp-json\/wp\/v2\/comments?post=14391"}],"wp:featuredmedia":[{"embeddable":true,"href":"https:\/\/saxsim.ee\/swp\/wp-json\/wp\/v2\/media\/14461"}],"wp:attachment":[{"href":"https:\/\/saxsim.ee\/swp\/wp-json\/wp\/v2\/media?parent=14391"}],"wp:term":[{"taxonomy":"product_cat","embeddable":true,"href":"https:\/\/saxsim.ee\/swp\/wp-json\/wp\/v2\/product_cat?post=14391"},{"taxonomy":"product_tag","embeddable":true,"href":"https:\/\/saxsim.ee\/swp\/wp-json\/wp\/v2\/product_tag?post=14391"}],"curies":[{"name":"wp","href":"https:\/\/api.w.org\/{rel}","templated":true}]}}