{"id":14390,"date":"2025-03-27T09:13:07","date_gmt":"2025-03-27T07:13:07","guid":{"rendered":"https:\/\/saxsim.ee\/swp\/?post_type=product&#038;p=14390"},"modified":"2025-04-04T09:34:15","modified_gmt":"2025-04-04T06:34:15","slug":"ceramic-curling-iron-thinness-9-mm-lokitangid","status":"publish","type":"product","link":"https:\/\/saxsim.ee\/swp\/product\/ceramic-curling-iron-thinness-9-mm-lokitangid\/","title":{"rendered":"Ceramic Curling Iron \u203aThinness\u2039 9 mm &#8211; lokitangid"},"content":{"rendered":"<p>Keraamilise kattega lokitangid.<\/p>\n<p><strong>Tehnilised andmed:<\/strong><\/p>\n<p>&#8211; v\u00f5imsus: 32 W<br \/>\n&#8211; lokitangide pikkus: 37 cm.<br \/>\n&#8211; kuumeneva t\u00f6\u00f6pinna suurus: 175 x 9 mm.<br \/>\n&#8211; kiirelt kuumenev<br \/>\n&#8211; 4 kuumusastet ( 140, 160, 180 ja 200\u00b0C )<br \/>\n* 140\u00b0C \u00f5hukestele juustele<br \/>\n* 160-180\u00b0C normaalsetele juustele<br \/>\n* 200\u00b0C paksudele v\u00f5i lainelistele juustele<br \/>\n&#8211; mittekuumenev ots<br \/>\n&#8211; kaal:\u00a0 u. 150 g. ( ilma juhtmeta )<br \/>\n&#8211; riputusaasaga p\u00f6\u00f6rlev juhe: 2,8 m<\/p>\n","protected":false},"excerpt":{"rendered":"<p>Keraamilise kattega lokitangid. Tehnilised andmed: &#8211; v\u00f5imsus: 32 W &#8211; lokitangide pikkus: 37 cm. &#8211; kuumeneva t\u00f6\u00f6pinna suurus: 175 x 9 mm. &#8211; kiirelt kuumenev &#8211; 4 kuumusastet ( 140, 160, 180 ja 200\u00b0C ) * 140\u00b0C \u00f5hukestele juustele * 160-180\u00b0C normaalsetele juustele * 200\u00b0C paksudele v\u00f5i lainelistele juustele &#8211; mittekuumenev ots &#8211; kaal:\u00a0 u. [&hellip;]<\/p>\n","protected":false},"featured_media":14435,"comment_status":"closed","ping_status":"closed","template":"","meta":[],"product_cat":[792,401,280,281],"product_tag":[],"class_list":{"0":"post-14390","1":"product","2":"type-product","3":"status-publish","4":"has-post-thumbnail","6":"product_cat-uued-tooted","7":"product_cat-juuksuri-tarvikud","8":"product_cat-elektrilised-toovahendid","9":"product_cat-lokitangid","11":"first","12":"instock","13":"taxable","14":"shipping-taxable","15":"purchasable","16":"product-type-simple"},"_links":{"self":[{"href":"https:\/\/saxsim.ee\/swp\/wp-json\/wp\/v2\/product\/14390"}],"collection":[{"href":"https:\/\/saxsim.ee\/swp\/wp-json\/wp\/v2\/product"}],"about":[{"href":"https:\/\/saxsim.ee\/swp\/wp-json\/wp\/v2\/types\/product"}],"replies":[{"embeddable":true,"href":"https:\/\/saxsim.ee\/swp\/wp-json\/wp\/v2\/comments?post=14390"}],"wp:featuredmedia":[{"embeddable":true,"href":"https:\/\/saxsim.ee\/swp\/wp-json\/wp\/v2\/media\/14435"}],"wp:attachment":[{"href":"https:\/\/saxsim.ee\/swp\/wp-json\/wp\/v2\/media?parent=14390"}],"wp:term":[{"taxonomy":"product_cat","embeddable":true,"href":"https:\/\/saxsim.ee\/swp\/wp-json\/wp\/v2\/product_cat?post=14390"},{"taxonomy":"product_tag","embeddable":true,"href":"https:\/\/saxsim.ee\/swp\/wp-json\/wp\/v2\/product_tag?post=14390"}],"curies":[{"name":"wp","href":"https:\/\/api.w.org\/{rel}","templated":true}]}}