{"id":14389,"date":"2025-03-27T09:08:54","date_gmt":"2025-03-27T07:08:54","guid":{"rendered":"https:\/\/saxsim.ee\/swp\/?post_type=product&#038;p=14389"},"modified":"2025-04-06T18:20:33","modified_gmt":"2025-04-06T15:20:33","slug":"steam-straightener-daily-care-aurufunktsiooniga-sirgendaja","status":"publish","type":"product","link":"https:\/\/saxsim.ee\/swp\/product\/steam-straightener-daily-care-aurufunktsiooniga-sirgendaja\/","title":{"rendered":"Steam Straightener Daily Care &#8211; aurufunktsiooniga sirgendaja"},"content":{"rendered":"<p>Kahe funktsiooniga ( tavaline- ja aurufunktsioon ), keraamiliste plaatidega sirgendaja, mille kitsas disain sobib ideaalselt ka lokkide tegemiseks. Plaatide keraamiline kate jaotab \u00fchtlaselt soojust, kaitseb juukseid kuivamise eest ja on antistaatilise toimega.<\/p>\n<p><strong>Tehnilised andmed:<\/strong><br \/>\n&#8211; v\u00f5imsus: 51 W<br \/>\n&#8211; 4 t\u00f6\u00f6temperatuur: 160 &#8211; 220\u00b0C<br \/>\n&#8211; kiirelt kuumenevad plaadid<br \/>\n&#8211; vetruvad keraamilised plaadid: 26 x 110 mm.<br \/>\n&#8211; automaatne v\u00e4ljal\u00fclitus 60 min. m\u00f6\u00f6dumisel<br \/>\n&#8211; LED indikaator<br \/>\n&#8211; sirgendaja pikkus: 30 cm.<br \/>\n&#8211; kaal: u. 280 g. ( ilma juhtmeta )<br \/>\n&#8211; p\u00f6\u00f6rlev juhe: 2,7 m<\/p>\n<p><strong>Komplektis:<\/strong><br \/>\n&#8211; 1 aurufunktsiooniga sirgendaja<br \/>\n&#8211; 30 ml pudel<\/p>\n<p><strong>Steam Straightener Daily Care sirgendaja aurufunktsiooni kasutamine:<\/strong><br \/>\n&#8211; eemaldage magnetkinnitusega veeanum ja t\u00e4itke see veega<br \/>\n&#8211; asetage veega t\u00e4idetud ja korralikult suletud veeanum oma kohale tagasi<br \/>\n&#8211; l\u00fclitage sirgendaja t\u00f6\u00f6le<br \/>\n&#8211; p\u00f5lev indikaatortuli n\u00e4itab, et aurufunktsioon toimib<\/p>\n<p><strong>S\u00e4rin ja susisemine on toimiva aurufunktsiooni kasutamisel normaalne!<\/strong><\/p>\n<p>Toodetud: Hiinas<\/p>\n","protected":false},"excerpt":{"rendered":"<p>Kahe funktsiooniga ( tavaline- ja aurufunktsioon ), keraamiliste plaatidega sirgendaja, mille kitsas disain sobib ideaalselt ka lokkide tegemiseks. Plaatide keraamiline kate jaotab \u00fchtlaselt soojust, kaitseb juukseid kuivamise eest ja on antistaatilise toimega. Tehnilised andmed: &#8211; v\u00f5imsus: 51 W &#8211; 4 t\u00f6\u00f6temperatuur: 160 &#8211; 220\u00b0C &#8211; kiirelt kuumenevad plaadid &#8211; vetruvad keraamilised plaadid: 26 x 110 [&hellip;]<\/p>\n","protected":false},"featured_media":14440,"comment_status":"closed","ping_status":"closed","template":"","meta":[],"product_cat":[792,401,280,338],"product_tag":[],"class_list":{"0":"post-14389","1":"product","2":"type-product","3":"status-publish","4":"has-post-thumbnail","6":"product_cat-uued-tooted","7":"product_cat-juuksuri-tarvikud","8":"product_cat-elektrilised-toovahendid","9":"product_cat-sirgendajad","11":"first","12":"instock","13":"taxable","14":"shipping-taxable","15":"purchasable","16":"product-type-simple"},"_links":{"self":[{"href":"https:\/\/saxsim.ee\/swp\/wp-json\/wp\/v2\/product\/14389"}],"collection":[{"href":"https:\/\/saxsim.ee\/swp\/wp-json\/wp\/v2\/product"}],"about":[{"href":"https:\/\/saxsim.ee\/swp\/wp-json\/wp\/v2\/types\/product"}],"replies":[{"embeddable":true,"href":"https:\/\/saxsim.ee\/swp\/wp-json\/wp\/v2\/comments?post=14389"}],"wp:featuredmedia":[{"embeddable":true,"href":"https:\/\/saxsim.ee\/swp\/wp-json\/wp\/v2\/media\/14440"}],"wp:attachment":[{"href":"https:\/\/saxsim.ee\/swp\/wp-json\/wp\/v2\/media?parent=14389"}],"wp:term":[{"taxonomy":"product_cat","embeddable":true,"href":"https:\/\/saxsim.ee\/swp\/wp-json\/wp\/v2\/product_cat?post=14389"},{"taxonomy":"product_tag","embeddable":true,"href":"https:\/\/saxsim.ee\/swp\/wp-json\/wp\/v2\/product_tag?post=14389"}],"curies":[{"name":"wp","href":"https:\/\/api.w.org\/{rel}","templated":true}]}}