{"id":14388,"date":"2025-03-27T09:04:38","date_gmt":"2025-03-27T07:04:38","guid":{"rendered":"https:\/\/saxsim.ee\/swp\/?post_type=product&#038;p=14388"},"modified":"2025-04-06T17:56:29","modified_gmt":"2025-04-06T14:56:29","slug":"hd-tributo-1200-w-kasifoon","status":"publish","type":"product","link":"https:\/\/saxsim.ee\/swp\/product\/hd-tributo-1200-w-kasifoon\/","title":{"rendered":"HD Tributo 1200 W &#8211; k\u00e4sif\u00f6\u00f6n"},"content":{"rendered":"<p>HD Tributo avaldab muljet oma \u00e4\u00e4rmusliku j\u00f5udluse ja uuendusliku tehnoloogiaga. Kiire BLDC mootori ja v\u00f5imsa \u00f5huvooluga on juuste kuivatamine ja kujundamine lapsem\u00e4ng. HD Tributo t\u00e4idab k\u00f5ik soovid. Oma \u00fclikerge disaini ja vaikse t\u00f6\u00f6ga on see ideaalne kaaslane igasse salongi. Ergonoomiline k\u00e4epide ja intuitiivne juhtimine muudavad selle sobivaks nii parema- kui ka vasakuk\u00e4elistele kasutajatele. Professionaalne f\u00f6\u00f6n, mis ei tee kompromisse.<\/p>\n<p><strong>Tehnilised andmed:<\/strong><br \/>\n&#8211; 220-240 V \/\/ 50-60 Hz<br \/>\n&#8211; v\u00f5imsus: 1200 W<br \/>\n&#8211; kiire BLDC mootor<br \/>\n&#8211; 110 000 p\u00f6\u00f6ret minutis<br \/>\n&#8211; \u00f5huvoo kiirus: &gt;= 28 m\/s<br \/>\n&#8211; madal m\u00fcratase: ainult 65 dB(A)<br \/>\n&#8211; 3 kiirust<br \/>\n&#8211; 3 kuumusastet ( 60, 90 ja 120\u00b0C )<br \/>\n&#8211; k\u00fclma \u00f5huvoo nupp<br \/>\n&#8211; digitaalne LCD-ekraan<br \/>\n\u2013 automaatne ( Auto-Clean ) puhastamise funktsioon:<br \/>\n* t\u00f6\u00f6ks kasutamisel: v\u00e4hemalt 1 kord p\u00e4evas<br \/>\n* kodus kasutamisel: v\u00e4hemalt 1 kord n\u00e4dalas<br \/>\n&#8211; eemaldatav filter<br \/>\n&#8211; 2 magnetkinnitusega \u00f5husuunajat (\u00a0 65&#215;12 mm ja\u00a0 95&#215;12 mm )<br \/>\n&#8211; 1 magnetkinnitusega difuusor<br \/>\n&#8211; \u00f5husuunajaid saab kinnitada vertikaalselt v\u00f5i horisontaalselt<br \/>\n&#8211; kaal: 320 g ( ilma juhtmeta )<br \/>\n&#8211; juhe: 2,8 m<br \/>\n&#8211; puhastushari<\/p>\n","protected":false},"excerpt":{"rendered":"<p>HD Tributo avaldab muljet oma \u00e4\u00e4rmusliku j\u00f5udluse ja uuendusliku tehnoloogiaga. Kiire BLDC mootori ja v\u00f5imsa \u00f5huvooluga on juuste kuivatamine ja kujundamine lapsem\u00e4ng. HD Tributo t\u00e4idab k\u00f5ik soovid. Oma \u00fclikerge disaini ja vaikse t\u00f6\u00f6ga on see ideaalne kaaslane igasse salongi. Ergonoomiline k\u00e4epide ja intuitiivne juhtimine muudavad selle sobivaks nii parema- kui ka vasakuk\u00e4elistele kasutajatele. Professionaalne f\u00f6\u00f6n, [&hellip;]<\/p>\n","protected":false},"featured_media":14457,"comment_status":"closed","ping_status":"closed","template":"","meta":[],"product_cat":[792,736,401,280,285],"product_tag":[],"class_list":{"0":"post-14388","1":"product","2":"type-product","3":"status-publish","4":"has-post-thumbnail","6":"product_cat-uued-tooted","7":"product_cat-jaguar","8":"product_cat-juuksuri-tarvikud","9":"product_cat-elektrilised-toovahendid","10":"product_cat-kasifoonid","12":"first","13":"instock","14":"taxable","15":"shipping-taxable","16":"purchasable","17":"product-type-simple"},"_links":{"self":[{"href":"https:\/\/saxsim.ee\/swp\/wp-json\/wp\/v2\/product\/14388"}],"collection":[{"href":"https:\/\/saxsim.ee\/swp\/wp-json\/wp\/v2\/product"}],"about":[{"href":"https:\/\/saxsim.ee\/swp\/wp-json\/wp\/v2\/types\/product"}],"replies":[{"embeddable":true,"href":"https:\/\/saxsim.ee\/swp\/wp-json\/wp\/v2\/comments?post=14388"}],"wp:featuredmedia":[{"embeddable":true,"href":"https:\/\/saxsim.ee\/swp\/wp-json\/wp\/v2\/media\/14457"}],"wp:attachment":[{"href":"https:\/\/saxsim.ee\/swp\/wp-json\/wp\/v2\/media?parent=14388"}],"wp:term":[{"taxonomy":"product_cat","embeddable":true,"href":"https:\/\/saxsim.ee\/swp\/wp-json\/wp\/v2\/product_cat?post=14388"},{"taxonomy":"product_tag","embeddable":true,"href":"https:\/\/saxsim.ee\/swp\/wp-json\/wp\/v2\/product_tag?post=14388"}],"curies":[{"name":"wp","href":"https:\/\/api.w.org\/{rel}","templated":true}]}}