{"id":14386,"date":"2025-03-27T08:56:52","date_gmt":"2025-03-27T06:56:52","guid":{"rendered":"https:\/\/saxsim.ee\/swp\/?post_type=product&#038;p=14386"},"modified":"2025-07-10T11:57:10","modified_gmt":"2025-07-10T08:57:10","slug":"jet-1300-1600-w-kasifoon","status":"publish","type":"product","link":"https:\/\/saxsim.ee\/swp\/product\/jet-1300-1600-w-kasifoon\/","title":{"rendered":"Jet 1300-1600 W &#8211; k\u00e4sif\u00f6\u00f6n"},"content":{"rendered":"<p>Professionaalne k\u00e4sif\u00f6\u00f6n.<\/p>\n<p><strong>Tehnilised andmed:<\/strong><br \/>\n&#8211; 220-240 V \/\/ 50-60 Hz<br \/>\n&#8211; v\u00f5imsus: 1300-1600 W<br \/>\n&#8211; 110 000 p\u00f6\u00f6ret minutis<br \/>\n&#8211; \u00f5huvoo kiirus: 216 km\/h<br \/>\n&#8211; ioontehnoloogia<br \/>\n&#8211; 3 kiirust<br \/>\n&#8211; 3 kuumusastet<br \/>\n&#8211; k\u00fclma \u00f5huvoo nupp<br \/>\n&#8211; eemaldatav filter<br \/>\n&#8211; automaatne ( Auto-Clean ) puhastamise funktsioon<br \/>\n&#8211; 3 vahetatavat otsikut:<br \/>\n* 1 kahekontuuriline otsik 60&#215;10 mm<br \/>\n* 1 aroomiotsik<br \/>\n* 1 difuusor<br \/>\n&#8211; \u00f5husuunajaid saab kinnitada vertikaalselt v\u00f5i horisontaalselt<br \/>\n&#8211; kaal: 275 g ( ilma juhtmeta )<br \/>\n&#8211; juhe: 3,0 m<\/p>\n","protected":false},"excerpt":{"rendered":"<p>Professionaalne k\u00e4sif\u00f6\u00f6n. Tehnilised andmed: &#8211; 220-240 V \/\/ 50-60 Hz &#8211; v\u00f5imsus: 1300-1600 W &#8211; 110 000 p\u00f6\u00f6ret minutis &#8211; \u00f5huvoo kiirus: 216 km\/h &#8211; ioontehnoloogia &#8211; 3 kiirust &#8211; 3 kuumusastet &#8211; k\u00fclma \u00f5huvoo nupp &#8211; eemaldatav filter &#8211; automaatne ( Auto-Clean ) puhastamise funktsioon &#8211; 3 vahetatavat otsikut: * 1 kahekontuuriline otsik 60&#215;10 [&hellip;]<\/p>\n","protected":false},"featured_media":14448,"comment_status":"closed","ping_status":"closed","template":"","meta":[],"product_cat":[792,401,280,285],"product_tag":[],"class_list":{"0":"post-14386","1":"product","2":"type-product","3":"status-publish","4":"has-post-thumbnail","6":"product_cat-uued-tooted","7":"product_cat-juuksuri-tarvikud","8":"product_cat-elektrilised-toovahendid","9":"product_cat-kasifoonid","11":"first","12":"instock","13":"taxable","14":"shipping-taxable","15":"purchasable","16":"product-type-simple"},"_links":{"self":[{"href":"https:\/\/saxsim.ee\/swp\/wp-json\/wp\/v2\/product\/14386"}],"collection":[{"href":"https:\/\/saxsim.ee\/swp\/wp-json\/wp\/v2\/product"}],"about":[{"href":"https:\/\/saxsim.ee\/swp\/wp-json\/wp\/v2\/types\/product"}],"replies":[{"embeddable":true,"href":"https:\/\/saxsim.ee\/swp\/wp-json\/wp\/v2\/comments?post=14386"}],"wp:featuredmedia":[{"embeddable":true,"href":"https:\/\/saxsim.ee\/swp\/wp-json\/wp\/v2\/media\/14448"}],"wp:attachment":[{"href":"https:\/\/saxsim.ee\/swp\/wp-json\/wp\/v2\/media?parent=14386"}],"wp:term":[{"taxonomy":"product_cat","embeddable":true,"href":"https:\/\/saxsim.ee\/swp\/wp-json\/wp\/v2\/product_cat?post=14386"},{"taxonomy":"product_tag","embeddable":true,"href":"https:\/\/saxsim.ee\/swp\/wp-json\/wp\/v2\/product_tag?post=14386"}],"curies":[{"name":"wp","href":"https:\/\/api.w.org\/{rel}","templated":true}]}}