{"id":14385,"date":"2025-03-27T08:50:24","date_gmt":"2025-03-27T06:50:24","guid":{"rendered":"https:\/\/saxsim.ee\/swp\/?post_type=product&#038;p=14385"},"modified":"2025-04-02T09:17:10","modified_gmt":"2025-04-02T06:17:10","slug":"airstyler-desire-4-in-1-4-otsikuga-rullfoon","status":"publish","type":"product","link":"https:\/\/saxsim.ee\/swp\/product\/airstyler-desire-4-in-1-4-otsikuga-rullfoon\/","title":{"rendered":"Airstyler Desire 4 in 1 &#8211; 4 otsikuga rullf\u00f6\u00f6n"},"content":{"rendered":"<p>Nelja vahetatava otsikuga rullf\u00f6\u00f6n.<\/p>\n<p><strong>Tehnilised andmed:<\/strong><\/p>\n<p>v\u00f5imsus: 900 W<br \/>\nkeraamilise kattega v\u00f5re<br \/>\n4 vahetatavat otsikut:<br \/>\n&#8211; u. 25 mm., tugevate plastpiidega, \u00fcmmargune otsik 28 g. ( mahu andmiseks )<br \/>\n&#8211; lapik harja otsik 35 g. ( juuste silumiseks kujundamise ajal )<br \/>\n&#8211; kammiotsik 20 g. ( mahu suurendamiseks juuksepiiril ja l\u00fchikeste juuste kujundamiseks )<br \/>\n&#8211; kuivatusotsik 44 g. ( juuste kuivatamiseks )<br \/>\n3 temperatuuri\/kiiruse astet<br \/>\neemaldatav filter<br \/>\np\u00f6\u00f6rlev juhe: 2,5 m ( 360 \u00b0 p\u00f6\u00f6ratav ) ja riputusaasaga<br \/>\nkaal: 210 g. ( ilma juhtme ja otsikuteta )<br \/>\nm\u00f5\u00f5dud: u. 55 mm x 190 mm ( ilma otsikuteta )<\/p>\n","protected":false},"excerpt":{"rendered":"<p>Nelja vahetatava otsikuga rullf\u00f6\u00f6n. Tehnilised andmed: v\u00f5imsus: 900 W keraamilise kattega v\u00f5re 4 vahetatavat otsikut: &#8211; u. 25 mm., tugevate plastpiidega, \u00fcmmargune otsik 28 g. ( mahu andmiseks ) &#8211; lapik harja otsik 35 g. ( juuste silumiseks kujundamise ajal ) &#8211; kammiotsik 20 g. ( mahu suurendamiseks juuksepiiril ja l\u00fchikeste juuste kujundamiseks ) &#8211; [&hellip;]<\/p>\n","protected":false},"featured_media":14424,"comment_status":"closed","ping_status":"closed","template":"","meta":[],"product_cat":[792,401,280,593],"product_tag":[],"class_list":{"0":"post-14385","1":"product","2":"type-product","3":"status-publish","4":"has-post-thumbnail","6":"product_cat-uued-tooted","7":"product_cat-juuksuri-tarvikud","8":"product_cat-elektrilised-toovahendid","9":"product_cat-rullfoonid","11":"first","12":"instock","13":"taxable","14":"shipping-taxable","15":"purchasable","16":"product-type-simple"},"_links":{"self":[{"href":"https:\/\/saxsim.ee\/swp\/wp-json\/wp\/v2\/product\/14385"}],"collection":[{"href":"https:\/\/saxsim.ee\/swp\/wp-json\/wp\/v2\/product"}],"about":[{"href":"https:\/\/saxsim.ee\/swp\/wp-json\/wp\/v2\/types\/product"}],"replies":[{"embeddable":true,"href":"https:\/\/saxsim.ee\/swp\/wp-json\/wp\/v2\/comments?post=14385"}],"wp:featuredmedia":[{"embeddable":true,"href":"https:\/\/saxsim.ee\/swp\/wp-json\/wp\/v2\/media\/14424"}],"wp:attachment":[{"href":"https:\/\/saxsim.ee\/swp\/wp-json\/wp\/v2\/media?parent=14385"}],"wp:term":[{"taxonomy":"product_cat","embeddable":true,"href":"https:\/\/saxsim.ee\/swp\/wp-json\/wp\/v2\/product_cat?post=14385"},{"taxonomy":"product_tag","embeddable":true,"href":"https:\/\/saxsim.ee\/swp\/wp-json\/wp\/v2\/product_tag?post=14385"}],"curies":[{"name":"wp","href":"https:\/\/api.w.org\/{rel}","templated":true}]}}