{"id":14384,"date":"2025-03-27T08:46:31","date_gmt":"2025-03-27T06:46:31","guid":{"rendered":"https:\/\/saxsim.ee\/swp\/?post_type=product&#038;p=14384"},"modified":"2025-12-03T10:32:39","modified_gmt":"2025-12-03T08:32:39","slug":"hairway-shadow-loikusmasin","status":"publish","type":"product","link":"https:\/\/saxsim.ee\/swp\/product\/hairway-shadow-loikusmasin\/","title":{"rendered":"Hairway Shadow &#8211; l\u00f5ikusmasin"},"content":{"rendered":"<p>Metallist korpusega, juhtmega\/juhtmeta, l\u00f5ikusmasin.<\/p>\n<p><strong>Tehnilised andmed:<\/strong><\/p>\n<p>2500 mAh Li-ion aku<br \/>\naku laadimisaeg \u2013 180 min.<br \/>\nakutoitel t\u00f6\u00f6tab &#8211; 240 min.<br \/>\nreguleeritava k\u00f5rgusega l\u00f5iketera ( 1,5 &#8211; 3,0 mm.<br \/>\nkaal &#8211; 355 g.<br \/>\njuhe &#8211; u. 2 m.<br \/>\nindikaatortuled\u00a0aku laetusastme kuvamiseks<\/p>\n<p><strong>Komplektis:<\/strong><\/p>\n<p>1 legeerterasest (Made in Japan ) l\u00f5ikustera ( laius &#8211; 46 mm. )<br \/>\n6 l\u00f5ikustalda ( 1,5 \/ 3 \/ 4,5 \/ 6 \/ 10 \/ 13 mm. )<br \/>\nlaadimisalus koos juhtmega<br \/>\npuhastushari<br \/>\nmasina\u00f5li<\/p>\n","protected":false},"excerpt":{"rendered":"<p>Metallist korpusega, juhtmega\/juhtmeta, l\u00f5ikusmasin. Tehnilised andmed: 2500 mAh Li-ion aku aku laadimisaeg \u2013 180 min. akutoitel t\u00f6\u00f6tab &#8211; 240 min. reguleeritava k\u00f5rgusega l\u00f5iketera ( 1,5 &#8211; 3,0 mm. kaal &#8211; 355 g. juhe &#8211; u. 2 m. indikaatortuled\u00a0aku laetusastme kuvamiseks Komplektis: 1 legeerterasest (Made in Japan ) l\u00f5ikustera ( laius &#8211; 46 mm. ) 6 [&hellip;]<\/p>\n","protected":false},"featured_media":14407,"comment_status":"closed","ping_status":"closed","template":"","meta":[],"product_cat":[401,280,286],"product_tag":[],"class_list":{"0":"post-14384","1":"product","2":"type-product","3":"status-publish","4":"has-post-thumbnail","6":"product_cat-juuksuri-tarvikud","7":"product_cat-elektrilised-toovahendid","8":"product_cat-loikusmasinad-ja-trimmerid","10":"first","11":"instock","12":"taxable","13":"shipping-taxable","14":"purchasable","15":"product-type-simple"},"_links":{"self":[{"href":"https:\/\/saxsim.ee\/swp\/wp-json\/wp\/v2\/product\/14384"}],"collection":[{"href":"https:\/\/saxsim.ee\/swp\/wp-json\/wp\/v2\/product"}],"about":[{"href":"https:\/\/saxsim.ee\/swp\/wp-json\/wp\/v2\/types\/product"}],"replies":[{"embeddable":true,"href":"https:\/\/saxsim.ee\/swp\/wp-json\/wp\/v2\/comments?post=14384"}],"wp:featuredmedia":[{"embeddable":true,"href":"https:\/\/saxsim.ee\/swp\/wp-json\/wp\/v2\/media\/14407"}],"wp:attachment":[{"href":"https:\/\/saxsim.ee\/swp\/wp-json\/wp\/v2\/media?parent=14384"}],"wp:term":[{"taxonomy":"product_cat","embeddable":true,"href":"https:\/\/saxsim.ee\/swp\/wp-json\/wp\/v2\/product_cat?post=14384"},{"taxonomy":"product_tag","embeddable":true,"href":"https:\/\/saxsim.ee\/swp\/wp-json\/wp\/v2\/product_tag?post=14384"}],"curies":[{"name":"wp","href":"https:\/\/api.w.org\/{rel}","templated":true}]}}