{"id":14383,"date":"2025-03-27T08:45:49","date_gmt":"2025-03-27T06:45:49","guid":{"rendered":"https:\/\/saxsim.ee\/swp\/?post_type=product&#038;p=14383"},"modified":"2025-12-03T10:33:36","modified_gmt":"2025-12-03T08:33:36","slug":"hairway-shadow-mini-trimmer","status":"publish","type":"product","link":"https:\/\/saxsim.ee\/swp\/product\/hairway-shadow-mini-trimmer\/","title":{"rendered":"Hairway Shadow Mini &#8211; trimmer"},"content":{"rendered":"<p>Metallist korpusega, juhtmega\/juhtmeta, professionaalne trimmer.<\/p>\n<p><strong>Tehnilised andmed:<\/strong><\/p>\n<p>2000 mAh Li-ion aku<br \/>\naku laadimisaeg \u2013 180 min.<br \/>\nakutoitel t\u00f6\u00f6tab &#8211; 240 min.<br \/>\nindikaatortuled\u00a0aku laetusastme kuvamiseks<br \/>\nl\u00f5iketera k\u00f5rgus &#8211; 0,1 mm.<br \/>\nkaal &#8211; 225 g.<br \/>\njuhe &#8211; u. 2 m.<\/p>\n<p><strong>Komplektis:<\/strong><\/p>\n<p>1 legeerterasest (Made in Japan ) l\u00f5ikustera ( laius &#8211; 41 mm. )<br \/>\n3 l\u00f5ikustalda ( 1,5 \/ 3 \/ 6 mm. )<br \/>\nlaadimisalus koos juhtmega<br \/>\npuhastushari<br \/>\nmasina\u00f5li<\/p>\n","protected":false},"excerpt":{"rendered":"<p>Metallist korpusega, juhtmega\/juhtmeta, professionaalne trimmer. Tehnilised andmed: 2000 mAh Li-ion aku aku laadimisaeg \u2013 180 min. akutoitel t\u00f6\u00f6tab &#8211; 240 min. indikaatortuled\u00a0aku laetusastme kuvamiseks l\u00f5iketera k\u00f5rgus &#8211; 0,1 mm. kaal &#8211; 225 g. juhe &#8211; u. 2 m. Komplektis: 1 legeerterasest (Made in Japan ) l\u00f5ikustera ( laius &#8211; 41 mm. ) 3 l\u00f5ikustalda ( [&hellip;]<\/p>\n","protected":false},"featured_media":14401,"comment_status":"closed","ping_status":"closed","template":"","meta":[],"product_cat":[792,401,280,286],"product_tag":[],"class_list":{"0":"post-14383","1":"product","2":"type-product","3":"status-publish","4":"has-post-thumbnail","6":"product_cat-uued-tooted","7":"product_cat-juuksuri-tarvikud","8":"product_cat-elektrilised-toovahendid","9":"product_cat-loikusmasinad-ja-trimmerid","11":"first","12":"instock","13":"taxable","14":"shipping-taxable","15":"purchasable","16":"product-type-simple"},"_links":{"self":[{"href":"https:\/\/saxsim.ee\/swp\/wp-json\/wp\/v2\/product\/14383"}],"collection":[{"href":"https:\/\/saxsim.ee\/swp\/wp-json\/wp\/v2\/product"}],"about":[{"href":"https:\/\/saxsim.ee\/swp\/wp-json\/wp\/v2\/types\/product"}],"replies":[{"embeddable":true,"href":"https:\/\/saxsim.ee\/swp\/wp-json\/wp\/v2\/comments?post=14383"}],"wp:featuredmedia":[{"embeddable":true,"href":"https:\/\/saxsim.ee\/swp\/wp-json\/wp\/v2\/media\/14401"}],"wp:attachment":[{"href":"https:\/\/saxsim.ee\/swp\/wp-json\/wp\/v2\/media?parent=14383"}],"wp:term":[{"taxonomy":"product_cat","embeddable":true,"href":"https:\/\/saxsim.ee\/swp\/wp-json\/wp\/v2\/product_cat?post=14383"},{"taxonomy":"product_tag","embeddable":true,"href":"https:\/\/saxsim.ee\/swp\/wp-json\/wp\/v2\/product_tag?post=14383"}],"curies":[{"name":"wp","href":"https:\/\/api.w.org\/{rel}","templated":true}]}}