{"id":14382,"date":"2025-03-27T08:39:13","date_gmt":"2025-03-27T06:39:13","guid":{"rendered":"https:\/\/saxsim.ee\/swp\/?post_type=product&#038;p=14382"},"modified":"2025-10-01T17:03:41","modified_gmt":"2025-10-01T14:03:41","slug":"hair-trimmer-snake-trimmer","status":"publish","type":"product","link":"https:\/\/saxsim.ee\/swp\/product\/hair-trimmer-snake-trimmer\/","title":{"rendered":"Hair Trimmer Snake &#8211; trimmer"},"content":{"rendered":"<p>Kerge, juhtmega\/juhtmeta, professionaalne trimmer.<\/p>\n<p><strong>Tehnilised andmed:<\/strong><\/p>\n<p>akutoitel t\u00f6\u00f6tab &#8211; 50 min.<br \/>\nkeskkonnas\u00f5bralik taaslaetav Ni-MH aku<br \/>\nindikaatortuled\u00a0aku laetusastme kuvamiseks<br \/>\nkaal &#8211; 133 g.<br \/>\njuhe &#8211; 3 m.<\/p>\n<p><strong>Komplektis:<\/strong><\/p>\n<p>1 roostevaba l\u00f5ikustera ( laius &#8211; 32 mm. )<br \/>\n1 kujundustera ( laius &#8211; 7 mm. )<br \/>\n5 astmeline, reguleeritav l\u00f5ikustald ( 3 \/ 4 \/ 5 \/ 6 \/ 7 mm. )<br \/>\nlaadimisalus koos juhtmega<br \/>\npuhastushari<br \/>\nmasina\u00f5li<\/p>\n","protected":false},"excerpt":{"rendered":"<p>Kerge, juhtmega\/juhtmeta, professionaalne trimmer. Tehnilised andmed: akutoitel t\u00f6\u00f6tab &#8211; 50 min. keskkonnas\u00f5bralik taaslaetav Ni-MH aku indikaatortuled\u00a0aku laetusastme kuvamiseks kaal &#8211; 133 g. juhe &#8211; 3 m. Komplektis: 1 roostevaba l\u00f5ikustera ( laius &#8211; 32 mm. ) 1 kujundustera ( laius &#8211; 7 mm. ) 5 astmeline, reguleeritav l\u00f5ikustald ( 3 \/ 4 \/ 5 \/ [&hellip;]<\/p>\n","protected":false},"featured_media":14398,"comment_status":"closed","ping_status":"closed","template":"","meta":[],"product_cat":[792,401,280,286],"product_tag":[],"class_list":{"0":"post-14382","1":"product","2":"type-product","3":"status-publish","4":"has-post-thumbnail","6":"product_cat-uued-tooted","7":"product_cat-juuksuri-tarvikud","8":"product_cat-elektrilised-toovahendid","9":"product_cat-loikusmasinad-ja-trimmerid","11":"first","12":"instock","13":"taxable","14":"shipping-taxable","15":"purchasable","16":"product-type-simple"},"_links":{"self":[{"href":"https:\/\/saxsim.ee\/swp\/wp-json\/wp\/v2\/product\/14382"}],"collection":[{"href":"https:\/\/saxsim.ee\/swp\/wp-json\/wp\/v2\/product"}],"about":[{"href":"https:\/\/saxsim.ee\/swp\/wp-json\/wp\/v2\/types\/product"}],"replies":[{"embeddable":true,"href":"https:\/\/saxsim.ee\/swp\/wp-json\/wp\/v2\/comments?post=14382"}],"wp:featuredmedia":[{"embeddable":true,"href":"https:\/\/saxsim.ee\/swp\/wp-json\/wp\/v2\/media\/14398"}],"wp:attachment":[{"href":"https:\/\/saxsim.ee\/swp\/wp-json\/wp\/v2\/media?parent=14382"}],"wp:term":[{"taxonomy":"product_cat","embeddable":true,"href":"https:\/\/saxsim.ee\/swp\/wp-json\/wp\/v2\/product_cat?post=14382"},{"taxonomy":"product_tag","embeddable":true,"href":"https:\/\/saxsim.ee\/swp\/wp-json\/wp\/v2\/product_tag?post=14382"}],"curies":[{"name":"wp","href":"https:\/\/api.w.org\/{rel}","templated":true}]}}