{"id":14276,"date":"2025-02-27T10:32:47","date_gmt":"2025-02-27T08:32:47","guid":{"rendered":"https:\/\/saxsim.ee\/swp\/?post_type=product&#038;p=14276"},"modified":"2025-10-01T10:37:30","modified_gmt":"2025-10-01T07:37:30","slug":"wahl-magic-clip-cordless-juukseloikusmasin","status":"publish","type":"product","link":"https:\/\/saxsim.ee\/swp\/product\/wahl-magic-clip-cordless-juukseloikusmasin\/","title":{"rendered":"Wahl Magic Clip Cordless &#8211; juuksel\u00f5ikusmasin"},"content":{"rendered":"<p>Professionaalne juhtmeta\/juhtmeta juuksel\u00f5ikusmasin.<\/p>\n<p><strong>Tehnilised andmed:<\/strong><br \/>\n&#8211; 100\u2013240 V<br \/>\n&#8211; v\u00f5imas rootormootor, 5500 p\/min.<br \/>\n&#8211; Li-ion aku<br \/>\n&#8211; akutoitel t\u00f6\u00f6tab: 90 min.<br \/>\n&#8211; aku laadimisaeg: 120 min.<br \/>\n&#8211; l\u00f5iketera pikkuse reguleerimine (0,5 &#8211; 1,2 mm.)<br \/>\n&#8211; kaal: 290 g. ( ilma juhtmeta )<br \/>\n&#8211; juhe: 2,4 m.<\/p>\n<p><strong>Komplektis:<\/strong><br \/>\n&#8211; kroomitud l\u00f5ikustera &#8220;Crunch Blade&#8221; tehnoloogiaga ( laius &#8211; 46 mm. )<br \/>\n&#8211; 8 erinevat l\u00f5ikustalda ( 1,5 mm. \/ 3 mm. \/ 4,5 mm. \/ 6 mm. \/ 10 mm. \/ 13 mm. \/ 19 mm. \/ 25 mm. )<br \/>\n&#8211; laadimisjuhe<br \/>\n&#8211; puhastushari<br \/>\n&#8211; masina\u00f5li<br \/>\n&#8211; kamm<br \/>\n&#8211; tera kaitse<\/p>\n","protected":false},"excerpt":{"rendered":"<p>Professionaalne juhtmeta\/juhtmeta juuksel\u00f5ikusmasin. Tehnilised andmed: &#8211; 100\u2013240 V &#8211; v\u00f5imas rootormootor, 5500 p\/min. &#8211; Li-ion aku &#8211; akutoitel t\u00f6\u00f6tab: 90 min. &#8211; aku laadimisaeg: 120 min. &#8211; l\u00f5iketera pikkuse reguleerimine (0,5 &#8211; 1,2 mm.) &#8211; kaal: 290 g. ( ilma juhtmeta ) &#8211; juhe: 2,4 m. Komplektis: &#8211; kroomitud l\u00f5ikustera &#8220;Crunch Blade&#8221; tehnoloogiaga ( laius [&hellip;]<\/p>\n","protected":false},"featured_media":14277,"comment_status":"closed","ping_status":"closed","template":"","meta":[],"product_cat":[866,401,280,286],"product_tag":[],"class_list":{"0":"post-14276","1":"product","2":"type-product","3":"status-publish","4":"has-post-thumbnail","6":"product_cat-wahl-professional","7":"product_cat-juuksuri-tarvikud","8":"product_cat-elektrilised-toovahendid","9":"product_cat-loikusmasinad-ja-trimmerid","11":"first","12":"instock","13":"taxable","14":"shipping-taxable","15":"purchasable","16":"product-type-simple"},"_links":{"self":[{"href":"https:\/\/saxsim.ee\/swp\/wp-json\/wp\/v2\/product\/14276"}],"collection":[{"href":"https:\/\/saxsim.ee\/swp\/wp-json\/wp\/v2\/product"}],"about":[{"href":"https:\/\/saxsim.ee\/swp\/wp-json\/wp\/v2\/types\/product"}],"replies":[{"embeddable":true,"href":"https:\/\/saxsim.ee\/swp\/wp-json\/wp\/v2\/comments?post=14276"}],"wp:featuredmedia":[{"embeddable":true,"href":"https:\/\/saxsim.ee\/swp\/wp-json\/wp\/v2\/media\/14277"}],"wp:attachment":[{"href":"https:\/\/saxsim.ee\/swp\/wp-json\/wp\/v2\/media?parent=14276"}],"wp:term":[{"taxonomy":"product_cat","embeddable":true,"href":"https:\/\/saxsim.ee\/swp\/wp-json\/wp\/v2\/product_cat?post=14276"},{"taxonomy":"product_tag","embeddable":true,"href":"https:\/\/saxsim.ee\/swp\/wp-json\/wp\/v2\/product_tag?post=14276"}],"curies":[{"name":"wp","href":"https:\/\/api.w.org\/{rel}","templated":true}]}}