{"id":14275,"date":"2025-02-27T09:23:07","date_gmt":"2025-02-27T07:23:07","guid":{"rendered":"https:\/\/saxsim.ee\/swp\/?post_type=product&#038;p=14275"},"modified":"2025-10-01T10:22:50","modified_gmt":"2025-10-01T07:22:50","slug":"panasonic-er-dgp65-juukseloikusmasin","status":"publish","type":"product","link":"https:\/\/saxsim.ee\/swp\/product\/panasonic-er-dgp65-juukseloikusmasin\/","title":{"rendered":"Panasonic ER-DGP65 &#8211; juuksel\u00f5ikusmasin"},"content":{"rendered":"<p>Panasonic ER-DGP65 + TASUTA laadimisalus.<br \/>\nPanasonic ER-DGP65 on juuksel\u00f5ikusmasina Panasonic ER1611 uus versioon. Lisaks on ER-DGP65 varustatud stabiilse ja \u00fclikiire lineaarmootoriga ning t\u00e4iustatud X-taper 2.0 teraga, mis tagavad k\u00f5rge l\u00f5ikej\u00f5udluse ning pakuvad sama stabiilsust ja kasutusmugavust nagu populaarne ER-1611. ER-DGP65 j\u00e4rgib ER-1611 kasutajas\u00f5bralikkust ja teravust, mist\u00f5ttu on see ideaalne lahendus, kui soovite oma praegust juuksel\u00f5ikusmasinat v\u00e4lja vahetada.<\/p>\n<p><strong>Tehnilised andmed:<\/strong><br \/>\n100\u2013240 V<br \/>\nLi-ion aku<br \/>\nakutoitel t\u00f6\u00f6tab &#8211; 50 min.<br \/>\naku laadimisaeg &#8211; 60 min.<br \/>\nl\u00f5iketera pikkuse reguleerimine 0,8 &#8211; 2 mm. <span class=\"HwtZe\" lang=\"et\"><span class=\"jCAhz ChMk0b\"><span class=\"ryNqvb\">( 0,3 mm sammuga )<\/span><\/span><\/span><br \/>\nkaal &#8211; 245 g.<br \/>\njuhe &#8211; 3 m.<br \/>\nindikaatortuled\u00a0aku laetusastme kuvamiseks<\/p>\n<p><strong>Komplektis:<\/strong><br \/>\n1 titaankattega\u00a0X-taper Blade 2.0 l\u00f5ikustera ( laius-45 mm. )<br \/>\n3 erinevat l\u00f5ikustalda ( 3\/4 mm., 6\/9 mm., 12\/15 mm. )<br \/>\nlaadimisalus koos juhtmega<br \/>\npuhastushari<br \/>\nmasina\u00f5li<br \/>\nveluur kott<\/p>\n","protected":false},"excerpt":{"rendered":"<p>Panasonic ER-DGP65 + TASUTA laadimisalus. Panasonic ER-DGP65 on juuksel\u00f5ikusmasina Panasonic ER1611 uus versioon. Lisaks on ER-DGP65 varustatud stabiilse ja \u00fclikiire lineaarmootoriga ning t\u00e4iustatud X-taper 2.0 teraga, mis tagavad k\u00f5rge l\u00f5ikej\u00f5udluse ning pakuvad sama stabiilsust ja kasutusmugavust nagu populaarne ER-1611. ER-DGP65 j\u00e4rgib ER-1611 kasutajas\u00f5bralikkust ja teravust, mist\u00f5ttu on see ideaalne lahendus, kui soovite oma praegust juuksel\u00f5ikusmasinat [&hellip;]<\/p>\n","protected":false},"featured_media":14279,"comment_status":"closed","ping_status":"closed","template":"","meta":[],"product_cat":[669,401,280,286],"product_tag":[],"class_list":{"0":"post-14275","1":"product","2":"type-product","3":"status-publish","4":"has-post-thumbnail","6":"product_cat-panasonic","7":"product_cat-juuksuri-tarvikud","8":"product_cat-elektrilised-toovahendid","9":"product_cat-loikusmasinad-ja-trimmerid","11":"first","12":"instock","13":"taxable","14":"shipping-taxable","15":"purchasable","16":"product-type-simple"},"_links":{"self":[{"href":"https:\/\/saxsim.ee\/swp\/wp-json\/wp\/v2\/product\/14275"}],"collection":[{"href":"https:\/\/saxsim.ee\/swp\/wp-json\/wp\/v2\/product"}],"about":[{"href":"https:\/\/saxsim.ee\/swp\/wp-json\/wp\/v2\/types\/product"}],"replies":[{"embeddable":true,"href":"https:\/\/saxsim.ee\/swp\/wp-json\/wp\/v2\/comments?post=14275"}],"wp:featuredmedia":[{"embeddable":true,"href":"https:\/\/saxsim.ee\/swp\/wp-json\/wp\/v2\/media\/14279"}],"wp:attachment":[{"href":"https:\/\/saxsim.ee\/swp\/wp-json\/wp\/v2\/media?parent=14275"}],"wp:term":[{"taxonomy":"product_cat","embeddable":true,"href":"https:\/\/saxsim.ee\/swp\/wp-json\/wp\/v2\/product_cat?post=14275"},{"taxonomy":"product_tag","embeddable":true,"href":"https:\/\/saxsim.ee\/swp\/wp-json\/wp\/v2\/product_tag?post=14275"}],"curies":[{"name":"wp","href":"https:\/\/api.w.org\/{rel}","templated":true}]}}