{"id":14251,"date":"2025-02-19T10:15:01","date_gmt":"2025-02-19T08:15:01","guid":{"rendered":"https:\/\/saxsim.ee\/swp\/?post_type=product&#038;p=14251"},"modified":"2026-03-13T09:03:13","modified_gmt":"2026-03-13T07:03:13","slug":"cerabullet-sirgendaja-2","status":"publish","type":"product","link":"https:\/\/saxsim.ee\/swp\/product\/cerabullet-sirgendaja-2\/","title":{"rendered":"CeraBullet &#8211; sirgendaja"},"content":{"rendered":"<p>Keraamiliste plaatidega sirgendaja, mille kitsas disain sobib ideaalselt ka lokkide tegemiseks.<\/p>\n<p><strong>Tehnilised andmed:<\/strong><\/p>\n<p>t\u00f6\u00f6temperatuur &#8211; 120\u00b0C kuni 230\u00b0C<\/p>\n<p>keraamilised plaadid &#8211; 23 x 115 mm<\/p>\n<p>automaatne v\u00e4ljal\u00fclitus 60 min. m\u00f6\u00f6dumisel<\/p>\n<p>digitaalne temperatuuri reguleerimine<\/p>\n<p>kaal &#8211; 210 g<\/p>\n<p>p\u00f6\u00f6rlev juhe &#8211; 3 m<\/p>\n<p>Tootja:<\/p>\n<p>&nbsp;<\/p>\n<p>&nbsp;<\/p>\n","protected":false},"excerpt":{"rendered":"<p>Keraamiliste plaatidega sirgendaja, mille kitsas disain sobib ideaalselt ka lokkide tegemiseks. Tehnilised andmed: t\u00f6\u00f6temperatuur &#8211; 120\u00b0C kuni 230\u00b0C keraamilised plaadid &#8211; 23 x 115 mm automaatne v\u00e4ljal\u00fclitus 60 min. m\u00f6\u00f6dumisel digitaalne temperatuuri reguleerimine kaal &#8211; 210 g p\u00f6\u00f6rlev juhe &#8211; 3 m Tootja: &nbsp; &nbsp;<\/p>\n","protected":false},"featured_media":14252,"comment_status":"closed","ping_status":"closed","template":"","meta":[],"product_cat":[792,710,401,280,338],"product_tag":[],"class_list":{"0":"post-14251","1":"product","2":"type-product","3":"status-publish","4":"has-post-thumbnail","6":"product_cat-uued-tooted","7":"product_cat-cera-professional","8":"product_cat-juuksuri-tarvikud","9":"product_cat-elektrilised-toovahendid","10":"product_cat-sirgendajad","12":"first","13":"instock","14":"taxable","15":"shipping-taxable","16":"purchasable","17":"product-type-simple"},"_links":{"self":[{"href":"https:\/\/saxsim.ee\/swp\/wp-json\/wp\/v2\/product\/14251"}],"collection":[{"href":"https:\/\/saxsim.ee\/swp\/wp-json\/wp\/v2\/product"}],"about":[{"href":"https:\/\/saxsim.ee\/swp\/wp-json\/wp\/v2\/types\/product"}],"replies":[{"embeddable":true,"href":"https:\/\/saxsim.ee\/swp\/wp-json\/wp\/v2\/comments?post=14251"}],"wp:featuredmedia":[{"embeddable":true,"href":"https:\/\/saxsim.ee\/swp\/wp-json\/wp\/v2\/media\/14252"}],"wp:attachment":[{"href":"https:\/\/saxsim.ee\/swp\/wp-json\/wp\/v2\/media?parent=14251"}],"wp:term":[{"taxonomy":"product_cat","embeddable":true,"href":"https:\/\/saxsim.ee\/swp\/wp-json\/wp\/v2\/product_cat?post=14251"},{"taxonomy":"product_tag","embeddable":true,"href":"https:\/\/saxsim.ee\/swp\/wp-json\/wp\/v2\/product_tag?post=14251"}],"curies":[{"name":"wp","href":"https:\/\/api.w.org\/{rel}","templated":true}]}}