{"id":14249,"date":"2025-02-19T10:01:54","date_gmt":"2025-02-19T08:01:54","guid":{"rendered":"https:\/\/saxsim.ee\/swp\/?post_type=product&#038;p=14249"},"modified":"2025-02-19T10:11:18","modified_gmt":"2025-02-19T08:11:18","slug":"childs-cushion-concave-lasteiste","status":"publish","type":"product","link":"https:\/\/saxsim.ee\/swp\/product\/childs-cushion-concave-lasteiste\/","title":{"rendered":"Childs Cushion, Concave &#8211; lasteiste"},"content":{"rendered":"<p>Kunstnahast lasteiste klienditoolile.<\/p>\n<p>Laius &#8211; 42 cm.<\/p>\n<p>S\u00fcgavus &#8211; 32 cm.<\/p>\n<p>K\u00f5rgus &#8211; keskel 12 cm., \u00e4\u00e4red 16 cm.<\/p>\n<p>Ripposa pikkus &#8211; 29 cm.<\/p>\n","protected":false},"excerpt":{"rendered":"<p>Kunstnahast lasteiste klienditoolile. Laius &#8211; 42 cm. S\u00fcgavus &#8211; 32 cm. K\u00f5rgus &#8211; keskel 12 cm., \u00e4\u00e4red 16 cm. Ripposa pikkus &#8211; 29 cm.<\/p>\n","protected":false},"featured_media":14250,"comment_status":"closed","ping_status":"closed","template":"","meta":[],"product_cat":[792,325,331,401],"product_tag":[],"class_list":{"0":"post-14249","1":"product","2":"type-product","3":"status-publish","4":"has-post-thumbnail","6":"product_cat-uued-tooted","7":"product_cat-juuksuri-ja-ilusalongi-sisustus","8":"product_cat-lasteistmed","9":"product_cat-juuksuri-tarvikud","11":"first","12":"instock","13":"taxable","14":"shipping-taxable","15":"purchasable","16":"product-type-simple"},"_links":{"self":[{"href":"https:\/\/saxsim.ee\/swp\/wp-json\/wp\/v2\/product\/14249"}],"collection":[{"href":"https:\/\/saxsim.ee\/swp\/wp-json\/wp\/v2\/product"}],"about":[{"href":"https:\/\/saxsim.ee\/swp\/wp-json\/wp\/v2\/types\/product"}],"replies":[{"embeddable":true,"href":"https:\/\/saxsim.ee\/swp\/wp-json\/wp\/v2\/comments?post=14249"}],"wp:featuredmedia":[{"embeddable":true,"href":"https:\/\/saxsim.ee\/swp\/wp-json\/wp\/v2\/media\/14250"}],"wp:attachment":[{"href":"https:\/\/saxsim.ee\/swp\/wp-json\/wp\/v2\/media?parent=14249"}],"wp:term":[{"taxonomy":"product_cat","embeddable":true,"href":"https:\/\/saxsim.ee\/swp\/wp-json\/wp\/v2\/product_cat?post=14249"},{"taxonomy":"product_tag","embeddable":true,"href":"https:\/\/saxsim.ee\/swp\/wp-json\/wp\/v2\/product_tag?post=14249"}],"curies":[{"name":"wp","href":"https:\/\/api.w.org\/{rel}","templated":true}]}}