{"id":14162,"date":"2025-01-30T10:12:37","date_gmt":"2025-01-30T08:12:37","guid":{"rendered":"https:\/\/saxsim.ee\/swp\/?post_type=product&#038;p=14162"},"modified":"2025-07-04T09:50:16","modified_gmt":"2025-07-04T06:50:16","slug":"00-sensido-3-in-one-cream-color-juuksevarv-professionaalidele","status":"publish","type":"product","link":"https:\/\/saxsim.ee\/swp\/product\/00-sensido-3-in-one-cream-color-juuksevarv-professionaalidele\/","title":{"rendered":"\/00 SensiDO 3 In One Cream Color \u2013 juuksev\u00e4rv professionaalidele"},"content":{"rendered":"<p><strong>\/00 Clear (Lift)<\/strong><\/p>\n<ul>\n<li>Segamisv\u00e4rv<\/li>\n<li>\/00 Clear abil saad baasv\u00e4rvi \u00fche tooni v\u00f5rra heledamaks muuta<\/li>\n<li><span class=\"HwtZe\" lang=\"et\"><span class=\"jCAhz ChMk0b\"><span class=\"ryNqvb\">Heledama tulemuse saamiseks sega 50% \/00 Clear (Lift) ja 50% teisi v\u00e4rve <\/span><\/span><\/span><\/li>\n<li>N\u00e4iteks. Kui v\u00e4rvist 6\/77 soovite \u00fche tooni v\u00f5rra heledamat tooni 7\/77, siis lisage v\u00e4rvile 6\/77 pool \/00. V\u00e4rv j\u00e4\u00e4b endiselt intensiivne, kuid v\u00e4rv on \u00fche tooni v\u00f5rra heledam. See t\u00e4hendab, et segage 20 g (6\/77) + 20 g (\/00) + 40 g vesinikku.<\/li>\n<li>V\u00f5imaldab luua ka uusi heledamaid toone.<\/li>\n<li>Lihtne segada ja peale kanda<\/li>\n<li>Parf\u00fc\u00fcmivaba ja vegan<\/li>\n<\/ul>\n<p>&#8211; \/9A, \/9B, \/8, \/6, \/4, \/3 ja \/2 kasutatakse v\u00e4rvide hulgas , kui soovitakse v\u00e4rvi intensiivsust<br \/>\n&#8211; Toonid \/3 ja \/4 ei sisalda oks\u00fcdeerivaid pigmente, v\u00f5ib kasutada ka otsev\u00e4rvina, p\u00fcsivus 6-10 pesu<br \/>\n&#8211; Toonid \/2, \/6 ja \/8 sisaldavad oks\u00fcdeeritavaid pigmente<\/p>\n","protected":false},"excerpt":{"rendered":"<p>\/00 Clear (Lift) Segamisv\u00e4rv \/00 Clear abil saad baasv\u00e4rvi \u00fche tooni v\u00f5rra heledamaks muuta Heledama tulemuse saamiseks sega 50% \/00 Clear (Lift) ja 50% teisi v\u00e4rve N\u00e4iteks. Kui v\u00e4rvist 6\/77 soovite \u00fche tooni v\u00f5rra heledamat tooni 7\/77, siis lisage v\u00e4rvile 6\/77 pool \/00. V\u00e4rv j\u00e4\u00e4b endiselt intensiivne, kuid v\u00e4rv on \u00fche tooni v\u00f5rra heledam. See [&hellip;]<\/p>\n","protected":false},"featured_media":14163,"comment_status":"closed","ping_status":"closed","template":"","meta":[],"product_cat":[792,673,395,666,95,390],"product_tag":[637],"class_list":{"0":"post-14162","1":"product","2":"type-product","3":"status-publish","4":"has-post-thumbnail","6":"product_cat-uued-tooted","7":"product_cat-sensido","8":"product_cat-juuksed","9":"product_cat-professionaalseks-kasutamiseks","10":"product_cat-sensido-juuksevarvid","11":"product_cat-sensido-cream-color-3-in-1","12":"product_tag-profitoode","14":"first","15":"instock","16":"taxable","17":"shipping-taxable","18":"purchasable","19":"product-type-simple"},"_links":{"self":[{"href":"https:\/\/saxsim.ee\/swp\/wp-json\/wp\/v2\/product\/14162"}],"collection":[{"href":"https:\/\/saxsim.ee\/swp\/wp-json\/wp\/v2\/product"}],"about":[{"href":"https:\/\/saxsim.ee\/swp\/wp-json\/wp\/v2\/types\/product"}],"replies":[{"embeddable":true,"href":"https:\/\/saxsim.ee\/swp\/wp-json\/wp\/v2\/comments?post=14162"}],"wp:featuredmedia":[{"embeddable":true,"href":"https:\/\/saxsim.ee\/swp\/wp-json\/wp\/v2\/media\/14163"}],"wp:attachment":[{"href":"https:\/\/saxsim.ee\/swp\/wp-json\/wp\/v2\/media?parent=14162"}],"wp:term":[{"taxonomy":"product_cat","embeddable":true,"href":"https:\/\/saxsim.ee\/swp\/wp-json\/wp\/v2\/product_cat?post=14162"},{"taxonomy":"product_tag","embeddable":true,"href":"https:\/\/saxsim.ee\/swp\/wp-json\/wp\/v2\/product_tag?post=14162"}],"curies":[{"name":"wp","href":"https:\/\/api.w.org\/{rel}","templated":true}]}}