{"id":14124,"date":"2025-01-17T13:22:09","date_gmt":"2025-01-17T11:22:09","guid":{"rendered":"https:\/\/saxsim.ee\/swp\/?post_type=product&#038;p=14124"},"modified":"2025-09-10T19:26:45","modified_gmt":"2025-09-10T16:26:45","slug":"sibel-gloves-disposable-vinyl-clear-m-vinuulkindad","status":"publish","type":"product","link":"https:\/\/saxsim.ee\/swp\/product\/sibel-gloves-disposable-vinyl-clear-m-vinuulkindad\/","title":{"rendered":"Sibel Gloves Disposable Vinyl Clear M &#8211; vin\u00fc\u00fclkindad"},"content":{"rendered":"<p><span class=\"HwtZe\" lang=\"et\"><span class=\"jCAhz ChMk0b\"><span class=\"ryNqvb\">Vin\u00fc\u00fclkindad ( spetsiaalsed juuksuritele ). Alternatiiv juuksuritele, <\/span><\/span><span class=\"jCAhz ChMk0b\"><span class=\"ryNqvb\">kes on pulberv\u00e4rvitud latekskinnastele allergilised.<\/span><\/span><\/span><\/p>\n","protected":false},"excerpt":{"rendered":"<p>Vin\u00fc\u00fclkindad ( spetsiaalsed juuksuritele ). Alternatiiv juuksuritele, kes on pulberv\u00e4rvitud latekskinnastele allergilised.<\/p>\n","protected":false},"featured_media":14243,"comment_status":"closed","ping_status":"closed","template":"","meta":[],"product_cat":[792,577,595,401,293],"product_tag":[],"class_list":{"0":"post-14124","1":"product","2":"type-product","3":"status-publish","4":"has-post-thumbnail","6":"product_cat-uued-tooted","7":"product_cat-iluteenindaja-tarvikud","8":"product_cat-kindad-iluteenindaja-tarvikud","9":"product_cat-juuksuri-tarvikud","10":"product_cat-kindad","12":"first","13":"instock","14":"taxable","15":"shipping-taxable","16":"purchasable","17":"product-type-simple"},"_links":{"self":[{"href":"https:\/\/saxsim.ee\/swp\/wp-json\/wp\/v2\/product\/14124"}],"collection":[{"href":"https:\/\/saxsim.ee\/swp\/wp-json\/wp\/v2\/product"}],"about":[{"href":"https:\/\/saxsim.ee\/swp\/wp-json\/wp\/v2\/types\/product"}],"replies":[{"embeddable":true,"href":"https:\/\/saxsim.ee\/swp\/wp-json\/wp\/v2\/comments?post=14124"}],"wp:featuredmedia":[{"embeddable":true,"href":"https:\/\/saxsim.ee\/swp\/wp-json\/wp\/v2\/media\/14243"}],"wp:attachment":[{"href":"https:\/\/saxsim.ee\/swp\/wp-json\/wp\/v2\/media?parent=14124"}],"wp:term":[{"taxonomy":"product_cat","embeddable":true,"href":"https:\/\/saxsim.ee\/swp\/wp-json\/wp\/v2\/product_cat?post=14124"},{"taxonomy":"product_tag","embeddable":true,"href":"https:\/\/saxsim.ee\/swp\/wp-json\/wp\/v2\/product_tag?post=14124"}],"curies":[{"name":"wp","href":"https:\/\/api.w.org\/{rel}","templated":true}]}}