{"id":14117,"date":"2025-01-17T11:10:24","date_gmt":"2025-01-17T09:10:24","guid":{"rendered":"https:\/\/saxsim.ee\/swp\/?post_type=product&#038;p=14117"},"modified":"2025-09-16T11:11:00","modified_gmt":"2025-09-16T08:11:00","slug":"trimmercide-blade-care-spray-7-in-1-juukseloikusmasinate-hooldusaine","status":"publish","type":"product","link":"https:\/\/saxsim.ee\/swp\/product\/trimmercide-blade-care-spray-7-in-1-juukseloikusmasinate-hooldusaine\/","title":{"rendered":"Trimmercide Blade Care Spray 7 in 1 &#8211; juuksel\u00f5ikusmasinate hooldusaine"},"content":{"rendered":"<p>Trimmercide Blade Care Spray 7 in 1 on spetsiaalselt loodud juuksel\u00f5ikusmasinate hooldamiseks ja terade l\u00f5ikusea pikendamiseks. Lahus puhastab terad kiiresti, m\u00e4\u00e4rib ja hooldab metalli, nii et terad p\u00fcsivad kauem teravatena. Regulaarne kasutamine hoiab terad teravatena ja kindlustab neile pikema t\u00f6\u00f6ea.<\/p>\n<p>&#8211; roostevastane<br \/>\n&#8211; jahutab<br \/>\n&#8211; puhastab<br \/>\n&#8211; desodoreerib<br \/>\n&#8211; m\u00e4\u00e4rib<br \/>\n&#8211; sisaldab E-vitamiini<br \/>\n&#8211; inimestele ja loomadele ohutu<\/p>\n<p><strong>Kasutamine<\/strong>: laske l\u00f5iketeral t\u00e4ielikult jahtuda. Pihustage toodet hoolikalt terale, l\u00fclitades juuksel\u00f5ikusmasina 5 sekundiks sisse, et eemaldada liigne mustus ja juuksed. L\u00fclitage juuksel\u00f5ikusmasin v\u00e4lja ja p\u00fchkige paberiga \u00fcleliigsed mustuse j\u00e4\u00e4gid.<\/p>\n<p>\u00d5igesti hooldatud t\u00f6\u00f6vahend pikendab tema t\u00f6\u00f6iga.<\/p>\n","protected":false},"excerpt":{"rendered":"<p>Trimmercide Blade Care Spray 7 in 1 on spetsiaalselt loodud juuksel\u00f5ikusmasinate hooldamiseks ja terade l\u00f5ikusea pikendamiseks. Lahus puhastab terad kiiresti, m\u00e4\u00e4rib ja hooldab metalli, nii et terad p\u00fcsivad kauem teravatena. Regulaarne kasutamine hoiab terad teravatena ja kindlustab neile pikema t\u00f6\u00f6ea. &#8211; roostevastane &#8211; jahutab &#8211; puhastab &#8211; desodoreerib &#8211; m\u00e4\u00e4rib &#8211; sisaldab E-vitamiini &#8211; inimestele [&hellip;]<\/p>\n","protected":false},"featured_media":14192,"comment_status":"closed","ping_status":"closed","template":"","meta":[],"product_cat":[867,792,401,599,286],"product_tag":[],"class_list":{"0":"post-14117","1":"product","2":"type-product","3":"status-publish","4":"has-post-thumbnail","6":"product_cat-trimmercide","7":"product_cat-uued-tooted","8":"product_cat-juuksuri-tarvikud","9":"product_cat-puhastus-ja-desinfektsioonivahendid","10":"product_cat-loikusmasinad-ja-trimmerid","12":"first","13":"instock","14":"taxable","15":"shipping-taxable","16":"purchasable","17":"product-type-simple"},"_links":{"self":[{"href":"https:\/\/saxsim.ee\/swp\/wp-json\/wp\/v2\/product\/14117"}],"collection":[{"href":"https:\/\/saxsim.ee\/swp\/wp-json\/wp\/v2\/product"}],"about":[{"href":"https:\/\/saxsim.ee\/swp\/wp-json\/wp\/v2\/types\/product"}],"replies":[{"embeddable":true,"href":"https:\/\/saxsim.ee\/swp\/wp-json\/wp\/v2\/comments?post=14117"}],"wp:featuredmedia":[{"embeddable":true,"href":"https:\/\/saxsim.ee\/swp\/wp-json\/wp\/v2\/media\/14192"}],"wp:attachment":[{"href":"https:\/\/saxsim.ee\/swp\/wp-json\/wp\/v2\/media?parent=14117"}],"wp:term":[{"taxonomy":"product_cat","embeddable":true,"href":"https:\/\/saxsim.ee\/swp\/wp-json\/wp\/v2\/product_cat?post=14117"},{"taxonomy":"product_tag","embeddable":true,"href":"https:\/\/saxsim.ee\/swp\/wp-json\/wp\/v2\/product_tag?post=14117"}],"curies":[{"name":"wp","href":"https:\/\/api.w.org\/{rel}","templated":true}]}}