{"id":14115,"date":"2025-01-17T10:47:13","date_gmt":"2025-01-17T08:47:13","guid":{"rendered":"https:\/\/saxsim.ee\/swp\/?post_type=product&#038;p=14115"},"modified":"2025-02-15T09:35:41","modified_gmt":"2025-02-15T07:35:41","slug":"carbon-clip-juukseklamber","status":"publish","type":"product","link":"https:\/\/saxsim.ee\/swp\/product\/carbon-clip-juukseklamber\/","title":{"rendered":"Carbon Clip &#8211; juukseklamber"},"content":{"rendered":"<p>S\u00fcsinikmaterjalist klambrid sobivad kasutamiseks k\u00f5ikide kuumade t\u00f6\u00f6riistadega ( sirgendajad, lokitangid, krepptangid &#8230; ). Eriti tugev vedru hoiab jaotused kindlalt paigal.<\/p>\n<p><strong>Eelised:<\/strong><br \/>\n&#8211; k\u00f5rge kuumakindlus<br \/>\n&#8211; kerge<br \/>\n&#8211; tugev roostevabast terasest vedru<br \/>\n&#8211; antistaatiline<br \/>\n&#8211; vastupidav<br \/>\n&#8211; ideaalne ots jaotuste tegemiseks<br \/>\n&#8211; soontega servad kindla haarde tagamiseks<br \/>\n&#8211; vastupidav kemikaalidele<\/p>\n<p>Pikkus: u. 11,5 cm.<\/p>\n","protected":false},"excerpt":{"rendered":"<p>S\u00fcsinikmaterjalist klambrid sobivad kasutamiseks k\u00f5ikide kuumade t\u00f6\u00f6riistadega ( sirgendajad, lokitangid, krepptangid &#8230; ). Eriti tugev vedru hoiab jaotused kindlalt paigal. Eelised: &#8211; k\u00f5rge kuumakindlus &#8211; kerge &#8211; tugev roostevabast terasest vedru &#8211; antistaatiline &#8211; vastupidav &#8211; ideaalne ots jaotuste tegemiseks &#8211; soontega servad kindla haarde tagamiseks &#8211; vastupidav kemikaalidele Pikkus: u. 11,5 cm.<\/p>\n","protected":false},"featured_media":14204,"comment_status":"closed","ping_status":"closed","template":"","meta":[],"product_cat":[792,401,303,605],"product_tag":[],"class_list":{"0":"post-14115","1":"product","2":"type-product","3":"status-publish","4":"has-post-thumbnail","6":"product_cat-uued-tooted","7":"product_cat-juuksuri-tarvikud","8":"product_cat-juukseklambrid-ja-noelad","9":"product_cat-juukseklambrid","11":"first","12":"instock","13":"taxable","14":"shipping-taxable","15":"purchasable","16":"product-type-simple"},"_links":{"self":[{"href":"https:\/\/saxsim.ee\/swp\/wp-json\/wp\/v2\/product\/14115"}],"collection":[{"href":"https:\/\/saxsim.ee\/swp\/wp-json\/wp\/v2\/product"}],"about":[{"href":"https:\/\/saxsim.ee\/swp\/wp-json\/wp\/v2\/types\/product"}],"replies":[{"embeddable":true,"href":"https:\/\/saxsim.ee\/swp\/wp-json\/wp\/v2\/comments?post=14115"}],"wp:featuredmedia":[{"embeddable":true,"href":"https:\/\/saxsim.ee\/swp\/wp-json\/wp\/v2\/media\/14204"}],"wp:attachment":[{"href":"https:\/\/saxsim.ee\/swp\/wp-json\/wp\/v2\/media?parent=14115"}],"wp:term":[{"taxonomy":"product_cat","embeddable":true,"href":"https:\/\/saxsim.ee\/swp\/wp-json\/wp\/v2\/product_cat?post=14115"},{"taxonomy":"product_tag","embeddable":true,"href":"https:\/\/saxsim.ee\/swp\/wp-json\/wp\/v2\/product_tag?post=14115"}],"curies":[{"name":"wp","href":"https:\/\/api.w.org\/{rel}","templated":true}]}}