{"id":14109,"date":"2025-01-17T10:21:49","date_gmt":"2025-01-17T08:21:49","guid":{"rendered":"https:\/\/saxsim.ee\/swp\/?post_type=product&#038;p=14109"},"modified":"2025-02-08T13:59:53","modified_gmt":"2025-02-08T11:59:53","slug":"piraya-clip-black-juukseklamber","status":"publish","type":"product","link":"https:\/\/saxsim.ee\/swp\/product\/piraya-clip-black-juukseklamber\/","title":{"rendered":"Piraya Clip, Black &#8211; juukseklamber"},"content":{"rendered":"<p>Unikaalse disainiga klamber hoiab juukseid h\u00e4sti kinni k\u00f5ikide juukset\u00fc\u00fcpide puhul.<\/p>\n<p>Suurus: klambri \u00fcmmargune osa on u. 4 cm l\u00e4bim\u00f5\u00f5duga.<\/p>\n","protected":false},"excerpt":{"rendered":"<p>Unikaalse disainiga klamber hoiab juukseid h\u00e4sti kinni k\u00f5ikide juukset\u00fc\u00fcpide puhul. Suurus: klambri \u00fcmmargune osa on u. 4 cm l\u00e4bim\u00f5\u00f5duga.<\/p>\n","protected":false},"featured_media":14207,"comment_status":"closed","ping_status":"closed","template":"","meta":[],"product_cat":[792,401,303,605],"product_tag":[],"class_list":{"0":"post-14109","1":"product","2":"type-product","3":"status-publish","4":"has-post-thumbnail","6":"product_cat-uued-tooted","7":"product_cat-juuksuri-tarvikud","8":"product_cat-juukseklambrid-ja-noelad","9":"product_cat-juukseklambrid","11":"first","12":"instock","13":"taxable","14":"shipping-taxable","15":"purchasable","16":"product-type-simple"},"_links":{"self":[{"href":"https:\/\/saxsim.ee\/swp\/wp-json\/wp\/v2\/product\/14109"}],"collection":[{"href":"https:\/\/saxsim.ee\/swp\/wp-json\/wp\/v2\/product"}],"about":[{"href":"https:\/\/saxsim.ee\/swp\/wp-json\/wp\/v2\/types\/product"}],"replies":[{"embeddable":true,"href":"https:\/\/saxsim.ee\/swp\/wp-json\/wp\/v2\/comments?post=14109"}],"wp:featuredmedia":[{"embeddable":true,"href":"https:\/\/saxsim.ee\/swp\/wp-json\/wp\/v2\/media\/14207"}],"wp:attachment":[{"href":"https:\/\/saxsim.ee\/swp\/wp-json\/wp\/v2\/media?parent=14109"}],"wp:term":[{"taxonomy":"product_cat","embeddable":true,"href":"https:\/\/saxsim.ee\/swp\/wp-json\/wp\/v2\/product_cat?post=14109"},{"taxonomy":"product_tag","embeddable":true,"href":"https:\/\/saxsim.ee\/swp\/wp-json\/wp\/v2\/product_tag?post=14109"}],"curies":[{"name":"wp","href":"https:\/\/api.w.org\/{rel}","templated":true}]}}