{"id":14107,"date":"2025-01-17T09:38:40","date_gmt":"2025-01-17T07:38:40","guid":{"rendered":"https:\/\/saxsim.ee\/swp\/?post_type=product&#038;p=14107"},"modified":"2025-02-08T09:33:08","modified_gmt":"2025-02-08T07:33:08","slug":"cera-curlstyler-lokitangid","status":"publish","type":"product","link":"https:\/\/saxsim.ee\/swp\/product\/cera-curlstyler-lokitangid\/","title":{"rendered":"Cera CurlStyler &#8211; lokitangid"},"content":{"rendered":"<p>Looge fantastilisi lokke Cera CurlStyler lokitangidega, millel on kaks funktsiooni \u00fches. Unikaalne tulbikuju ja nutikad plaadid hoiavad juuksesalgu paigal, nii et saate juuksed \u00fche lihtsa liigutusega lokki keerata. Kasutage k\u00fclma \u00f5huvoolu loki kinnitamiseks. Cera CurlStyler-it saab kasutada ka sirgendajana.<\/p>\n<p><strong>Tehnilised andmed:<\/strong><\/p>\n<p>&#8211; automaatne v\u00e4ljal\u00fclitus u. 60 min. m\u00f6\u00f6dumisel<br \/>\n&#8211; ioontehnoloogia<br \/>\n&#8211; k\u00fclma \u00f5huvoolu funktsioon loki kinnitamiseks<br \/>\n&#8211; reguleeritav t\u00f6\u00f6temperatuur \u2013 150\u00b0C &#8211; 210\u00b0C<br \/>\n&#8211; keraamilised turmaliinikattega plaadid<br \/>\n&#8211; nupp plaatide sulgemiseks<br \/>\n&#8211; kaal \u2013 248 g<br \/>\n&#8211; p\u00f6\u00f6rlev juhe \u2013 3 m<br \/>\n&#8211; t\u00f6\u00f6riista kogu pikkus 26,5 cm ja silindrilise osa pikkus 9 cm<\/p>\n","protected":false},"excerpt":{"rendered":"<p>Looge fantastilisi lokke Cera CurlStyler lokitangidega, millel on kaks funktsiooni \u00fches. Unikaalne tulbikuju ja nutikad plaadid hoiavad juuksesalgu paigal, nii et saate juuksed \u00fche lihtsa liigutusega lokki keerata. Kasutage k\u00fclma \u00f5huvoolu loki kinnitamiseks. Cera CurlStyler-it saab kasutada ka sirgendajana. Tehnilised andmed: &#8211; automaatne v\u00e4ljal\u00fclitus u. 60 min. m\u00f6\u00f6dumisel &#8211; ioontehnoloogia &#8211; k\u00fclma \u00f5huvoolu funktsioon loki [&hellip;]<\/p>\n","protected":false},"featured_media":14194,"comment_status":"closed","ping_status":"closed","template":"","meta":[],"product_cat":[792,710,401,280,281],"product_tag":[],"class_list":{"0":"post-14107","1":"product","2":"type-product","3":"status-publish","4":"has-post-thumbnail","6":"product_cat-uued-tooted","7":"product_cat-cera-professional","8":"product_cat-juuksuri-tarvikud","9":"product_cat-elektrilised-toovahendid","10":"product_cat-lokitangid","12":"first","13":"instock","14":"taxable","15":"shipping-taxable","16":"purchasable","17":"product-type-simple"},"_links":{"self":[{"href":"https:\/\/saxsim.ee\/swp\/wp-json\/wp\/v2\/product\/14107"}],"collection":[{"href":"https:\/\/saxsim.ee\/swp\/wp-json\/wp\/v2\/product"}],"about":[{"href":"https:\/\/saxsim.ee\/swp\/wp-json\/wp\/v2\/types\/product"}],"replies":[{"embeddable":true,"href":"https:\/\/saxsim.ee\/swp\/wp-json\/wp\/v2\/comments?post=14107"}],"wp:featuredmedia":[{"embeddable":true,"href":"https:\/\/saxsim.ee\/swp\/wp-json\/wp\/v2\/media\/14194"}],"wp:attachment":[{"href":"https:\/\/saxsim.ee\/swp\/wp-json\/wp\/v2\/media?parent=14107"}],"wp:term":[{"taxonomy":"product_cat","embeddable":true,"href":"https:\/\/saxsim.ee\/swp\/wp-json\/wp\/v2\/product_cat?post=14107"},{"taxonomy":"product_tag","embeddable":true,"href":"https:\/\/saxsim.ee\/swp\/wp-json\/wp\/v2\/product_tag?post=14107"}],"curies":[{"name":"wp","href":"https:\/\/api.w.org\/{rel}","templated":true}]}}