{"id":14106,"date":"2025-01-17T09:14:15","date_gmt":"2025-01-17T07:14:15","guid":{"rendered":"https:\/\/saxsim.ee\/swp\/?post_type=product&#038;p=14106"},"modified":"2025-02-15T09:38:29","modified_gmt":"2025-02-15T07:38:29","slug":"child-cape-jungle-laste-loikuslina","status":"publish","type":"product","link":"https:\/\/saxsim.ee\/swp\/product\/child-cape-jungle-laste-loikuslina\/","title":{"rendered":"Child Cape &#8211; Jungle &#8211; laste l\u00f5ikuslina"},"content":{"rendered":"<p>Suurus &#8211; 90*125 cm.<\/p>\n<p>Kinnitus \u2013 haakidega, elastne kaelus<\/p>\n<p>Kaeluse max. \u00fcmberm\u00f5\u00f5t \u2013 u. 43,0 cm.<\/p>\n<p>Materjal &#8211; veekindel pol\u00fcester<\/p>\n<p>K\u00e4eavadeta<\/p>\n<p><strong>Hooldus:<\/strong><\/p>\n<p>masinpesu madalal temperatuuril<\/p>\n<p>kuivatada soovitavalt n\u00f6\u00f6ril. Trummelkuivatus ainult madalatel p\u00f6\u00f6retel!<\/p>\n<p>pesemisel \u00e4rge kunagi kasutage vedelaid valgendusvahendeid!<\/p>\n","protected":false},"excerpt":{"rendered":"<p>Suurus &#8211; 90*125 cm. Kinnitus \u2013 haakidega, elastne kaelus Kaeluse max. \u00fcmberm\u00f5\u00f5t \u2013 u. 43,0 cm. Materjal &#8211; veekindel pol\u00fcester K\u00e4eavadeta Hooldus: masinpesu madalal temperatuuril kuivatada soovitavalt n\u00f6\u00f6ril. Trummelkuivatus ainult madalatel p\u00f6\u00f6retel! pesemisel \u00e4rge kunagi kasutage vedelaid valgendusvahendeid!<\/p>\n","protected":false},"featured_media":14197,"comment_status":"closed","ping_status":"closed","template":"","meta":[],"product_cat":[792,401,296,860],"product_tag":[],"class_list":{"0":"post-14106","1":"product","2":"type-product","3":"status-publish","4":"has-post-thumbnail","6":"product_cat-uued-tooted","7":"product_cat-juuksuri-tarvikud","8":"product_cat-loikus-ja-varvilinad","9":"product_cat-laste-loikuslina","11":"first","12":"instock","13":"taxable","14":"shipping-taxable","15":"purchasable","16":"product-type-simple"},"_links":{"self":[{"href":"https:\/\/saxsim.ee\/swp\/wp-json\/wp\/v2\/product\/14106"}],"collection":[{"href":"https:\/\/saxsim.ee\/swp\/wp-json\/wp\/v2\/product"}],"about":[{"href":"https:\/\/saxsim.ee\/swp\/wp-json\/wp\/v2\/types\/product"}],"replies":[{"embeddable":true,"href":"https:\/\/saxsim.ee\/swp\/wp-json\/wp\/v2\/comments?post=14106"}],"wp:featuredmedia":[{"embeddable":true,"href":"https:\/\/saxsim.ee\/swp\/wp-json\/wp\/v2\/media\/14197"}],"wp:attachment":[{"href":"https:\/\/saxsim.ee\/swp\/wp-json\/wp\/v2\/media?parent=14106"}],"wp:term":[{"taxonomy":"product_cat","embeddable":true,"href":"https:\/\/saxsim.ee\/swp\/wp-json\/wp\/v2\/product_cat?post=14106"},{"taxonomy":"product_tag","embeddable":true,"href":"https:\/\/saxsim.ee\/swp\/wp-json\/wp\/v2\/product_tag?post=14106"}],"curies":[{"name":"wp","href":"https:\/\/api.w.org\/{rel}","templated":true}]}}